{"id":1200,"date":"2020-02-17T09:56:50","date_gmt":"2020-02-17T09:56:50","guid":{"rendered":"https:\/\/site.bistec.com.br\/vestuario\/produto\/maroon-tshirt\/"},"modified":"2024-09-30T16:31:04","modified_gmt":"2024-09-30T19:31:04","slug":"maroon-tshirt","status":"publish","type":"product","link":"https:\/\/site.bistec.com.pt\/vestuario\/produto\/maroon-tshirt\/","title":{"rendered":"Camisa Tecido Misto Slim Fit"},"content":{"rendered":"<p>Fabricada na modelagem slim fit, tecido misto 65% poli\u00e9ster e 35% algod\u00e3o com bordado da cor da pe\u00e7a. Perfeita para o dia a dia de trabalho e\u00a0para eventos sociais<\/p>\n","protected":false},"excerpt":{"rendered":"<p>Fabricada na modelagem slim fit, tecido misto 65% poli\u00e9ster e 35% algod\u00e3o com bordado da cor da pe\u00e7a. Perfeita para o dia a dia de trabalho e\u00a0para eventos sociais<\/p>\n","protected":false},"featured_media":2641,"comment_status":"open","ping_status":"closed","template":"","meta":{"_uag_custom_page_level_css":"","site-sidebar-layout":"default","site-content-layout":"default","ast-site-content-layout":"default","site-content-style":"default","site-sidebar-style":"default","ast-global-header-display":"","ast-banner-title-visibility":"","ast-main-header-display":"","ast-hfb-above-header-display":"","ast-hfb-below-header-display":"","ast-hfb-mobile-header-display":"","site-post-title":"","ast-breadcrumbs-content":"","ast-featured-img":"disabled","footer-sml-layout":"","theme-transparent-header-meta":"default","adv-header-id-meta":"","stick-header-meta":"default","header-above-stick-meta":"","header-main-stick-meta":"","header-below-stick-meta":"","astra-migrate-meta-layouts":"set","ast-page-background-enabled":"default","ast-page-background-meta":{"desktop":{"background-color":"","background-image":"","background-repeat":"repeat","background-position":"center center","background-size":"auto","background-attachment":"scroll","background-type":"","background-media":"","overlay-type":"","overlay-color":"","overlay-opacity":"","overlay-gradient":""},"tablet":{"background-color":"","background-image":"","background-repeat":"repeat","background-position":"center center","background-size":"auto","background-attachment":"scroll","background-type":"","background-media":"","overlay-type":"","overlay-color":"","overlay-opacity":"","overlay-gradient":""},"mobile":{"background-color":"","background-image":"","background-repeat":"repeat","background-position":"center center","background-size":"auto","background-attachment":"scroll","background-type":"","background-media":"","overlay-type":"","overlay-color":"","overlay-opacity":"","overlay-gradient":""}},"ast-content-background-meta":{"desktop":{"background-color":"var(--ast-global-color-5)","background-image":"","background-repeat":"repeat","background-position":"center center","background-size":"auto","background-attachment":"scroll","background-type":"","background-media":"","overlay-type":"","overlay-color":"","overlay-opacity":"","overlay-gradient":""},"tablet":{"background-color":"var(--ast-global-color-5)","background-image":"","background-repeat":"repeat","background-position":"center center","background-size":"auto","background-attachment":"scroll","background-type":"","background-media":"","overlay-type":"","overlay-color":"","overlay-opacity":"","overlay-gradient":""},"mobile":{"background-color":"var(--ast-global-color-5)","background-image":"","background-repeat":"repeat","background-position":"center center","background-size":"auto","background-attachment":"scroll","background-type":"","background-media":"","overlay-type":"","overlay-color":"","overlay-opacity":"","overlay-gradient":""}}},"product_brand":[],"product_cat":[46],"product_tag":[],"class_list":{"0":"post-1200","1":"product","2":"type-product","3":"status-publish","4":"has-post-thumbnail","6":"product_cat-camisas","7":"desktop-align-left","8":"tablet-align-left","9":"mobile-align-center","11":"first","12":"instock","13":"taxable","14":"shipping-taxable","15":"purchasable","16":"product-type-simple"},"yoast_head":"<!-- This site is optimized with the Yoast SEO plugin v24.7 - https:\/\/yoast.com\/wordpress\/plugins\/seo\/ -->\n<title>Camisa Tecido Misto Slim Fit - Site modelo Bistec para Vestu\u00e1rio<\/title>\n<meta name=\"robots\" content=\"index, follow, max-snippet:-1, max-image-preview:large, max-video-preview:-1\" \/>\n<link rel=\"canonical\" href=\"https:\/\/site.bistec.com.pt\/vestuario\/produto\/maroon-tshirt\/\" \/>\n<meta property=\"og:locale\" content=\"pt_BR\" \/>\n<meta property=\"og:type\" content=\"article\" \/>\n<meta property=\"og:title\" content=\"Camisa Tecido Misto Slim Fit - Site modelo Bistec para Vestu\u00e1rio\" \/>\n<meta property=\"og:description\" content=\"Fabricada na modelagem slim fit, tecido misto 65% poli\u00e9ster e 35% algod\u00e3o com bordado da cor da pe\u00e7a. Perfeita para o dia a dia de trabalho e\u00a0para eventos sociais\" \/>\n<meta property=\"og:url\" content=\"https:\/\/site.bistec.com.pt\/vestuario\/produto\/maroon-tshirt\/\" \/>\n<meta property=\"og:site_name\" content=\"Site modelo Bistec para Vestu\u00e1rio\" \/>\n<meta property=\"article:modified_time\" content=\"2024-09-30T19:31:04+00:00\" \/>\n<meta property=\"og:image\" content=\"https:\/\/site.bistec.com.pt\/vestuario\/wp-content\/uploads\/2020\/02\/Camisa-Tecido-Misto-Slim-Fit.jpeg\" \/>\n\t<meta property=\"og:image:width\" content=\"1024\" \/>\n\t<meta property=\"og:image:height\" content=\"1024\" \/>\n\t<meta property=\"og:image:type\" content=\"image\/jpeg\" \/>\n<meta name=\"twitter:card\" content=\"summary_large_image\" \/>\n<meta name=\"twitter:label1\" content=\"Est. tempo de leitura\" \/>\n\t<meta name=\"twitter:data1\" content=\"1 minuto\" \/>\n<script type=\"application\/ld+json\" class=\"yoast-schema-graph\">{\"@context\":\"https:\/\/schema.org\",\"@graph\":[{\"@type\":\"WebPage\",\"@id\":\"https:\/\/site.bistec.com.pt\/vestuario\/produto\/maroon-tshirt\/\",\"url\":\"https:\/\/site.bistec.com.pt\/vestuario\/produto\/maroon-tshirt\/\",\"name\":\"Camisa Tecido Misto Slim Fit - Site modelo Bistec para Vestu\u00e1rio\",\"isPartOf\":{\"@id\":\"https:\/\/site.bistec.com.pt\/vestuario\/#website\"},\"primaryImageOfPage\":{\"@id\":\"https:\/\/site.bistec.com.pt\/vestuario\/produto\/maroon-tshirt\/#primaryimage\"},\"image\":{\"@id\":\"https:\/\/site.bistec.com.pt\/vestuario\/produto\/maroon-tshirt\/#primaryimage\"},\"thumbnailUrl\":\"https:\/\/site.bistec.com.pt\/vestuario\/wp-content\/uploads\/2020\/02\/Camisa-Tecido-Misto-Slim-Fit.jpeg\",\"datePublished\":\"2020-02-17T09:56:50+00:00\",\"dateModified\":\"2024-09-30T19:31:04+00:00\",\"breadcrumb\":{\"@id\":\"https:\/\/site.bistec.com.pt\/vestuario\/produto\/maroon-tshirt\/#breadcrumb\"},\"inLanguage\":\"pt-BR\",\"potentialAction\":[{\"@type\":\"ReadAction\",\"target\":[\"https:\/\/site.bistec.com.pt\/vestuario\/produto\/maroon-tshirt\/\"]}]},{\"@type\":\"ImageObject\",\"inLanguage\":\"pt-BR\",\"@id\":\"https:\/\/site.bistec.com.pt\/vestuario\/produto\/maroon-tshirt\/#primaryimage\",\"url\":\"https:\/\/site.bistec.com.pt\/vestuario\/wp-content\/uploads\/2020\/02\/Camisa-Tecido-Misto-Slim-Fit.jpeg\",\"contentUrl\":\"https:\/\/site.bistec.com.pt\/vestuario\/wp-content\/uploads\/2020\/02\/Camisa-Tecido-Misto-Slim-Fit.jpeg\",\"width\":1024,\"height\":1024},{\"@type\":\"BreadcrumbList\",\"@id\":\"https:\/\/site.bistec.com.pt\/vestuario\/produto\/maroon-tshirt\/#breadcrumb\",\"itemListElement\":[{\"@type\":\"ListItem\",\"position\":1,\"name\":\"In\u00edcio\",\"item\":\"https:\/\/site.bistec.com.pt\/vestuario\/\"},{\"@type\":\"ListItem\",\"position\":2,\"name\":\"Loja\",\"item\":\"https:\/\/site.bistec.com.pt\/vestuario\/store\/\"},{\"@type\":\"ListItem\",\"position\":3,\"name\":\"Camisa Tecido Misto Slim Fit\"}]},{\"@type\":\"WebSite\",\"@id\":\"https:\/\/site.bistec.com.pt\/vestuario\/#website\",\"url\":\"https:\/\/site.bistec.com.pt\/vestuario\/\",\"name\":\"Site modelo Bistec para Vestu\u00e1rio\",\"description\":\"\",\"publisher\":{\"@id\":\"https:\/\/site.bistec.com.pt\/vestuario\/#organization\"},\"potentialAction\":[{\"@type\":\"SearchAction\",\"target\":{\"@type\":\"EntryPoint\",\"urlTemplate\":\"https:\/\/site.bistec.com.pt\/vestuario\/?s={search_term_string}\"},\"query-input\":{\"@type\":\"PropertyValueSpecification\",\"valueRequired\":true,\"valueName\":\"search_term_string\"}}],\"inLanguage\":\"pt-BR\"},{\"@type\":\"Organization\",\"@id\":\"https:\/\/site.bistec.com.pt\/vestuario\/#organization\",\"name\":\"Site modelo Bistec para Vestu\u00e1rio\",\"url\":\"https:\/\/site.bistec.com.pt\/vestuario\/\",\"logo\":{\"@type\":\"ImageObject\",\"inLanguage\":\"pt-BR\",\"@id\":\"https:\/\/site.bistec.com.pt\/vestuario\/#\/schema\/logo\/image\/\",\"url\":\"https:\/\/site.bistec.com.pt\/vestuario\/wp-content\/uploads\/2024\/03\/e-removebg-preview.png\",\"contentUrl\":\"https:\/\/site.bistec.com.pt\/vestuario\/wp-content\/uploads\/2024\/03\/e-removebg-preview.png\",\"width\":500,\"height\":500,\"caption\":\"Site modelo Bistec para Vestu\u00e1rio\"},\"image\":{\"@id\":\"https:\/\/site.bistec.com.pt\/vestuario\/#\/schema\/logo\/image\/\"}}]}<\/script>\n<!-- \/ Yoast SEO plugin. -->","yoast_head_json":{"title":"Camisa Tecido Misto Slim Fit - Site modelo Bistec para Vestu\u00e1rio","robots":{"index":"index","follow":"follow","max-snippet":"max-snippet:-1","max-image-preview":"max-image-preview:large","max-video-preview":"max-video-preview:-1"},"canonical":"https:\/\/site.bistec.com.pt\/vestuario\/produto\/maroon-tshirt\/","og_locale":"pt_BR","og_type":"article","og_title":"Camisa Tecido Misto Slim Fit - Site modelo Bistec para Vestu\u00e1rio","og_description":"Fabricada na modelagem slim fit, tecido misto 65% poli\u00e9ster e 35% algod\u00e3o com bordado da cor da pe\u00e7a. Perfeita para o dia a dia de trabalho e\u00a0para eventos sociais","og_url":"https:\/\/site.bistec.com.pt\/vestuario\/produto\/maroon-tshirt\/","og_site_name":"Site modelo Bistec para Vestu\u00e1rio","article_modified_time":"2024-09-30T19:31:04+00:00","og_image":[{"width":1024,"height":1024,"url":"https:\/\/site.bistec.com.pt\/vestuario\/wp-content\/uploads\/2020\/02\/Camisa-Tecido-Misto-Slim-Fit.jpeg","type":"image\/jpeg"}],"twitter_card":"summary_large_image","twitter_misc":{"Est. tempo de leitura":"1 minuto"},"schema":{"@context":"https:\/\/schema.org","@graph":[{"@type":"WebPage","@id":"https:\/\/site.bistec.com.pt\/vestuario\/produto\/maroon-tshirt\/","url":"https:\/\/site.bistec.com.pt\/vestuario\/produto\/maroon-tshirt\/","name":"Camisa Tecido Misto Slim Fit - Site modelo Bistec para Vestu\u00e1rio","isPartOf":{"@id":"https:\/\/site.bistec.com.pt\/vestuario\/#website"},"primaryImageOfPage":{"@id":"https:\/\/site.bistec.com.pt\/vestuario\/produto\/maroon-tshirt\/#primaryimage"},"image":{"@id":"https:\/\/site.bistec.com.pt\/vestuario\/produto\/maroon-tshirt\/#primaryimage"},"thumbnailUrl":"https:\/\/site.bistec.com.pt\/vestuario\/wp-content\/uploads\/2020\/02\/Camisa-Tecido-Misto-Slim-Fit.jpeg","datePublished":"2020-02-17T09:56:50+00:00","dateModified":"2024-09-30T19:31:04+00:00","breadcrumb":{"@id":"https:\/\/site.bistec.com.pt\/vestuario\/produto\/maroon-tshirt\/#breadcrumb"},"inLanguage":"pt-BR","potentialAction":[{"@type":"ReadAction","target":["https:\/\/site.bistec.com.pt\/vestuario\/produto\/maroon-tshirt\/"]}]},{"@type":"ImageObject","inLanguage":"pt-BR","@id":"https:\/\/site.bistec.com.pt\/vestuario\/produto\/maroon-tshirt\/#primaryimage","url":"https:\/\/site.bistec.com.pt\/vestuario\/wp-content\/uploads\/2020\/02\/Camisa-Tecido-Misto-Slim-Fit.jpeg","contentUrl":"https:\/\/site.bistec.com.pt\/vestuario\/wp-content\/uploads\/2020\/02\/Camisa-Tecido-Misto-Slim-Fit.jpeg","width":1024,"height":1024},{"@type":"BreadcrumbList","@id":"https:\/\/site.bistec.com.pt\/vestuario\/produto\/maroon-tshirt\/#breadcrumb","itemListElement":[{"@type":"ListItem","position":1,"name":"In\u00edcio","item":"https:\/\/site.bistec.com.pt\/vestuario\/"},{"@type":"ListItem","position":2,"name":"Loja","item":"https:\/\/site.bistec.com.pt\/vestuario\/store\/"},{"@type":"ListItem","position":3,"name":"Camisa Tecido Misto Slim Fit"}]},{"@type":"WebSite","@id":"https:\/\/site.bistec.com.pt\/vestuario\/#website","url":"https:\/\/site.bistec.com.pt\/vestuario\/","name":"Site modelo Bistec para Vestu\u00e1rio","description":"","publisher":{"@id":"https:\/\/site.bistec.com.pt\/vestuario\/#organization"},"potentialAction":[{"@type":"SearchAction","target":{"@type":"EntryPoint","urlTemplate":"https:\/\/site.bistec.com.pt\/vestuario\/?s={search_term_string}"},"query-input":{"@type":"PropertyValueSpecification","valueRequired":true,"valueName":"search_term_string"}}],"inLanguage":"pt-BR"},{"@type":"Organization","@id":"https:\/\/site.bistec.com.pt\/vestuario\/#organization","name":"Site modelo Bistec para Vestu\u00e1rio","url":"https:\/\/site.bistec.com.pt\/vestuario\/","logo":{"@type":"ImageObject","inLanguage":"pt-BR","@id":"https:\/\/site.bistec.com.pt\/vestuario\/#\/schema\/logo\/image\/","url":"https:\/\/site.bistec.com.pt\/vestuario\/wp-content\/uploads\/2024\/03\/e-removebg-preview.png","contentUrl":"https:\/\/site.bistec.com.pt\/vestuario\/wp-content\/uploads\/2024\/03\/e-removebg-preview.png","width":500,"height":500,"caption":"Site modelo Bistec para Vestu\u00e1rio"},"image":{"@id":"https:\/\/site.bistec.com.pt\/vestuario\/#\/schema\/logo\/image\/"}}]}},"uagb_featured_image_src":{"full":["https:\/\/site.bistec.com.pt\/vestuario\/wp-content\/uploads\/2020\/02\/Camisa-Tecido-Misto-Slim-Fit.jpeg",1024,1024,false],"thumbnail":["https:\/\/site.bistec.com.pt\/vestuario\/wp-content\/uploads\/2020\/02\/Camisa-Tecido-Misto-Slim-Fit-150x150.jpeg",150,150,true],"medium":["https:\/\/site.bistec.com.pt\/vestuario\/wp-content\/uploads\/2020\/02\/Camisa-Tecido-Misto-Slim-Fit-300x300.jpeg",300,300,true],"medium_large":["https:\/\/site.bistec.com.pt\/vestuario\/wp-content\/uploads\/2020\/02\/Camisa-Tecido-Misto-Slim-Fit-768x768.jpeg",768,768,true],"large":["https:\/\/site.bistec.com.pt\/vestuario\/wp-content\/uploads\/2020\/02\/Camisa-Tecido-Misto-Slim-Fit.jpeg",1024,1024,false],"1536x1536":["https:\/\/site.bistec.com.pt\/vestuario\/wp-content\/uploads\/2020\/02\/Camisa-Tecido-Misto-Slim-Fit.jpeg",1024,1024,false],"2048x2048":["https:\/\/site.bistec.com.pt\/vestuario\/wp-content\/uploads\/2020\/02\/Camisa-Tecido-Misto-Slim-Fit.jpeg",1024,1024,false],"woocommerce_thumbnail":["https:\/\/site.bistec.com.pt\/vestuario\/wp-content\/uploads\/2020\/02\/Camisa-Tecido-Misto-Slim-Fit-300x300.jpeg",300,300,true],"woocommerce_single":["https:\/\/site.bistec.com.pt\/vestuario\/wp-content\/uploads\/2020\/02\/Camisa-Tecido-Misto-Slim-Fit-600x600.jpeg",600,600,true],"woocommerce_gallery_thumbnail":["https:\/\/site.bistec.com.pt\/vestuario\/wp-content\/uploads\/2020\/02\/Camisa-Tecido-Misto-Slim-Fit-100x100.jpeg",100,100,true]},"uagb_author_info":{"display_name":"RODRIGO CABRERA","author_link":"https:\/\/site.bistec.com.pt\/vestuario\/author\/"},"uagb_comment_info":0,"uagb_excerpt":"Fabricada na modelagem slim fit, tecido misto 65% poli\u00e9ster e 35% algod\u00e3o com bordado da cor da pe\u00e7a. Perfeita para o dia a dia de trabalho e\u00a0para eventos sociais","_links":{"self":[{"href":"https:\/\/site.bistec.com.pt\/vestuario\/wp-json\/wp\/v2\/product\/1200","targetHints":{"allow":["GET"]}}],"collection":[{"href":"https:\/\/site.bistec.com.pt\/vestuario\/wp-json\/wp\/v2\/product"}],"about":[{"href":"https:\/\/site.bistec.com.pt\/vestuario\/wp-json\/wp\/v2\/types\/product"}],"replies":[{"embeddable":true,"href":"https:\/\/site.bistec.com.pt\/vestuario\/wp-json\/wp\/v2\/comments?post=1200"}],"wp:featuredmedia":[{"embeddable":true,"href":"https:\/\/site.bistec.com.pt\/vestuario\/wp-json\/wp\/v2\/media\/2641"}],"wp:attachment":[{"href":"https:\/\/site.bistec.com.pt\/vestuario\/wp-json\/wp\/v2\/media?parent=1200"}],"wp:term":[{"taxonomy":"product_brand","embeddable":true,"href":"https:\/\/site.bistec.com.pt\/vestuario\/wp-json\/wp\/v2\/product_brand?post=1200"},{"taxonomy":"product_cat","embeddable":true,"href":"https:\/\/site.bistec.com.pt\/vestuario\/wp-json\/wp\/v2\/product_cat?post=1200"},{"taxonomy":"product_tag","embeddable":true,"href":"https:\/\/site.bistec.com.pt\/vestuario\/wp-json\/wp\/v2\/product_tag?post=1200"}],"curies":[{"name":"wp","href":"https:\/\/api.w.org\/{rel}","templated":true}]}}