{"id":713,"date":"2021-01-23T13:47:00","date_gmt":"2021-01-23T10:47:00","guid":{"rendered":"http:\/\/www.grafas.org\/demo07\/?page_id=713"},"modified":"2024-06-04T15:44:52","modified_gmt":"2024-06-04T14:44:52","slug":"sobre","status":"publish","type":"page","link":"https:\/\/site.bistec.com.pt\/transporte\/sobre\/","title":{"rendered":"Sobre"},"content":{"rendered":"\t\t<div data-elementor-type=\"wp-page\" data-elementor-id=\"713\" class=\"elementor elementor-713\" data-elementor-post-type=\"page\">\n\t\t\t\t\t\t<section class=\"elementor-section elementor-top-section elementor-element elementor-element-d1b8091 elementor-section-height-min-height elementor-section-items-bottom elementor-section-boxed elementor-section-height-default\" data-id=\"d1b8091\" data-element_type=\"section\" data-settings=\"{&quot;background_background&quot;:&quot;classic&quot;}\">\n\t\t\t\t\t\t\t<div class=\"elementor-background-overlay\"><\/div>\n\t\t\t\t\t\t\t<div class=\"elementor-container elementor-column-gap-default\">\n\t\t\t\t\t<div class=\"elementor-column elementor-col-50 elementor-top-column elementor-element elementor-element-8ef2c6d\" data-id=\"8ef2c6d\" data-element_type=\"column\">\n\t\t\t<div class=\"elementor-widget-wrap elementor-element-populated\">\n\t\t\t\t\t\t<div class=\"elementor-element elementor-element-2ca1a76 elementor-widget elementor-widget-heading\" data-id=\"2ca1a76\" data-element_type=\"widget\" data-widget_type=\"heading.default\">\n\t\t\t\t<div class=\"elementor-widget-container\">\n\t\t\t\t\t<h1 class=\"elementor-heading-title elementor-size-default\">Sobre<\/h1>\t\t\t\t<\/div>\n\t\t\t\t<\/div>\n\t\t\t\t\t<\/div>\n\t\t<\/div>\n\t\t\t\t<div class=\"elementor-column elementor-col-50 elementor-top-column elementor-element elementor-element-26f37cc\" data-id=\"26f37cc\" data-element_type=\"column\">\n\t\t\t<div class=\"elementor-widget-wrap\">\n\t\t\t\t\t\t\t<\/div>\n\t\t<\/div>\n\t\t\t\t\t<\/div>\n\t\t<\/section>\n\t\t\t\t<section class=\"elementor-section elementor-top-section elementor-element elementor-element-38e54e7 elementor-section-full_width elementor-section-height-default elementor-section-height-default\" data-id=\"38e54e7\" data-element_type=\"section\" data-settings=\"{&quot;background_background&quot;:&quot;classic&quot;}\">\n\t\t\t\t\t\t\t<div class=\"elementor-background-overlay\"><\/div>\n\t\t\t\t\t\t\t<div class=\"elementor-container elementor-column-gap-no\">\n\t\t\t\t\t<div class=\"elementor-column elementor-col-100 elementor-top-column elementor-element elementor-element-5d1548c\" data-id=\"5d1548c\" data-element_type=\"column\">\n\t\t\t<div class=\"elementor-widget-wrap elementor-element-populated\">\n\t\t\t\t\t\t<section class=\"elementor-section elementor-inner-section elementor-element elementor-element-ef57aca elementor-section-boxed elementor-section-height-default elementor-section-height-default\" data-id=\"ef57aca\" data-element_type=\"section\">\n\t\t\t\t\t\t\t<div class=\"elementor-background-overlay\"><\/div>\n\t\t\t\t\t\t\t<div class=\"elementor-container elementor-column-gap-default\">\n\t\t\t\t\t<div class=\"elementor-column elementor-col-50 elementor-inner-column elementor-element elementor-element-c9876ac\" data-id=\"c9876ac\" data-element_type=\"column\">\n\t\t\t<div class=\"elementor-widget-wrap elementor-element-populated\">\n\t\t\t\t\t\t<div class=\"elementor-element elementor-element-c5a0b87 elementor-widget elementor-widget-image\" data-id=\"c5a0b87\" data-element_type=\"widget\" data-widget_type=\"image.default\">\n\t\t\t\t<div class=\"elementor-widget-container\">\n\t\t\t\t\t\t\t\t\t\t\t\t\t\t\t<img fetchpriority=\"high\" decoding=\"async\" width=\"1024\" height=\"728\" src=\"https:\/\/site.bistec.com.pt\/transporte\/wp-content\/uploads\/2024\/06\/pexels-jopwell-2422293-1024x728-1.jpg\" class=\"attachment-large size-large wp-image-1014\" alt=\"\" srcset=\"https:\/\/site.bistec.com.pt\/transporte\/wp-content\/uploads\/2024\/06\/pexels-jopwell-2422293-1024x728-1.jpg 1024w, https:\/\/site.bistec.com.pt\/transporte\/wp-content\/uploads\/2024\/06\/pexels-jopwell-2422293-1024x728-1-300x213.jpg 300w, https:\/\/site.bistec.com.pt\/transporte\/wp-content\/uploads\/2024\/06\/pexels-jopwell-2422293-1024x728-1-768x546.jpg 768w\" sizes=\"(max-width: 1024px) 100vw, 1024px\" \/>\t\t\t\t\t\t\t\t\t\t\t\t\t\t\t<\/div>\n\t\t\t\t<\/div>\n\t\t\t\t\t<\/div>\n\t\t<\/div>\n\t\t\t\t<div class=\"elementor-column elementor-col-50 elementor-inner-column elementor-element elementor-element-ed3148b\" data-id=\"ed3148b\" data-element_type=\"column\" data-settings=\"{&quot;animation_tablet&quot;:&quot;zoomInUp&quot;}\">\n\t\t\t<div class=\"elementor-widget-wrap elementor-element-populated\">\n\t\t\t\t\t\t<div class=\"elementor-element elementor-element-545f8d4 elementor-widget__width-initial elementor-widget elementor-widget-heading\" data-id=\"545f8d4\" data-element_type=\"widget\" data-widget_type=\"heading.default\">\n\t\t\t\t<div class=\"elementor-widget-container\">\n\t\t\t\t\t<h2 class=\"elementor-heading-title elementor-size-default\">Bistec Transportes em Log\u00edstica<\/h2>\t\t\t\t<\/div>\n\t\t\t\t<\/div>\n\t\t\t\t<div class=\"elementor-element elementor-element-0c88844 elementor-widget elementor-widget-text-editor\" data-id=\"0c88844\" data-element_type=\"widget\" data-widget_type=\"text-editor.default\">\n\t\t\t\t<div class=\"elementor-widget-container\">\n\t\t\t\t\t\t\t\t\t<div class=\"flex-shrink-0 flex flex-col relative items-end\"><div><div class=\"pt-0.5 juice:pt-0\"><div class=\"gizmo-bot-avatar flex h-6 w-6 items-center justify-center overflow-hidden rounded-full juice:h-8 juice:w-8\"><div class=\"relative p-1 rounded-sm flex items-center justify-center bg-token-main-surface-primary text-token-text-primary h-6 w-6\"><span style=\"font-family: var(--global-body-font-family);\">Na Bistec Log\u00edstica, dedicamo-nos a proporcionar aos nossos clientes as melhores solu\u00e7\u00f5es log\u00edsticas. Como equipa, acreditamos na integridade e profissionalismo, e esfor\u00e7amo-nos sempre por oferecer servi\u00e7os excecionais.<\/span><\/div><\/div><\/div><\/div><\/div><div class=\"group\/conversation-turn relative flex w-full min-w-0 flex-col agent-turn\"><div class=\"flex-col gap-1 md:gap-3\"><div class=\"flex flex-grow flex-col max-w-full\"><div class=\"min-h-[20px] text-message flex flex-col items-start whitespace-pre-wrap break-words [.text-message+&amp;]:mt-5 juice:w-full juice:items-end overflow-x-auto gap-3\" dir=\"auto\" data-message-author-role=\"assistant\" data-message-id=\"030ae77e-a3ff-4765-817b-be4d49931beb\"><div class=\"markdown prose w-full break-words dark:prose-invert dark\"><p>\u00a0<\/p><p>O nosso objetivo \u00e9 construir relacionamentos duradouros com os nossos clientes, ultrapassando as suas expectativas e fornecendo solu\u00e7\u00f5es de transporte eficientes. Com a nossa experi\u00eancia, garantimos servi\u00e7os de log\u00edstica sem complica\u00e7\u00f5es, permitindo-lhe focar-se no seu core business.<\/p><\/div><\/div><\/div><\/div><\/div>\t\t\t\t\t\t\t\t<\/div>\n\t\t\t\t<\/div>\n\t\t\t\t\t<\/div>\n\t\t<\/div>\n\t\t\t\t\t<\/div>\n\t\t<\/section>\n\t\t\t\t<section class=\"elementor-section elementor-inner-section elementor-element elementor-element-b6707a1 elementor-section-boxed elementor-section-height-default elementor-section-height-default elementor-invisible\" data-id=\"b6707a1\" data-element_type=\"section\" data-settings=\"{&quot;animation&quot;:&quot;fadeInUp&quot;,&quot;animation_delay&quot;:220}\">\n\t\t\t\t\t\t<div class=\"elementor-container elementor-column-gap-default\">\n\t\t\t\t\t<div class=\"elementor-column elementor-col-50 elementor-inner-column elementor-element elementor-element-506a219\" data-id=\"506a219\" data-element_type=\"column\">\n\t\t\t<div class=\"elementor-widget-wrap elementor-element-populated\">\n\t\t\t\t\t\t<div class=\"elementor-element elementor-element-c61f591 elementor-widget elementor-widget-heading\" data-id=\"c61f591\" data-element_type=\"widget\" data-widget_type=\"heading.default\">\n\t\t\t\t<div class=\"elementor-widget-container\">\n\t\t\t\t\t<h3 class=\"elementor-heading-title elementor-size-default\"><h3 style=\"font-family: var(--global-heading-font-family); white-space-collapse: collapse;\">As nossas principais compet\u00eancias<\/h3><\/h3>\t\t\t\t<\/div>\n\t\t\t\t<\/div>\n\t\t\t\t<div class=\"elementor-element elementor-element-1c04509 elementor-widget elementor-widget-text-editor\" data-id=\"1c04509\" data-element_type=\"widget\" data-widget_type=\"text-editor.default\">\n\t\t\t\t<div class=\"elementor-widget-container\">\n\t\t\t\t\t\t\t\t\t<p>As nossas principais compet\u00eancias residem no transporte rodovi\u00e1rio, log\u00edstica aqu\u00e1tica e gest\u00e3o de cargas, facilitadas por tecnologia pr\u00f3pria e uma equipa de especialistas dedicados a alcan\u00e7ar os melhores resultados poss\u00edveis para os nossos clientes.<\/p>\t\t\t\t\t\t\t\t<\/div>\n\t\t\t\t<\/div>\n\t\t\t\t\t<\/div>\n\t\t<\/div>\n\t\t\t\t<div class=\"elementor-column elementor-col-50 elementor-inner-column elementor-element elementor-element-73cc05f\" data-id=\"73cc05f\" data-element_type=\"column\">\n\t\t\t<div class=\"elementor-widget-wrap elementor-element-populated\">\n\t\t\t\t\t\t<div class=\"elementor-element elementor-element-c410284 elementor-widget elementor-widget-image\" data-id=\"c410284\" data-element_type=\"widget\" data-widget_type=\"image.default\">\n\t\t\t\t<div class=\"elementor-widget-container\">\n\t\t\t\t\t\t\t\t\t\t\t\t\t\t\t<img decoding=\"async\" width=\"683\" height=\"1024\" src=\"https:\/\/site.bistec.com.pt\/transporte\/wp-content\/uploads\/2024\/06\/team-working-together-project-scaled-1-683x1024.jpg\" class=\"attachment-large size-large wp-image-1013\" alt=\"\" srcset=\"https:\/\/site.bistec.com.pt\/transporte\/wp-content\/uploads\/2024\/06\/team-working-together-project-scaled-1-683x1024.jpg 683w, https:\/\/site.bistec.com.pt\/transporte\/wp-content\/uploads\/2024\/06\/team-working-together-project-scaled-1-200x300.jpg 200w, https:\/\/site.bistec.com.pt\/transporte\/wp-content\/uploads\/2024\/06\/team-working-together-project-scaled-1-768x1151.jpg 768w, https:\/\/site.bistec.com.pt\/transporte\/wp-content\/uploads\/2024\/06\/team-working-together-project-scaled-1-1025x1536.jpg 1025w, https:\/\/site.bistec.com.pt\/transporte\/wp-content\/uploads\/2024\/06\/team-working-together-project-scaled-1-1366x2048.jpg 1366w, https:\/\/site.bistec.com.pt\/transporte\/wp-content\/uploads\/2024\/06\/team-working-together-project-scaled-1.jpg 1708w\" sizes=\"(max-width: 683px) 100vw, 683px\" \/>\t\t\t\t\t\t\t\t\t\t\t\t\t\t\t<\/div>\n\t\t\t\t<\/div>\n\t\t\t\t\t<\/div>\n\t\t<\/div>\n\t\t\t\t\t<\/div>\n\t\t<\/section>\n\t\t\t\t\t<\/div>\n\t\t<\/div>\n\t\t\t\t\t<\/div>\n\t\t<\/section>\n\t\t\t\t<section class=\"elementor-section elementor-top-section elementor-element elementor-element-734944d elementor-section-full_width elementor-section-height-default elementor-section-height-default\" data-id=\"734944d\" data-element_type=\"section\" data-settings=\"{&quot;background_background&quot;:&quot;classic&quot;}\">\n\t\t\t\t\t\t\t<div class=\"elementor-background-overlay\"><\/div>\n\t\t\t\t\t\t\t<div class=\"elementor-container elementor-column-gap-default\">\n\t\t\t\t\t<div class=\"elementor-column elementor-col-100 elementor-top-column elementor-element elementor-element-0d6976f\" data-id=\"0d6976f\" data-element_type=\"column\">\n\t\t\t<div class=\"elementor-widget-wrap elementor-element-populated\">\n\t\t\t\t\t\t<div class=\"elementor-element elementor-element-da10eb7 elementor-pagination-position-outside elementor-widget elementor-widget-image-carousel\" data-id=\"da10eb7\" data-element_type=\"widget\" data-settings=\"{&quot;slides_to_show&quot;:&quot;2&quot;,&quot;navigation&quot;:&quot;dots&quot;,&quot;image_spacing_custom&quot;:{&quot;unit&quot;:&quot;px&quot;,&quot;size&quot;:10,&quot;sizes&quot;:[]},&quot;slides_to_show_tablet&quot;:&quot;1&quot;,&quot;autoplay&quot;:&quot;yes&quot;,&quot;pause_on_hover&quot;:&quot;yes&quot;,&quot;pause_on_interaction&quot;:&quot;yes&quot;,&quot;autoplay_speed&quot;:5000,&quot;infinite&quot;:&quot;yes&quot;,&quot;speed&quot;:500}\" data-widget_type=\"image-carousel.default\">\n\t\t\t\t<div class=\"elementor-widget-container\">\n\t\t\t\t\t\t\t<div class=\"elementor-image-carousel-wrapper swiper\" role=\"region\" aria-roledescription=\"carousel\" aria-label=\"Carrossel de imagens\" dir=\"ltr\">\n\t\t\t<div class=\"elementor-image-carousel swiper-wrapper swiper-image-stretch\" aria-live=\"off\">\n\t\t\t\t\t\t\t\t<div class=\"swiper-slide\" role=\"group\" aria-roledescription=\"slide\" aria-label=\"1 of 2\"><figure class=\"swiper-slide-inner\"><img decoding=\"async\" class=\"swiper-slide-image\" src=\"https:\/\/site.bistec.com.pt\/transporte\/wp-content\/uploads\/2024\/06\/container-ship-6631117_640.jpg\" alt=\"container-ship-6631117_640\" \/><\/figure><\/div><div class=\"swiper-slide\" role=\"group\" aria-roledescription=\"slide\" aria-label=\"2 of 2\"><figure class=\"swiper-slide-inner\"><img decoding=\"async\" class=\"swiper-slide-image\" src=\"https:\/\/site.bistec.com.pt\/transporte\/wp-content\/uploads\/2024\/06\/truck-crane-2582041_1280.jpg\" alt=\"truck-crane-2582041_1280\" \/><\/figure><\/div>\t\t\t<\/div>\n\t\t\t\t\t\t\t\n\t\t\t\t\t\t\t\t\t<div class=\"swiper-pagination\"><\/div>\n\t\t\t\t\t\t\t\t\t<\/div>\n\t\t\t\t\t\t<\/div>\n\t\t\t\t<\/div>\n\t\t\t\t\t<\/div>\n\t\t<\/div>\n\t\t\t\t\t<\/div>\n\t\t<\/section>\n\t\t\t\t<\/div>\n\t\t","protected":false},"excerpt":{"rendered":"<p>Sobre Bistec Transportes em Log\u00edstica Na Bistec Log\u00edstica, dedicamo-nos a proporcionar aos nossos clientes as melhores solu\u00e7\u00f5es log\u00edsticas. Como equipa, acreditamos na integridade e profissionalismo, e esfor\u00e7amo-nos sempre por oferecer servi\u00e7os excecionais. \u00a0 O nosso objetivo \u00e9 construir relacionamentos duradouros com os nossos clientes, ultrapassando as suas expectativas e fornecendo solu\u00e7\u00f5es de transporte eficientes. Com&#8230;<\/p>\n","protected":false},"author":1,"featured_media":0,"parent":0,"menu_order":3,"comment_status":"closed","ping_status":"closed","template":"","meta":{"_kad_post_transparent":"","_kad_post_title":"hide","_kad_post_layout":"fullwidth","_kad_post_sidebar_id":"","_kad_post_content_style":"unboxed","_kad_post_vertical_padding":"hide","_kad_post_feature":"hide","_kad_post_feature_position":"","_kad_post_header":false,"_kad_post_footer":false,"_joinchat":[],"footnotes":""},"class_list":["post-713","page","type-page","status-publish","hentry"],"yoast_head":"<!-- This site is optimized with the Yoast SEO plugin v24.7 - https:\/\/yoast.com\/wordpress\/plugins\/seo\/ -->\n<title>Sobre - Site modelo Bistec para Log&iacute;stica<\/title>\n<meta name=\"robots\" content=\"index, follow, max-snippet:-1, max-image-preview:large, max-video-preview:-1\" \/>\n<link rel=\"canonical\" href=\"https:\/\/site.bistec.com.pt\/transporte\/sobre\/\" \/>\n<meta property=\"og:locale\" content=\"pt_PT\" \/>\n<meta property=\"og:type\" content=\"article\" \/>\n<meta property=\"og:title\" content=\"Sobre - Site modelo Bistec para Log&iacute;stica\" \/>\n<meta property=\"og:description\" content=\"Sobre Bistec Transportes em Log\u00edstica Na Bistec Log\u00edstica, dedicamo-nos a proporcionar aos nossos clientes as melhores solu\u00e7\u00f5es log\u00edsticas. Como equipa, acreditamos na integridade e profissionalismo, e esfor\u00e7amo-nos sempre por oferecer servi\u00e7os excecionais. \u00a0 O nosso objetivo \u00e9 construir relacionamentos duradouros com os nossos clientes, ultrapassando as suas expectativas e fornecendo solu\u00e7\u00f5es de transporte eficientes. Com...\" \/>\n<meta property=\"og:url\" content=\"https:\/\/site.bistec.com.pt\/transporte\/sobre\/\" \/>\n<meta property=\"og:site_name\" content=\"Site modelo Bistec para Log&iacute;stica\" \/>\n<meta property=\"article:modified_time\" content=\"2024-06-04T14:44:52+00:00\" \/>\n<meta property=\"og:image\" content=\"https:\/\/site.bistec.com.pt\/transporte\/wp-content\/uploads\/2024\/06\/pexels-jopwell-2422293-1024x728-1.jpg\" \/>\n<meta name=\"twitter:card\" content=\"summary_large_image\" \/>\n<meta name=\"twitter:label1\" content=\"Tempo estimado de leitura\" \/>\n\t<meta name=\"twitter:data1\" content=\"1 minuto\" \/>\n<script type=\"application\/ld+json\" class=\"yoast-schema-graph\">{\"@context\":\"https:\/\/schema.org\",\"@graph\":[{\"@type\":\"WebPage\",\"@id\":\"https:\/\/site.bistec.com.pt\/transporte\/sobre\/\",\"url\":\"https:\/\/site.bistec.com.pt\/transporte\/sobre\/\",\"name\":\"Sobre - Site modelo Bistec para Log&iacute;stica\",\"isPartOf\":{\"@id\":\"https:\/\/site.bistec.com.pt\/transporte\/#website\"},\"primaryImageOfPage\":{\"@id\":\"https:\/\/site.bistec.com.pt\/transporte\/sobre\/#primaryimage\"},\"image\":{\"@id\":\"https:\/\/site.bistec.com.pt\/transporte\/sobre\/#primaryimage\"},\"thumbnailUrl\":\"https:\/\/site.bistec.com.pt\/transporte\/wp-content\/uploads\/2024\/06\/pexels-jopwell-2422293-1024x728-1.jpg\",\"datePublished\":\"2021-01-23T10:47:00+00:00\",\"dateModified\":\"2024-06-04T14:44:52+00:00\",\"breadcrumb\":{\"@id\":\"https:\/\/site.bistec.com.pt\/transporte\/sobre\/#breadcrumb\"},\"inLanguage\":\"pt-PT\",\"potentialAction\":[{\"@type\":\"ReadAction\",\"target\":[\"https:\/\/site.bistec.com.pt\/transporte\/sobre\/\"]}]},{\"@type\":\"ImageObject\",\"inLanguage\":\"pt-PT\",\"@id\":\"https:\/\/site.bistec.com.pt\/transporte\/sobre\/#primaryimage\",\"url\":\"https:\/\/site.bistec.com.pt\/transporte\/wp-content\/uploads\/2024\/06\/pexels-jopwell-2422293-1024x728-1.jpg\",\"contentUrl\":\"https:\/\/site.bistec.com.pt\/transporte\/wp-content\/uploads\/2024\/06\/pexels-jopwell-2422293-1024x728-1.jpg\",\"width\":1024,\"height\":728},{\"@type\":\"BreadcrumbList\",\"@id\":\"https:\/\/site.bistec.com.pt\/transporte\/sobre\/#breadcrumb\",\"itemListElement\":[{\"@type\":\"ListItem\",\"position\":1,\"name\":\"In\u00edcio\",\"item\":\"https:\/\/site.bistec.com.pt\/transporte\/\"},{\"@type\":\"ListItem\",\"position\":2,\"name\":\"Sobre\"}]},{\"@type\":\"WebSite\",\"@id\":\"https:\/\/site.bistec.com.pt\/transporte\/#website\",\"url\":\"https:\/\/site.bistec.com.pt\/transporte\/\",\"name\":\"Site modelo Bistec para Log&iacute;stica\",\"description\":\"Website desenvolvido como modelo de transporte log\u00edstico\",\"publisher\":{\"@id\":\"https:\/\/site.bistec.com.pt\/transporte\/#organization\"},\"potentialAction\":[{\"@type\":\"SearchAction\",\"target\":{\"@type\":\"EntryPoint\",\"urlTemplate\":\"https:\/\/site.bistec.com.pt\/transporte\/?s={search_term_string}\"},\"query-input\":{\"@type\":\"PropertyValueSpecification\",\"valueRequired\":true,\"valueName\":\"search_term_string\"}}],\"inLanguage\":\"pt-PT\"},{\"@type\":\"Organization\",\"@id\":\"https:\/\/site.bistec.com.pt\/transporte\/#organization\",\"name\":\"Site modelo Bistec para Log&iacute;stica\",\"url\":\"https:\/\/site.bistec.com.pt\/transporte\/\",\"logo\":{\"@type\":\"ImageObject\",\"inLanguage\":\"pt-PT\",\"@id\":\"https:\/\/site.bistec.com.pt\/transporte\/#\/schema\/logo\/image\/\",\"url\":\"https:\/\/site.bistec.com.pt\/transporte\/wp-content\/uploads\/2024\/06\/logo_bistec_logistecs-removebg-preview-300x300-1.png\",\"contentUrl\":\"https:\/\/site.bistec.com.pt\/transporte\/wp-content\/uploads\/2024\/06\/logo_bistec_logistecs-removebg-preview-300x300-1.png\",\"width\":300,\"height\":300,\"caption\":\"Site modelo Bistec para Log&iacute;stica\"},\"image\":{\"@id\":\"https:\/\/site.bistec.com.pt\/transporte\/#\/schema\/logo\/image\/\"}}]}<\/script>\n<!-- \/ Yoast SEO plugin. -->","yoast_head_json":{"title":"Sobre - Site modelo Bistec para Log&iacute;stica","robots":{"index":"index","follow":"follow","max-snippet":"max-snippet:-1","max-image-preview":"max-image-preview:large","max-video-preview":"max-video-preview:-1"},"canonical":"https:\/\/site.bistec.com.pt\/transporte\/sobre\/","og_locale":"pt_PT","og_type":"article","og_title":"Sobre - Site modelo Bistec para Log&iacute;stica","og_description":"Sobre Bistec Transportes em Log\u00edstica Na Bistec Log\u00edstica, dedicamo-nos a proporcionar aos nossos clientes as melhores solu\u00e7\u00f5es log\u00edsticas. Como equipa, acreditamos na integridade e profissionalismo, e esfor\u00e7amo-nos sempre por oferecer servi\u00e7os excecionais. \u00a0 O nosso objetivo \u00e9 construir relacionamentos duradouros com os nossos clientes, ultrapassando as suas expectativas e fornecendo solu\u00e7\u00f5es de transporte eficientes. Com...","og_url":"https:\/\/site.bistec.com.pt\/transporte\/sobre\/","og_site_name":"Site modelo Bistec para Log&iacute;stica","article_modified_time":"2024-06-04T14:44:52+00:00","og_image":[{"url":"https:\/\/site.bistec.com.pt\/transporte\/wp-content\/uploads\/2024\/06\/pexels-jopwell-2422293-1024x728-1.jpg","type":"","width":"","height":""}],"twitter_card":"summary_large_image","twitter_misc":{"Tempo estimado de leitura":"1 minuto"},"schema":{"@context":"https:\/\/schema.org","@graph":[{"@type":"WebPage","@id":"https:\/\/site.bistec.com.pt\/transporte\/sobre\/","url":"https:\/\/site.bistec.com.pt\/transporte\/sobre\/","name":"Sobre - Site modelo Bistec para Log&iacute;stica","isPartOf":{"@id":"https:\/\/site.bistec.com.pt\/transporte\/#website"},"primaryImageOfPage":{"@id":"https:\/\/site.bistec.com.pt\/transporte\/sobre\/#primaryimage"},"image":{"@id":"https:\/\/site.bistec.com.pt\/transporte\/sobre\/#primaryimage"},"thumbnailUrl":"https:\/\/site.bistec.com.pt\/transporte\/wp-content\/uploads\/2024\/06\/pexels-jopwell-2422293-1024x728-1.jpg","datePublished":"2021-01-23T10:47:00+00:00","dateModified":"2024-06-04T14:44:52+00:00","breadcrumb":{"@id":"https:\/\/site.bistec.com.pt\/transporte\/sobre\/#breadcrumb"},"inLanguage":"pt-PT","potentialAction":[{"@type":"ReadAction","target":["https:\/\/site.bistec.com.pt\/transporte\/sobre\/"]}]},{"@type":"ImageObject","inLanguage":"pt-PT","@id":"https:\/\/site.bistec.com.pt\/transporte\/sobre\/#primaryimage","url":"https:\/\/site.bistec.com.pt\/transporte\/wp-content\/uploads\/2024\/06\/pexels-jopwell-2422293-1024x728-1.jpg","contentUrl":"https:\/\/site.bistec.com.pt\/transporte\/wp-content\/uploads\/2024\/06\/pexels-jopwell-2422293-1024x728-1.jpg","width":1024,"height":728},{"@type":"BreadcrumbList","@id":"https:\/\/site.bistec.com.pt\/transporte\/sobre\/#breadcrumb","itemListElement":[{"@type":"ListItem","position":1,"name":"In\u00edcio","item":"https:\/\/site.bistec.com.pt\/transporte\/"},{"@type":"ListItem","position":2,"name":"Sobre"}]},{"@type":"WebSite","@id":"https:\/\/site.bistec.com.pt\/transporte\/#website","url":"https:\/\/site.bistec.com.pt\/transporte\/","name":"Site modelo Bistec para Log&iacute;stica","description":"Website desenvolvido como modelo de transporte log\u00edstico","publisher":{"@id":"https:\/\/site.bistec.com.pt\/transporte\/#organization"},"potentialAction":[{"@type":"SearchAction","target":{"@type":"EntryPoint","urlTemplate":"https:\/\/site.bistec.com.pt\/transporte\/?s={search_term_string}"},"query-input":{"@type":"PropertyValueSpecification","valueRequired":true,"valueName":"search_term_string"}}],"inLanguage":"pt-PT"},{"@type":"Organization","@id":"https:\/\/site.bistec.com.pt\/transporte\/#organization","name":"Site modelo Bistec para Log&iacute;stica","url":"https:\/\/site.bistec.com.pt\/transporte\/","logo":{"@type":"ImageObject","inLanguage":"pt-PT","@id":"https:\/\/site.bistec.com.pt\/transporte\/#\/schema\/logo\/image\/","url":"https:\/\/site.bistec.com.pt\/transporte\/wp-content\/uploads\/2024\/06\/logo_bistec_logistecs-removebg-preview-300x300-1.png","contentUrl":"https:\/\/site.bistec.com.pt\/transporte\/wp-content\/uploads\/2024\/06\/logo_bistec_logistecs-removebg-preview-300x300-1.png","width":300,"height":300,"caption":"Site modelo Bistec para Log&iacute;stica"},"image":{"@id":"https:\/\/site.bistec.com.pt\/transporte\/#\/schema\/logo\/image\/"}}]}},"_links":{"self":[{"href":"https:\/\/site.bistec.com.pt\/transporte\/wp-json\/wp\/v2\/pages\/713","targetHints":{"allow":["GET"]}}],"collection":[{"href":"https:\/\/site.bistec.com.pt\/transporte\/wp-json\/wp\/v2\/pages"}],"about":[{"href":"https:\/\/site.bistec.com.pt\/transporte\/wp-json\/wp\/v2\/types\/page"}],"author":[{"embeddable":true,"href":"https:\/\/site.bistec.com.pt\/transporte\/wp-json\/wp\/v2\/users\/1"}],"replies":[{"embeddable":true,"href":"https:\/\/site.bistec.com.pt\/transporte\/wp-json\/wp\/v2\/comments?post=713"}],"version-history":[{"count":6,"href":"https:\/\/site.bistec.com.pt\/transporte\/wp-json\/wp\/v2\/pages\/713\/revisions"}],"predecessor-version":[{"id":1047,"href":"https:\/\/site.bistec.com.pt\/transporte\/wp-json\/wp\/v2\/pages\/713\/revisions\/1047"}],"wp:attachment":[{"href":"https:\/\/site.bistec.com.pt\/transporte\/wp-json\/wp\/v2\/media?parent=713"}],"curies":[{"name":"wp","href":"https:\/\/api.w.org\/{rel}","templated":true}]}}