{"id":66,"date":"2025-01-28T11:11:41","date_gmt":"2025-01-28T14:11:41","guid":{"rendered":"https:\/\/bistec.com.br\/relojoaria\/?post_type=product&#038;p=66"},"modified":"2025-02-07T10:54:14","modified_gmt":"2025-02-07T13:54:14","slug":"anel-icona-em-prata-925","status":"publish","type":"product","link":"https:\/\/site.bistec.com.pt\/relojoaria\/produto\/anel-icona-em-prata-925\/","title":{"rendered":"Anel Icona em Prata 925"},"content":{"rendered":"<h2 class=\"aboutCollection-text-title\">Icona<\/h2>\n<div class=\"aboutCollection-text-description\">Inspirada nas formas geom\u00e9tricas e na beleza da arquitetura contempor\u00e2nea, a Cole\u00e7\u00e3o Icona traz um design moderno e sofisticado nos detalhes de cada joia. O equil\u00edbrio entre o minimalismo com a estrutura triangular, resulta em uma cole\u00e7\u00e3o vers\u00e1til, atemporal e elegante, que se adequa perfeitamente em diversas ocasi\u00f5es. Carregando em seu DNA o s\u00edmbolo de Vivara, ela ainda explora composi\u00e7\u00f5es sem limites, trazendo diversidade criativa na combina\u00e7\u00e3o de diferentes gemas, com exuber\u00e2ncia e um brilho \u00edmpar.<\/div>\n<div><\/div>\n<div class=\"aboutCollection-text-description\"><img fetchpriority=\"high\" decoding=\"async\" class=\"alignnone size-medium wp-image-72\" src=\"https:\/\/bistec.com.br\/relojoaria\/wp-content\/uploads\/2025\/01\/Inspiracao_colecao_icona-300x300.jpg\" alt=\"\" width=\"300\" height=\"300\" srcset=\"https:\/\/site.bistec.com.pt\/relojoaria\/wp-content\/uploads\/2025\/01\/Inspiracao_colecao_icona-300x300.jpg 300w, https:\/\/site.bistec.com.pt\/relojoaria\/wp-content\/uploads\/2025\/01\/Inspiracao_colecao_icona-150x150.jpg 150w, https:\/\/site.bistec.com.pt\/relojoaria\/wp-content\/uploads\/2025\/01\/Inspiracao_colecao_icona-600x600.jpg 600w, https:\/\/site.bistec.com.pt\/relojoaria\/wp-content\/uploads\/2025\/01\/Inspiracao_colecao_icona-100x100.jpg 100w, https:\/\/site.bistec.com.pt\/relojoaria\/wp-content\/uploads\/2025\/01\/Inspiracao_colecao_icona.jpg 750w\" sizes=\"(max-width: 300px) 100vw, 300px\" \/><\/div>\n","protected":false},"excerpt":{"rendered":"<p class=\"description-text\"><strong>Anel Icona em Prata 925<\/strong><\/p>\n<div>\n<ul class=\"description-composition\">\n<li class=\"description-composition__item\">Cole\u00e7\u00e3o\u00a0:\u00a0Icona<\/li>\n<\/ul>\n<\/div>\n<div>\n<ul class=\"description-composition\">\n<li class=\"description-composition__item\">Largura aprox.\u00a0:\u00a07 mm<\/li>\n<\/ul>\n<\/div>\n<div>\n<ul class=\"description-composition\">\n<li class=\"description-composition__item\">Material\u00a0:\u00a0Prata<\/li>\n<\/ul>\n<\/div>\n<div>\n<ul class=\"description-composition\">\n<li class=\"description-composition__item\">Sugest\u00e3o\u00a0:\u00a0Para ela<\/li>\n<\/ul>\n<\/div>\n<div>\n<ul class=\"description-composition\">\n<li class=\"description-composition__item\">Observa\u00e7\u00e3o\u00a0:\u00a0Imagens complementares meramente ilustrativas. Todas as medidas s\u00e3o aproximadas e podem variar de acordo com a produ\u00e7\u00e3o.<\/li>\n<\/ul>\n<\/div>\n","protected":false},"featured_media":443,"comment_status":"open","ping_status":"closed","template":"","meta":[],"product_brand":[],"product_cat":[21,33,16,20],"product_tag":[],"class_list":{"0":"post-66","1":"product","2":"type-product","3":"status-publish","4":"has-post-thumbnail","6":"product_cat-aneis","7":"product_cat-aneis-joias","8":"product_cat-joias","9":"product_cat-masculino","11":"first","12":"instock","13":"taxable","14":"shipping-taxable","15":"purchasable","16":"product-type-variable","17":"has-default-attributes"},"yoast_head":"<!-- This site is optimized with the Yoast SEO plugin v26.4 - https:\/\/yoast.com\/wordpress\/plugins\/seo\/ -->\n<title>Anel Icona em Prata 925 - Relojoaria Bistec<\/title>\n<meta name=\"robots\" content=\"index, follow, max-snippet:-1, max-image-preview:large, max-video-preview:-1\" \/>\n<link rel=\"canonical\" href=\"https:\/\/site.bistec.com.pt\/relojoaria\/produto\/anel-icona-em-prata-925\/\" \/>\n<meta property=\"og:locale\" content=\"pt_BR\" \/>\n<meta property=\"og:type\" content=\"article\" \/>\n<meta property=\"og:title\" content=\"Anel Icona em Prata 925 - Relojoaria Bistec\" \/>\n<meta property=\"og:description\" content=\"Anel Icona em Prata 925     Cole\u00e7\u00e3o\u00a0:\u00a0Icona      Largura aprox.\u00a0:\u00a07 mm      Material\u00a0:\u00a0Prata      Sugest\u00e3o\u00a0:\u00a0Para ela      Observa\u00e7\u00e3o\u00a0:\u00a0Imagens complementares meramente ilustrativas. Todas as medidas s\u00e3o aproximadas e podem variar de acordo com a produ\u00e7\u00e3o.\" \/>\n<meta property=\"og:url\" content=\"https:\/\/site.bistec.com.pt\/relojoaria\/produto\/anel-icona-em-prata-925\/\" \/>\n<meta property=\"og:site_name\" content=\"Relojoaria Bistec\" \/>\n<meta property=\"article:modified_time\" content=\"2025-02-07T13:54:14+00:00\" \/>\n<meta property=\"og:image\" content=\"https:\/\/site.bistec.com.pt\/relojoaria\/wp-content\/uploads\/2025\/01\/Anel-Icona-em-Prata-925-63685_1_set.webp\" \/>\n\t<meta property=\"og:image:width\" content=\"1600\" \/>\n\t<meta property=\"og:image:height\" content=\"1600\" \/>\n\t<meta property=\"og:image:type\" content=\"image\/webp\" \/>\n<meta name=\"twitter:card\" content=\"summary_large_image\" \/>\n<script type=\"application\/ld+json\" class=\"yoast-schema-graph\">{\"@context\":\"https:\/\/schema.org\",\"@graph\":[{\"@type\":\"WebPage\",\"@id\":\"https:\/\/site.bistec.com.pt\/relojoaria\/produto\/anel-icona-em-prata-925\/\",\"url\":\"https:\/\/site.bistec.com.pt\/relojoaria\/produto\/anel-icona-em-prata-925\/\",\"name\":\"Anel Icona em Prata 925 - Relojoaria Bistec\",\"isPartOf\":{\"@id\":\"https:\/\/site.bistec.com.pt\/relojoaria\/#website\"},\"primaryImageOfPage\":{\"@id\":\"https:\/\/site.bistec.com.pt\/relojoaria\/produto\/anel-icona-em-prata-925\/#primaryimage\"},\"image\":{\"@id\":\"https:\/\/site.bistec.com.pt\/relojoaria\/produto\/anel-icona-em-prata-925\/#primaryimage\"},\"thumbnailUrl\":\"https:\/\/site.bistec.com.pt\/relojoaria\/wp-content\/uploads\/2025\/01\/Anel-Icona-em-Prata-925-63685_1_set.webp\",\"datePublished\":\"2025-01-28T14:11:41+00:00\",\"dateModified\":\"2025-02-07T13:54:14+00:00\",\"breadcrumb\":{\"@id\":\"https:\/\/site.bistec.com.pt\/relojoaria\/produto\/anel-icona-em-prata-925\/#breadcrumb\"},\"inLanguage\":\"pt-BR\",\"potentialAction\":[{\"@type\":\"ReadAction\",\"target\":[\"https:\/\/site.bistec.com.pt\/relojoaria\/produto\/anel-icona-em-prata-925\/\"]}]},{\"@type\":\"ImageObject\",\"inLanguage\":\"pt-BR\",\"@id\":\"https:\/\/site.bistec.com.pt\/relojoaria\/produto\/anel-icona-em-prata-925\/#primaryimage\",\"url\":\"https:\/\/site.bistec.com.pt\/relojoaria\/wp-content\/uploads\/2025\/01\/Anel-Icona-em-Prata-925-63685_1_set.webp\",\"contentUrl\":\"https:\/\/site.bistec.com.pt\/relojoaria\/wp-content\/uploads\/2025\/01\/Anel-Icona-em-Prata-925-63685_1_set.webp\",\"width\":1600,\"height\":1600},{\"@type\":\"BreadcrumbList\",\"@id\":\"https:\/\/site.bistec.com.pt\/relojoaria\/produto\/anel-icona-em-prata-925\/#breadcrumb\",\"itemListElement\":[{\"@type\":\"ListItem\",\"position\":1,\"name\":\"In\u00edcio\",\"item\":\"https:\/\/site.bistec.com.pt\/relojoaria\/\"},{\"@type\":\"ListItem\",\"position\":2,\"name\":\"Loja\",\"item\":\"https:\/\/site.bistec.com.pt\/relojoaria\/loja\/\"},{\"@type\":\"ListItem\",\"position\":3,\"name\":\"Anel Icona em Prata 925\"}]},{\"@type\":\"WebSite\",\"@id\":\"https:\/\/site.bistec.com.pt\/relojoaria\/#website\",\"url\":\"https:\/\/site.bistec.com.pt\/relojoaria\/\",\"name\":\"Relojoaria Bistec\",\"description\":\"Relojoaria e Joalheria\",\"publisher\":{\"@id\":\"https:\/\/site.bistec.com.pt\/relojoaria\/#organization\"},\"potentialAction\":[{\"@type\":\"SearchAction\",\"target\":{\"@type\":\"EntryPoint\",\"urlTemplate\":\"https:\/\/site.bistec.com.pt\/relojoaria\/?s={search_term_string}\"},\"query-input\":{\"@type\":\"PropertyValueSpecification\",\"valueRequired\":true,\"valueName\":\"search_term_string\"}}],\"inLanguage\":\"pt-BR\"},{\"@type\":\"Organization\",\"@id\":\"https:\/\/site.bistec.com.pt\/relojoaria\/#organization\",\"name\":\"Relojoaria Bistec\",\"url\":\"https:\/\/site.bistec.com.pt\/relojoaria\/\",\"logo\":{\"@type\":\"ImageObject\",\"inLanguage\":\"pt-BR\",\"@id\":\"https:\/\/site.bistec.com.pt\/relojoaria\/#\/schema\/logo\/image\/\",\"url\":\"https:\/\/site.bistec.com.pt\/relojoaria\/wp-content\/uploads\/2025\/01\/logo-bistec-joias-preto-sem-fundo.png\",\"contentUrl\":\"https:\/\/site.bistec.com.pt\/relojoaria\/wp-content\/uploads\/2025\/01\/logo-bistec-joias-preto-sem-fundo.png\",\"width\":1048,\"height\":418,\"caption\":\"Relojoaria Bistec\"},\"image\":{\"@id\":\"https:\/\/site.bistec.com.pt\/relojoaria\/#\/schema\/logo\/image\/\"}}]}<\/script>\n<!-- \/ Yoast SEO plugin. -->","yoast_head_json":{"title":"Anel Icona em Prata 925 - Relojoaria Bistec","robots":{"index":"index","follow":"follow","max-snippet":"max-snippet:-1","max-image-preview":"max-image-preview:large","max-video-preview":"max-video-preview:-1"},"canonical":"https:\/\/site.bistec.com.pt\/relojoaria\/produto\/anel-icona-em-prata-925\/","og_locale":"pt_BR","og_type":"article","og_title":"Anel Icona em Prata 925 - Relojoaria Bistec","og_description":"Anel Icona em Prata 925     Cole\u00e7\u00e3o\u00a0:\u00a0Icona      Largura aprox.\u00a0:\u00a07 mm      Material\u00a0:\u00a0Prata      Sugest\u00e3o\u00a0:\u00a0Para ela      Observa\u00e7\u00e3o\u00a0:\u00a0Imagens complementares meramente ilustrativas. Todas as medidas s\u00e3o aproximadas e podem variar de acordo com a produ\u00e7\u00e3o.","og_url":"https:\/\/site.bistec.com.pt\/relojoaria\/produto\/anel-icona-em-prata-925\/","og_site_name":"Relojoaria Bistec","article_modified_time":"2025-02-07T13:54:14+00:00","og_image":[{"width":1600,"height":1600,"url":"https:\/\/site.bistec.com.pt\/relojoaria\/wp-content\/uploads\/2025\/01\/Anel-Icona-em-Prata-925-63685_1_set.webp","type":"image\/webp"}],"twitter_card":"summary_large_image","schema":{"@context":"https:\/\/schema.org","@graph":[{"@type":"WebPage","@id":"https:\/\/site.bistec.com.pt\/relojoaria\/produto\/anel-icona-em-prata-925\/","url":"https:\/\/site.bistec.com.pt\/relojoaria\/produto\/anel-icona-em-prata-925\/","name":"Anel Icona em Prata 925 - Relojoaria Bistec","isPartOf":{"@id":"https:\/\/site.bistec.com.pt\/relojoaria\/#website"},"primaryImageOfPage":{"@id":"https:\/\/site.bistec.com.pt\/relojoaria\/produto\/anel-icona-em-prata-925\/#primaryimage"},"image":{"@id":"https:\/\/site.bistec.com.pt\/relojoaria\/produto\/anel-icona-em-prata-925\/#primaryimage"},"thumbnailUrl":"https:\/\/site.bistec.com.pt\/relojoaria\/wp-content\/uploads\/2025\/01\/Anel-Icona-em-Prata-925-63685_1_set.webp","datePublished":"2025-01-28T14:11:41+00:00","dateModified":"2025-02-07T13:54:14+00:00","breadcrumb":{"@id":"https:\/\/site.bistec.com.pt\/relojoaria\/produto\/anel-icona-em-prata-925\/#breadcrumb"},"inLanguage":"pt-BR","potentialAction":[{"@type":"ReadAction","target":["https:\/\/site.bistec.com.pt\/relojoaria\/produto\/anel-icona-em-prata-925\/"]}]},{"@type":"ImageObject","inLanguage":"pt-BR","@id":"https:\/\/site.bistec.com.pt\/relojoaria\/produto\/anel-icona-em-prata-925\/#primaryimage","url":"https:\/\/site.bistec.com.pt\/relojoaria\/wp-content\/uploads\/2025\/01\/Anel-Icona-em-Prata-925-63685_1_set.webp","contentUrl":"https:\/\/site.bistec.com.pt\/relojoaria\/wp-content\/uploads\/2025\/01\/Anel-Icona-em-Prata-925-63685_1_set.webp","width":1600,"height":1600},{"@type":"BreadcrumbList","@id":"https:\/\/site.bistec.com.pt\/relojoaria\/produto\/anel-icona-em-prata-925\/#breadcrumb","itemListElement":[{"@type":"ListItem","position":1,"name":"In\u00edcio","item":"https:\/\/site.bistec.com.pt\/relojoaria\/"},{"@type":"ListItem","position":2,"name":"Loja","item":"https:\/\/site.bistec.com.pt\/relojoaria\/loja\/"},{"@type":"ListItem","position":3,"name":"Anel Icona em Prata 925"}]},{"@type":"WebSite","@id":"https:\/\/site.bistec.com.pt\/relojoaria\/#website","url":"https:\/\/site.bistec.com.pt\/relojoaria\/","name":"Relojoaria Bistec","description":"Relojoaria e Joalheria","publisher":{"@id":"https:\/\/site.bistec.com.pt\/relojoaria\/#organization"},"potentialAction":[{"@type":"SearchAction","target":{"@type":"EntryPoint","urlTemplate":"https:\/\/site.bistec.com.pt\/relojoaria\/?s={search_term_string}"},"query-input":{"@type":"PropertyValueSpecification","valueRequired":true,"valueName":"search_term_string"}}],"inLanguage":"pt-BR"},{"@type":"Organization","@id":"https:\/\/site.bistec.com.pt\/relojoaria\/#organization","name":"Relojoaria Bistec","url":"https:\/\/site.bistec.com.pt\/relojoaria\/","logo":{"@type":"ImageObject","inLanguage":"pt-BR","@id":"https:\/\/site.bistec.com.pt\/relojoaria\/#\/schema\/logo\/image\/","url":"https:\/\/site.bistec.com.pt\/relojoaria\/wp-content\/uploads\/2025\/01\/logo-bistec-joias-preto-sem-fundo.png","contentUrl":"https:\/\/site.bistec.com.pt\/relojoaria\/wp-content\/uploads\/2025\/01\/logo-bistec-joias-preto-sem-fundo.png","width":1048,"height":418,"caption":"Relojoaria Bistec"},"image":{"@id":"https:\/\/site.bistec.com.pt\/relojoaria\/#\/schema\/logo\/image\/"}}]}},"_links":{"self":[{"href":"https:\/\/site.bistec.com.pt\/relojoaria\/wp-json\/wp\/v2\/product\/66","targetHints":{"allow":["GET"]}}],"collection":[{"href":"https:\/\/site.bistec.com.pt\/relojoaria\/wp-json\/wp\/v2\/product"}],"about":[{"href":"https:\/\/site.bistec.com.pt\/relojoaria\/wp-json\/wp\/v2\/types\/product"}],"replies":[{"embeddable":true,"href":"https:\/\/site.bistec.com.pt\/relojoaria\/wp-json\/wp\/v2\/comments?post=66"}],"wp:featuredmedia":[{"embeddable":true,"href":"https:\/\/site.bistec.com.pt\/relojoaria\/wp-json\/wp\/v2\/media\/443"}],"wp:attachment":[{"href":"https:\/\/site.bistec.com.pt\/relojoaria\/wp-json\/wp\/v2\/media?parent=66"}],"wp:term":[{"taxonomy":"product_brand","embeddable":true,"href":"https:\/\/site.bistec.com.pt\/relojoaria\/wp-json\/wp\/v2\/product_brand?post=66"},{"taxonomy":"product_cat","embeddable":true,"href":"https:\/\/site.bistec.com.pt\/relojoaria\/wp-json\/wp\/v2\/product_cat?post=66"},{"taxonomy":"product_tag","embeddable":true,"href":"https:\/\/site.bistec.com.pt\/relojoaria\/wp-json\/wp\/v2\/product_tag?post=66"}],"curies":[{"name":"wp","href":"https:\/\/api.w.org\/{rel}","templated":true}]}}