{"id":211,"date":"2025-02-05T13:02:10","date_gmt":"2025-02-05T16:02:10","guid":{"rendered":"https:\/\/bistec.com.br\/relojoaria\/?post_type=product&#038;p=211"},"modified":"2025-02-05T13:02:10","modified_gmt":"2025-02-05T16:02:10","slug":"relogio-tag-heuer-carrera-masculino-couro-preto","status":"publish","type":"product","link":"https:\/\/site.bistec.com.pt\/relojoaria\/produto\/relogio-tag-heuer-carrera-masculino-couro-preto\/","title":{"rendered":"Rel\u00f3gio Tag Heuer Carrera Masculino Couro Preto"},"content":{"rendered":"","protected":false},"excerpt":{"rendered":"<p class=\"description-text\"><strong>Rel\u00f3gio Tag Heuer Carrera Masculino Couro Preto<\/strong><\/p>\n<div>\n<ul class=\"description-composition\">\n<li class=\"description-composition__item\">Cole\u00e7\u00e3o\u00a0:\u00a0Carrera<\/li>\n<\/ul>\n<\/div>\n<div>\n<ul class=\"description-composition\">\n<li class=\"description-composition__item\">Cor da Caixa\u00a0:\u00a0Preto<\/li>\n<\/ul>\n<\/div>\n<div>\n<ul class=\"description-composition\">\n<li class=\"description-composition__item\">Cor da Pulseira\u00a0:\u00a0Preto<\/li>\n<\/ul>\n<\/div>\n<div>\n<ul class=\"description-composition\">\n<li class=\"description-composition__item\">Cor do Mostrador\u00a0:\u00a0Cinza Asfalto<\/li>\n<\/ul>\n<\/div>\n<div>\n<ul class=\"description-composition\">\n<li class=\"description-composition__item\">Cron\u00f3grafo\u00a0:\u00a0Sim<\/li>\n<\/ul>\n<\/div>\n<div>\n<ul class=\"description-composition\">\n<li class=\"description-composition__item\">Datador\u00a0:\u00a0Sim<\/li>\n<\/ul>\n<\/div>\n<div>\n<ul class=\"description-composition\">\n<li class=\"description-composition__item\">Garantia\u00a0:\u00a024 meses<\/li>\n<\/ul>\n<\/div>\n<div>\n<ul class=\"description-composition\">\n<li class=\"description-composition__item\">Mecanismo\u00a0:\u00a0Autom\u00e1tico<\/li>\n<\/ul>\n<\/div>\n<div>\n<ul class=\"description-composition\">\n<li class=\"description-composition__item\">Modelo da Caixa\u00a0:\u00a0Redonda<\/li>\n<\/ul>\n<\/div>\n<div>\n<ul class=\"description-composition\">\n<li class=\"description-composition__item\">Resist\u00eancia\u00a0:\u00a010 ATM<\/li>\n<\/ul>\n<\/div>\n<div>\n<ul class=\"description-composition\">\n<li class=\"description-composition__item\">Sugest\u00e3o\u00a0:\u00a0Para ele<\/li>\n<\/ul>\n<\/div>\n","protected":false},"featured_media":219,"comment_status":"open","ping_status":"closed","template":"","meta":[],"product_brand":[46],"product_cat":[15,20,25,32],"product_tag":[],"class_list":{"0":"post-211","1":"product","2":"type-product","3":"status-publish","4":"has-post-thumbnail","6":"product_brand-tag-heuer","7":"product_cat-relogios","8":"product_cat-masculino","9":"product_cat-relogios-masculino","10":"product_cat-tag-hauer","12":"first","13":"instock","14":"taxable","15":"shipping-taxable","16":"purchasable","17":"product-type-simple"},"yoast_head":"<!-- This site is optimized with the Yoast SEO plugin v26.4 - https:\/\/yoast.com\/wordpress\/plugins\/seo\/ -->\n<title>Rel\u00f3gio Tag Heuer Carrera Masculino Couro Preto - Relojoaria Bistec<\/title>\n<meta name=\"robots\" content=\"index, follow, max-snippet:-1, max-image-preview:large, max-video-preview:-1\" \/>\n<link rel=\"canonical\" href=\"https:\/\/site.bistec.com.pt\/relojoaria\/produto\/relogio-tag-heuer-carrera-masculino-couro-preto\/\" \/>\n<meta property=\"og:locale\" content=\"pt_BR\" \/>\n<meta property=\"og:type\" content=\"article\" \/>\n<meta property=\"og:title\" content=\"Rel\u00f3gio Tag Heuer Carrera Masculino Couro Preto - Relojoaria Bistec\" \/>\n<meta property=\"og:description\" content=\"Rel\u00f3gio Tag Heuer Carrera Masculino Couro Preto     Cole\u00e7\u00e3o\u00a0:\u00a0Carrera      Cor da Caixa\u00a0:\u00a0Preto      Cor da Pulseira\u00a0:\u00a0Preto      Cor do Mostrador\u00a0:\u00a0Cinza Asfalto      Cron\u00f3grafo\u00a0:\u00a0Sim      Datador\u00a0:\u00a0Sim      Garantia\u00a0:\u00a024 meses      Mecanismo\u00a0:\u00a0Autom\u00e1tico      Modelo da Caixa\u00a0:\u00a0Redonda      Resist\u00eancia\u00a0:\u00a010 ATM      Sugest\u00e3o\u00a0:\u00a0Para ele\" \/>\n<meta property=\"og:url\" content=\"https:\/\/site.bistec.com.pt\/relojoaria\/produto\/relogio-tag-heuer-carrera-masculino-couro-preto\/\" \/>\n<meta property=\"og:site_name\" content=\"Relojoaria Bistec\" \/>\n<meta property=\"og:image\" content=\"https:\/\/site.bistec.com.pt\/relojoaria\/wp-content\/uploads\/2025\/02\/Relogio-Tag-Heuer-Carrera-Masculino-Couro-Preto-Cbn2a1ffc6492-55736_1_set.webp\" \/>\n\t<meta property=\"og:image:width\" content=\"1600\" \/>\n\t<meta property=\"og:image:height\" content=\"1600\" \/>\n\t<meta property=\"og:image:type\" content=\"image\/webp\" \/>\n<meta name=\"twitter:card\" content=\"summary_large_image\" \/>\n<script type=\"application\/ld+json\" class=\"yoast-schema-graph\">{\"@context\":\"https:\/\/schema.org\",\"@graph\":[{\"@type\":\"WebPage\",\"@id\":\"https:\/\/site.bistec.com.pt\/relojoaria\/produto\/relogio-tag-heuer-carrera-masculino-couro-preto\/\",\"url\":\"https:\/\/site.bistec.com.pt\/relojoaria\/produto\/relogio-tag-heuer-carrera-masculino-couro-preto\/\",\"name\":\"Rel\u00f3gio Tag Heuer Carrera Masculino Couro Preto - Relojoaria Bistec\",\"isPartOf\":{\"@id\":\"https:\/\/site.bistec.com.pt\/relojoaria\/#website\"},\"primaryImageOfPage\":{\"@id\":\"https:\/\/site.bistec.com.pt\/relojoaria\/produto\/relogio-tag-heuer-carrera-masculino-couro-preto\/#primaryimage\"},\"image\":{\"@id\":\"https:\/\/site.bistec.com.pt\/relojoaria\/produto\/relogio-tag-heuer-carrera-masculino-couro-preto\/#primaryimage\"},\"thumbnailUrl\":\"https:\/\/site.bistec.com.pt\/relojoaria\/wp-content\/uploads\/2025\/02\/Relogio-Tag-Heuer-Carrera-Masculino-Couro-Preto-Cbn2a1ffc6492-55736_1_set.webp\",\"datePublished\":\"2025-02-05T16:02:10+00:00\",\"breadcrumb\":{\"@id\":\"https:\/\/site.bistec.com.pt\/relojoaria\/produto\/relogio-tag-heuer-carrera-masculino-couro-preto\/#breadcrumb\"},\"inLanguage\":\"pt-BR\",\"potentialAction\":[{\"@type\":\"ReadAction\",\"target\":[\"https:\/\/site.bistec.com.pt\/relojoaria\/produto\/relogio-tag-heuer-carrera-masculino-couro-preto\/\"]}]},{\"@type\":\"ImageObject\",\"inLanguage\":\"pt-BR\",\"@id\":\"https:\/\/site.bistec.com.pt\/relojoaria\/produto\/relogio-tag-heuer-carrera-masculino-couro-preto\/#primaryimage\",\"url\":\"https:\/\/site.bistec.com.pt\/relojoaria\/wp-content\/uploads\/2025\/02\/Relogio-Tag-Heuer-Carrera-Masculino-Couro-Preto-Cbn2a1ffc6492-55736_1_set.webp\",\"contentUrl\":\"https:\/\/site.bistec.com.pt\/relojoaria\/wp-content\/uploads\/2025\/02\/Relogio-Tag-Heuer-Carrera-Masculino-Couro-Preto-Cbn2a1ffc6492-55736_1_set.webp\",\"width\":1600,\"height\":1600},{\"@type\":\"BreadcrumbList\",\"@id\":\"https:\/\/site.bistec.com.pt\/relojoaria\/produto\/relogio-tag-heuer-carrera-masculino-couro-preto\/#breadcrumb\",\"itemListElement\":[{\"@type\":\"ListItem\",\"position\":1,\"name\":\"In\u00edcio\",\"item\":\"https:\/\/site.bistec.com.pt\/relojoaria\/\"},{\"@type\":\"ListItem\",\"position\":2,\"name\":\"Loja\",\"item\":\"https:\/\/site.bistec.com.pt\/relojoaria\/loja\/\"},{\"@type\":\"ListItem\",\"position\":3,\"name\":\"Rel\u00f3gio Tag Heuer Carrera Masculino Couro Preto\"}]},{\"@type\":\"WebSite\",\"@id\":\"https:\/\/site.bistec.com.pt\/relojoaria\/#website\",\"url\":\"https:\/\/site.bistec.com.pt\/relojoaria\/\",\"name\":\"Relojoaria Bistec\",\"description\":\"Relojoaria e Joalheria\",\"publisher\":{\"@id\":\"https:\/\/site.bistec.com.pt\/relojoaria\/#organization\"},\"potentialAction\":[{\"@type\":\"SearchAction\",\"target\":{\"@type\":\"EntryPoint\",\"urlTemplate\":\"https:\/\/site.bistec.com.pt\/relojoaria\/?s={search_term_string}\"},\"query-input\":{\"@type\":\"PropertyValueSpecification\",\"valueRequired\":true,\"valueName\":\"search_term_string\"}}],\"inLanguage\":\"pt-BR\"},{\"@type\":\"Organization\",\"@id\":\"https:\/\/site.bistec.com.pt\/relojoaria\/#organization\",\"name\":\"Relojoaria Bistec\",\"url\":\"https:\/\/site.bistec.com.pt\/relojoaria\/\",\"logo\":{\"@type\":\"ImageObject\",\"inLanguage\":\"pt-BR\",\"@id\":\"https:\/\/site.bistec.com.pt\/relojoaria\/#\/schema\/logo\/image\/\",\"url\":\"https:\/\/site.bistec.com.pt\/relojoaria\/wp-content\/uploads\/2025\/01\/logo-bistec-joias-preto-sem-fundo.png\",\"contentUrl\":\"https:\/\/site.bistec.com.pt\/relojoaria\/wp-content\/uploads\/2025\/01\/logo-bistec-joias-preto-sem-fundo.png\",\"width\":1048,\"height\":418,\"caption\":\"Relojoaria Bistec\"},\"image\":{\"@id\":\"https:\/\/site.bistec.com.pt\/relojoaria\/#\/schema\/logo\/image\/\"}}]}<\/script>\n<!-- \/ Yoast SEO plugin. -->","yoast_head_json":{"title":"Rel\u00f3gio Tag Heuer Carrera Masculino Couro Preto - Relojoaria Bistec","robots":{"index":"index","follow":"follow","max-snippet":"max-snippet:-1","max-image-preview":"max-image-preview:large","max-video-preview":"max-video-preview:-1"},"canonical":"https:\/\/site.bistec.com.pt\/relojoaria\/produto\/relogio-tag-heuer-carrera-masculino-couro-preto\/","og_locale":"pt_BR","og_type":"article","og_title":"Rel\u00f3gio Tag Heuer Carrera Masculino Couro Preto - Relojoaria Bistec","og_description":"Rel\u00f3gio Tag Heuer Carrera Masculino Couro Preto     Cole\u00e7\u00e3o\u00a0:\u00a0Carrera      Cor da Caixa\u00a0:\u00a0Preto      Cor da Pulseira\u00a0:\u00a0Preto      Cor do Mostrador\u00a0:\u00a0Cinza Asfalto      Cron\u00f3grafo\u00a0:\u00a0Sim      Datador\u00a0:\u00a0Sim      Garantia\u00a0:\u00a024 meses      Mecanismo\u00a0:\u00a0Autom\u00e1tico      Modelo da Caixa\u00a0:\u00a0Redonda      Resist\u00eancia\u00a0:\u00a010 ATM      Sugest\u00e3o\u00a0:\u00a0Para ele","og_url":"https:\/\/site.bistec.com.pt\/relojoaria\/produto\/relogio-tag-heuer-carrera-masculino-couro-preto\/","og_site_name":"Relojoaria Bistec","og_image":[{"width":1600,"height":1600,"url":"https:\/\/site.bistec.com.pt\/relojoaria\/wp-content\/uploads\/2025\/02\/Relogio-Tag-Heuer-Carrera-Masculino-Couro-Preto-Cbn2a1ffc6492-55736_1_set.webp","type":"image\/webp"}],"twitter_card":"summary_large_image","schema":{"@context":"https:\/\/schema.org","@graph":[{"@type":"WebPage","@id":"https:\/\/site.bistec.com.pt\/relojoaria\/produto\/relogio-tag-heuer-carrera-masculino-couro-preto\/","url":"https:\/\/site.bistec.com.pt\/relojoaria\/produto\/relogio-tag-heuer-carrera-masculino-couro-preto\/","name":"Rel\u00f3gio Tag Heuer Carrera Masculino Couro Preto - Relojoaria Bistec","isPartOf":{"@id":"https:\/\/site.bistec.com.pt\/relojoaria\/#website"},"primaryImageOfPage":{"@id":"https:\/\/site.bistec.com.pt\/relojoaria\/produto\/relogio-tag-heuer-carrera-masculino-couro-preto\/#primaryimage"},"image":{"@id":"https:\/\/site.bistec.com.pt\/relojoaria\/produto\/relogio-tag-heuer-carrera-masculino-couro-preto\/#primaryimage"},"thumbnailUrl":"https:\/\/site.bistec.com.pt\/relojoaria\/wp-content\/uploads\/2025\/02\/Relogio-Tag-Heuer-Carrera-Masculino-Couro-Preto-Cbn2a1ffc6492-55736_1_set.webp","datePublished":"2025-02-05T16:02:10+00:00","breadcrumb":{"@id":"https:\/\/site.bistec.com.pt\/relojoaria\/produto\/relogio-tag-heuer-carrera-masculino-couro-preto\/#breadcrumb"},"inLanguage":"pt-BR","potentialAction":[{"@type":"ReadAction","target":["https:\/\/site.bistec.com.pt\/relojoaria\/produto\/relogio-tag-heuer-carrera-masculino-couro-preto\/"]}]},{"@type":"ImageObject","inLanguage":"pt-BR","@id":"https:\/\/site.bistec.com.pt\/relojoaria\/produto\/relogio-tag-heuer-carrera-masculino-couro-preto\/#primaryimage","url":"https:\/\/site.bistec.com.pt\/relojoaria\/wp-content\/uploads\/2025\/02\/Relogio-Tag-Heuer-Carrera-Masculino-Couro-Preto-Cbn2a1ffc6492-55736_1_set.webp","contentUrl":"https:\/\/site.bistec.com.pt\/relojoaria\/wp-content\/uploads\/2025\/02\/Relogio-Tag-Heuer-Carrera-Masculino-Couro-Preto-Cbn2a1ffc6492-55736_1_set.webp","width":1600,"height":1600},{"@type":"BreadcrumbList","@id":"https:\/\/site.bistec.com.pt\/relojoaria\/produto\/relogio-tag-heuer-carrera-masculino-couro-preto\/#breadcrumb","itemListElement":[{"@type":"ListItem","position":1,"name":"In\u00edcio","item":"https:\/\/site.bistec.com.pt\/relojoaria\/"},{"@type":"ListItem","position":2,"name":"Loja","item":"https:\/\/site.bistec.com.pt\/relojoaria\/loja\/"},{"@type":"ListItem","position":3,"name":"Rel\u00f3gio Tag Heuer Carrera Masculino Couro Preto"}]},{"@type":"WebSite","@id":"https:\/\/site.bistec.com.pt\/relojoaria\/#website","url":"https:\/\/site.bistec.com.pt\/relojoaria\/","name":"Relojoaria Bistec","description":"Relojoaria e Joalheria","publisher":{"@id":"https:\/\/site.bistec.com.pt\/relojoaria\/#organization"},"potentialAction":[{"@type":"SearchAction","target":{"@type":"EntryPoint","urlTemplate":"https:\/\/site.bistec.com.pt\/relojoaria\/?s={search_term_string}"},"query-input":{"@type":"PropertyValueSpecification","valueRequired":true,"valueName":"search_term_string"}}],"inLanguage":"pt-BR"},{"@type":"Organization","@id":"https:\/\/site.bistec.com.pt\/relojoaria\/#organization","name":"Relojoaria Bistec","url":"https:\/\/site.bistec.com.pt\/relojoaria\/","logo":{"@type":"ImageObject","inLanguage":"pt-BR","@id":"https:\/\/site.bistec.com.pt\/relojoaria\/#\/schema\/logo\/image\/","url":"https:\/\/site.bistec.com.pt\/relojoaria\/wp-content\/uploads\/2025\/01\/logo-bistec-joias-preto-sem-fundo.png","contentUrl":"https:\/\/site.bistec.com.pt\/relojoaria\/wp-content\/uploads\/2025\/01\/logo-bistec-joias-preto-sem-fundo.png","width":1048,"height":418,"caption":"Relojoaria Bistec"},"image":{"@id":"https:\/\/site.bistec.com.pt\/relojoaria\/#\/schema\/logo\/image\/"}}]}},"_links":{"self":[{"href":"https:\/\/site.bistec.com.pt\/relojoaria\/wp-json\/wp\/v2\/product\/211","targetHints":{"allow":["GET"]}}],"collection":[{"href":"https:\/\/site.bistec.com.pt\/relojoaria\/wp-json\/wp\/v2\/product"}],"about":[{"href":"https:\/\/site.bistec.com.pt\/relojoaria\/wp-json\/wp\/v2\/types\/product"}],"replies":[{"embeddable":true,"href":"https:\/\/site.bistec.com.pt\/relojoaria\/wp-json\/wp\/v2\/comments?post=211"}],"wp:featuredmedia":[{"embeddable":true,"href":"https:\/\/site.bistec.com.pt\/relojoaria\/wp-json\/wp\/v2\/media\/219"}],"wp:attachment":[{"href":"https:\/\/site.bistec.com.pt\/relojoaria\/wp-json\/wp\/v2\/media?parent=211"}],"wp:term":[{"taxonomy":"product_brand","embeddable":true,"href":"https:\/\/site.bistec.com.pt\/relojoaria\/wp-json\/wp\/v2\/product_brand?post=211"},{"taxonomy":"product_cat","embeddable":true,"href":"https:\/\/site.bistec.com.pt\/relojoaria\/wp-json\/wp\/v2\/product_cat?post=211"},{"taxonomy":"product_tag","embeddable":true,"href":"https:\/\/site.bistec.com.pt\/relojoaria\/wp-json\/wp\/v2\/product_tag?post=211"}],"curies":[{"name":"wp","href":"https:\/\/api.w.org\/{rel}","templated":true}]}}