{"id":323,"date":"2024-08-19T17:36:59","date_gmt":"2024-08-19T16:36:59","guid":{"rendered":"https:\/\/site.bistec.com.pt\/motor\/?post_type=product&#038;p=323"},"modified":"2024-08-19T17:36:59","modified_gmt":"2024-08-19T16:36:59","slug":"lamborguini-urus","status":"publish","type":"product","link":"https:\/\/site.bistec.com.pt\/motor\/produto\/lamborguini-urus\/","title":{"rendered":"Lamborguini Urus"},"content":{"rendered":"<h3><strong>Informa\u00e7\u00f5es do Ve\u00edculo:<\/strong><\/h3>\n<p>Blindado Cart com vidros IB33 AGP, Motor V8 650cv, Cambio autom\u00e1tico de 8 velocidades, Tra\u00e7\u00e3o integral, Porta malas el\u00e9trico, Bancos em couro com aquecimento, Interior Marfim , Sistema de som BANG &amp; Olufsen, Telas traseiras, C\u00e2mera de r\u00e9, Sistema de navega\u00e7\u00e3o GPS, Alerta de colis\u00e3o frontal, Alerta ponto cego, Assistente perman\u00eancia de faixa, Head Up Display.<\/p>\n<h3><strong>Itens do Ve\u00edculo:<\/strong><\/h3>\n<p>Airbag<br \/>\nAr quente<br \/>\nBancos dianteiros com aquecimento<br \/>\nBanco com regulagem de altura<br \/>\nComputador de bordo<br \/>\nControle de tra\u00e7\u00e3o<br \/>\nAr condicionado<br \/>\nFreio ABS<br \/>\nControle autom\u00e1tico de velocidade<br \/>\nRetrovisores el\u00e9tricos<br \/>\nRodas de liga leve<br \/>\nSensor de chuva<br \/>\nSensor de estacionamento<br \/>\nTeto solar<br \/>\nTravas el\u00e9tricas<br \/>\nVidros el\u00e9tricos<br \/>\nVolante com regulagem de altura<br \/>\nBancos em couro<br \/>\nTra\u00e7\u00e3o 4&#215;4<br \/>\nGPS<\/p>\n","protected":false},"excerpt":{"rendered":"<p><span style=\"color: #58a4b0;\"><strong>4.0 V8 TURBO GASOLINA S AUTOM\u00c1TICO<\/strong><\/span><\/p>\n<p><strong>Ano<\/strong><br \/>\n2024\/2025<\/p>\n<p><strong>KM<\/strong><br \/>\n0<\/p>\n<p><strong>C\u00e2mbio<\/strong><br \/>\nAutom\u00e1tico<\/p>\n<p><strong>Carroceria<\/strong><br \/>\nSUV\/Utilit\u00e1rio<\/p>\n<p><strong>Combust\u00edvel<\/strong><br \/>\nGasolina<\/p>\n","protected":false},"featured_media":339,"comment_status":"closed","ping_status":"closed","template":"","meta":[],"product_brand":[],"product_cat":[18,20,16],"product_tag":[],"class_list":{"0":"post-323","1":"product","2":"type-product","3":"status-publish","4":"has-post-thumbnail","6":"product_cat-veiculos-blindados","7":"product_cat-veiculos-importados","8":"product_cat-veiculos-novos","10":"first","11":"instock","12":"shipping-taxable","13":"purchasable","14":"product-type-simple"},"yoast_head":"<!-- This site is optimized with the Yoast SEO plugin v25.3.1 - https:\/\/yoast.com\/wordpress\/plugins\/seo\/ -->\n<title>Lamborguini Urus - Site modelo Bistec para Motors<\/title>\n<meta name=\"robots\" content=\"index, follow, max-snippet:-1, max-image-preview:large, max-video-preview:-1\" \/>\n<link rel=\"canonical\" href=\"https:\/\/site.bistec.com.pt\/motor\/produto\/lamborguini-urus\/\" \/>\n<meta property=\"og:locale\" content=\"pt_PT\" \/>\n<meta property=\"og:type\" content=\"article\" \/>\n<meta property=\"og:title\" content=\"Lamborguini Urus - Site modelo Bistec para Motors\" \/>\n<meta property=\"og:description\" content=\"4.0 V8 TURBO GASOLINA S AUTOM\u00c1TICO  Ano 2024\/2025  KM 0  C\u00e2mbio Autom\u00e1tico  Carroceria SUV\/Utilit\u00e1rio  Combust\u00edvel Gasolina\" \/>\n<meta property=\"og:url\" content=\"https:\/\/site.bistec.com.pt\/motor\/produto\/lamborguini-urus\/\" \/>\n<meta property=\"og:site_name\" content=\"Site modelo Bistec para Motors\" \/>\n<meta property=\"og:image\" content=\"https:\/\/site.bistec.com.pt\/motor\/wp-content\/uploads\/2024\/08\/lamborghini-urus-4-0-v8-turbo-gasolina-lp6504-automatico-wmimagem20511327620.webp\" \/>\n\t<meta property=\"og:image:width\" content=\"552\" \/>\n\t<meta property=\"og:image:height\" content=\"414\" \/>\n\t<meta property=\"og:image:type\" content=\"image\/webp\" \/>\n<meta name=\"twitter:card\" content=\"summary_large_image\" \/>\n<meta name=\"twitter:label1\" content=\"Tempo estimado de leitura\" \/>\n\t<meta name=\"twitter:data1\" content=\"1 minuto\" \/>\n<script type=\"application\/ld+json\" class=\"yoast-schema-graph\">{\"@context\":\"https:\/\/schema.org\",\"@graph\":[{\"@type\":\"WebPage\",\"@id\":\"https:\/\/site.bistec.com.pt\/motor\/produto\/lamborguini-urus\/\",\"url\":\"https:\/\/site.bistec.com.pt\/motor\/produto\/lamborguini-urus\/\",\"name\":\"Lamborguini Urus - Site modelo Bistec para Motors\",\"isPartOf\":{\"@id\":\"https:\/\/site.bistec.com.pt\/motor\/#website\"},\"primaryImageOfPage\":{\"@id\":\"https:\/\/site.bistec.com.pt\/motor\/produto\/lamborguini-urus\/#primaryimage\"},\"image\":{\"@id\":\"https:\/\/site.bistec.com.pt\/motor\/produto\/lamborguini-urus\/#primaryimage\"},\"thumbnailUrl\":\"https:\/\/site.bistec.com.pt\/motor\/wp-content\/uploads\/2024\/08\/lamborghini-urus-4-0-v8-turbo-gasolina-lp6504-automatico-wmimagem20511327620.webp\",\"datePublished\":\"2024-08-19T16:36:59+00:00\",\"breadcrumb\":{\"@id\":\"https:\/\/site.bistec.com.pt\/motor\/produto\/lamborguini-urus\/#breadcrumb\"},\"inLanguage\":\"pt-PT\",\"potentialAction\":[{\"@type\":\"ReadAction\",\"target\":[\"https:\/\/site.bistec.com.pt\/motor\/produto\/lamborguini-urus\/\"]}]},{\"@type\":\"ImageObject\",\"inLanguage\":\"pt-PT\",\"@id\":\"https:\/\/site.bistec.com.pt\/motor\/produto\/lamborguini-urus\/#primaryimage\",\"url\":\"https:\/\/site.bistec.com.pt\/motor\/wp-content\/uploads\/2024\/08\/lamborghini-urus-4-0-v8-turbo-gasolina-lp6504-automatico-wmimagem20511327620.webp\",\"contentUrl\":\"https:\/\/site.bistec.com.pt\/motor\/wp-content\/uploads\/2024\/08\/lamborghini-urus-4-0-v8-turbo-gasolina-lp6504-automatico-wmimagem20511327620.webp\",\"width\":552,\"height\":414},{\"@type\":\"BreadcrumbList\",\"@id\":\"https:\/\/site.bistec.com.pt\/motor\/produto\/lamborguini-urus\/#breadcrumb\",\"itemListElement\":[{\"@type\":\"ListItem\",\"position\":1,\"name\":\"In\u00edcio\",\"item\":\"https:\/\/site.bistec.com.pt\/motor\/\"},{\"@type\":\"ListItem\",\"position\":2,\"name\":\"Estoque\",\"item\":\"https:\/\/site.bistec.com.pt\/motor\/estoque\/\"},{\"@type\":\"ListItem\",\"position\":3,\"name\":\"Lamborguini Urus\"}]},{\"@type\":\"WebSite\",\"@id\":\"https:\/\/site.bistec.com.pt\/motor\/#website\",\"url\":\"https:\/\/site.bistec.com.pt\/motor\/\",\"name\":\"Bistec Motors - Site Modelo\",\"description\":\"Loja modelo Automotivo\",\"publisher\":{\"@id\":\"https:\/\/site.bistec.com.pt\/motor\/#organization\"},\"potentialAction\":[{\"@type\":\"SearchAction\",\"target\":{\"@type\":\"EntryPoint\",\"urlTemplate\":\"https:\/\/site.bistec.com.pt\/motor\/?s={search_term_string}\"},\"query-input\":{\"@type\":\"PropertyValueSpecification\",\"valueRequired\":true,\"valueName\":\"search_term_string\"}}],\"inLanguage\":\"pt-PT\"},{\"@type\":\"Organization\",\"@id\":\"https:\/\/site.bistec.com.pt\/motor\/#organization\",\"name\":\"Bistec\",\"url\":\"https:\/\/site.bistec.com.pt\/motor\/\",\"logo\":{\"@type\":\"ImageObject\",\"inLanguage\":\"pt-PT\",\"@id\":\"https:\/\/site.bistec.com.pt\/motor\/#\/schema\/logo\/image\/\",\"url\":\"https:\/\/site.bistec.com.pt\/motor\/wp-content\/uploads\/2024\/08\/Logotipo-Extenso.png\",\"contentUrl\":\"https:\/\/site.bistec.com.pt\/motor\/wp-content\/uploads\/2024\/08\/Logotipo-Extenso.png\",\"width\":1073,\"height\":565,\"caption\":\"Bistec\"},\"image\":{\"@id\":\"https:\/\/site.bistec.com.pt\/motor\/#\/schema\/logo\/image\/\"}}]}<\/script>\n<!-- \/ Yoast SEO plugin. -->","yoast_head_json":{"title":"Lamborguini Urus - Site modelo Bistec para Motors","robots":{"index":"index","follow":"follow","max-snippet":"max-snippet:-1","max-image-preview":"max-image-preview:large","max-video-preview":"max-video-preview:-1"},"canonical":"https:\/\/site.bistec.com.pt\/motor\/produto\/lamborguini-urus\/","og_locale":"pt_PT","og_type":"article","og_title":"Lamborguini Urus - Site modelo Bistec para Motors","og_description":"4.0 V8 TURBO GASOLINA S AUTOM\u00c1TICO  Ano 2024\/2025  KM 0  C\u00e2mbio Autom\u00e1tico  Carroceria SUV\/Utilit\u00e1rio  Combust\u00edvel Gasolina","og_url":"https:\/\/site.bistec.com.pt\/motor\/produto\/lamborguini-urus\/","og_site_name":"Site modelo Bistec para Motors","og_image":[{"width":552,"height":414,"url":"https:\/\/site.bistec.com.pt\/motor\/wp-content\/uploads\/2024\/08\/lamborghini-urus-4-0-v8-turbo-gasolina-lp6504-automatico-wmimagem20511327620.webp","type":"image\/webp"}],"twitter_card":"summary_large_image","twitter_misc":{"Tempo estimado de leitura":"1 minuto"},"schema":{"@context":"https:\/\/schema.org","@graph":[{"@type":"WebPage","@id":"https:\/\/site.bistec.com.pt\/motor\/produto\/lamborguini-urus\/","url":"https:\/\/site.bistec.com.pt\/motor\/produto\/lamborguini-urus\/","name":"Lamborguini Urus - Site modelo Bistec para Motors","isPartOf":{"@id":"https:\/\/site.bistec.com.pt\/motor\/#website"},"primaryImageOfPage":{"@id":"https:\/\/site.bistec.com.pt\/motor\/produto\/lamborguini-urus\/#primaryimage"},"image":{"@id":"https:\/\/site.bistec.com.pt\/motor\/produto\/lamborguini-urus\/#primaryimage"},"thumbnailUrl":"https:\/\/site.bistec.com.pt\/motor\/wp-content\/uploads\/2024\/08\/lamborghini-urus-4-0-v8-turbo-gasolina-lp6504-automatico-wmimagem20511327620.webp","datePublished":"2024-08-19T16:36:59+00:00","breadcrumb":{"@id":"https:\/\/site.bistec.com.pt\/motor\/produto\/lamborguini-urus\/#breadcrumb"},"inLanguage":"pt-PT","potentialAction":[{"@type":"ReadAction","target":["https:\/\/site.bistec.com.pt\/motor\/produto\/lamborguini-urus\/"]}]},{"@type":"ImageObject","inLanguage":"pt-PT","@id":"https:\/\/site.bistec.com.pt\/motor\/produto\/lamborguini-urus\/#primaryimage","url":"https:\/\/site.bistec.com.pt\/motor\/wp-content\/uploads\/2024\/08\/lamborghini-urus-4-0-v8-turbo-gasolina-lp6504-automatico-wmimagem20511327620.webp","contentUrl":"https:\/\/site.bistec.com.pt\/motor\/wp-content\/uploads\/2024\/08\/lamborghini-urus-4-0-v8-turbo-gasolina-lp6504-automatico-wmimagem20511327620.webp","width":552,"height":414},{"@type":"BreadcrumbList","@id":"https:\/\/site.bistec.com.pt\/motor\/produto\/lamborguini-urus\/#breadcrumb","itemListElement":[{"@type":"ListItem","position":1,"name":"In\u00edcio","item":"https:\/\/site.bistec.com.pt\/motor\/"},{"@type":"ListItem","position":2,"name":"Estoque","item":"https:\/\/site.bistec.com.pt\/motor\/estoque\/"},{"@type":"ListItem","position":3,"name":"Lamborguini Urus"}]},{"@type":"WebSite","@id":"https:\/\/site.bistec.com.pt\/motor\/#website","url":"https:\/\/site.bistec.com.pt\/motor\/","name":"Bistec Motors - Site Modelo","description":"Loja modelo Automotivo","publisher":{"@id":"https:\/\/site.bistec.com.pt\/motor\/#organization"},"potentialAction":[{"@type":"SearchAction","target":{"@type":"EntryPoint","urlTemplate":"https:\/\/site.bistec.com.pt\/motor\/?s={search_term_string}"},"query-input":{"@type":"PropertyValueSpecification","valueRequired":true,"valueName":"search_term_string"}}],"inLanguage":"pt-PT"},{"@type":"Organization","@id":"https:\/\/site.bistec.com.pt\/motor\/#organization","name":"Bistec","url":"https:\/\/site.bistec.com.pt\/motor\/","logo":{"@type":"ImageObject","inLanguage":"pt-PT","@id":"https:\/\/site.bistec.com.pt\/motor\/#\/schema\/logo\/image\/","url":"https:\/\/site.bistec.com.pt\/motor\/wp-content\/uploads\/2024\/08\/Logotipo-Extenso.png","contentUrl":"https:\/\/site.bistec.com.pt\/motor\/wp-content\/uploads\/2024\/08\/Logotipo-Extenso.png","width":1073,"height":565,"caption":"Bistec"},"image":{"@id":"https:\/\/site.bistec.com.pt\/motor\/#\/schema\/logo\/image\/"}}]}},"_links":{"self":[{"href":"https:\/\/site.bistec.com.pt\/motor\/wp-json\/wp\/v2\/product\/323","targetHints":{"allow":["GET"]}}],"collection":[{"href":"https:\/\/site.bistec.com.pt\/motor\/wp-json\/wp\/v2\/product"}],"about":[{"href":"https:\/\/site.bistec.com.pt\/motor\/wp-json\/wp\/v2\/types\/product"}],"replies":[{"embeddable":true,"href":"https:\/\/site.bistec.com.pt\/motor\/wp-json\/wp\/v2\/comments?post=323"}],"wp:featuredmedia":[{"embeddable":true,"href":"https:\/\/site.bistec.com.pt\/motor\/wp-json\/wp\/v2\/media\/339"}],"wp:attachment":[{"href":"https:\/\/site.bistec.com.pt\/motor\/wp-json\/wp\/v2\/media?parent=323"}],"wp:term":[{"taxonomy":"product_brand","embeddable":true,"href":"https:\/\/site.bistec.com.pt\/motor\/wp-json\/wp\/v2\/product_brand?post=323"},{"taxonomy":"product_cat","embeddable":true,"href":"https:\/\/site.bistec.com.pt\/motor\/wp-json\/wp\/v2\/product_cat?post=323"},{"taxonomy":"product_tag","embeddable":true,"href":"https:\/\/site.bistec.com.pt\/motor\/wp-json\/wp\/v2\/product_tag?post=323"}],"curies":[{"name":"wp","href":"https:\/\/api.w.org\/{rel}","templated":true}]}}