{"id":74,"date":"2024-08-09T19:18:07","date_gmt":"2024-08-09T18:18:07","guid":{"rendered":"https:\/\/site.bistec.com.pt\/motor\/?page_id=74"},"modified":"2024-08-21T21:36:43","modified_gmt":"2024-08-21T20:36:43","slug":"contacto","status":"publish","type":"page","link":"https:\/\/site.bistec.com.pt\/motor\/contacto\/","title":{"rendered":"Contacto"},"content":{"rendered":"\t\t<div data-elementor-type=\"wp-page\" data-elementor-id=\"74\" class=\"elementor elementor-74\" data-elementor-post-type=\"page\">\n\t\t\t\t<div class=\"elementor-element elementor-element-d875701 e-con-full e-flex e-con e-parent\" data-id=\"d875701\" data-element_type=\"container\">\n\t\t\t\t<div class=\"elementor-element elementor-element-6f8b722 elementor-widget elementor-widget-heading\" data-id=\"6f8b722\" data-element_type=\"widget\" data-widget_type=\"heading.default\">\n\t\t\t\t<div class=\"elementor-widget-container\">\n\t\t\t\t\t<h2 class=\"elementor-heading-title elementor-size-default\">Contacto<\/h2>\t\t\t\t<\/div>\n\t\t\t\t<\/div>\n\t\t<div class=\"elementor-element elementor-element-3114b96 e-flex e-con-boxed e-con e-child\" data-id=\"3114b96\" data-element_type=\"container\">\n\t\t\t\t\t<div class=\"e-con-inner\">\n\t\t<div class=\"elementor-element elementor-element-73c2a32 e-con-full e-flex e-con e-child\" data-id=\"73c2a32\" data-element_type=\"container\">\n\t\t\t\t<div class=\"elementor-element elementor-element-2a2c392 elementor-widget elementor-widget-text-editor\" data-id=\"2a2c392\" data-element_type=\"widget\" data-widget_type=\"text-editor.default\">\n\t\t\t\t<div class=\"elementor-widget-container\">\n\t\t\t\t\t\t\t\t\t<h3>Informa\u00e7\u00f5es de contacto<\/h3><p><strong>Correio eletr\u00f4nico:<\/strong> contacto@bistec.com.pt<\/p><p><strong>Telem\u00f3vel:<\/strong> <span style=\"color: #333399;\"><a style=\"color: #333399;\" href=\"tel:+351910332283\">+351 910 332 283<\/a><\/span><\/p><p><strong>Rede fixa:<\/strong> <span style=\"color: #333399;\"><a style=\"color: #333399;\" href=\"tel:+351308807114\">+351 308 807 114<\/a><\/span><\/p>\t\t\t\t\t\t\t\t<\/div>\n\t\t\t\t<\/div>\n\t\t\t\t<\/div>\n\t\t<div class=\"elementor-element elementor-element-a08ebbc e-con-full e-flex e-con e-child\" data-id=\"a08ebbc\" data-element_type=\"container\" data-settings=\"{&quot;background_background&quot;:&quot;classic&quot;}\">\n\t\t\t\t<div class=\"elementor-element elementor-element-a83d74e elementor-button-align-stretch elementor-widget elementor-widget-form\" data-id=\"a83d74e\" data-element_type=\"widget\" data-settings=\"{&quot;step_next_label&quot;:&quot;Next&quot;,&quot;step_previous_label&quot;:&quot;Previous&quot;,&quot;button_width&quot;:&quot;100&quot;,&quot;step_type&quot;:&quot;number_text&quot;,&quot;step_icon_shape&quot;:&quot;circle&quot;}\" data-widget_type=\"form.default\">\n\t\t\t\t<div class=\"elementor-widget-container\">\n\t\t\t\t\t\t\t<form class=\"elementor-form\" method=\"post\" name=\"Contacto\">\n\t\t\t<input type=\"hidden\" name=\"post_id\" value=\"74\"\/>\n\t\t\t<input type=\"hidden\" name=\"form_id\" value=\"a83d74e\"\/>\n\t\t\t<input type=\"hidden\" name=\"referer_title\" value=\"Site modelo Bistec para Motors\" \/>\n\n\t\t\t\n\t\t\t<div class=\"elementor-form-fields-wrapper elementor-labels-above\">\n\t\t\t\t\t\t\t\t<div class=\"elementor-field-type-text elementor-field-group elementor-column elementor-field-group-name elementor-col-100 elementor-field-required elementor-mark-required\">\n\t\t\t\t\t\t\t\t\t\t\t\t<label for=\"form-field-name\" class=\"elementor-field-label\">\n\t\t\t\t\t\t\t\tNome Completo\t\t\t\t\t\t\t<\/label>\n\t\t\t\t\t\t\t\t\t\t\t\t\t\t<input size=\"1\" type=\"text\" name=\"form_fields[name]\" id=\"form-field-name\" class=\"elementor-field elementor-size-sm  elementor-field-textual\" placeholder=\"Digite seu nome\" required=\"required\">\n\t\t\t\t\t\t\t\t\t\t\t<\/div>\n\t\t\t\t\t\t\t\t<div class=\"elementor-field-type-text elementor-field-group elementor-column elementor-field-group-field_36412ec elementor-col-100 elementor-field-required elementor-mark-required\">\n\t\t\t\t\t\t\t\t\t\t\t\t<label for=\"form-field-field_36412ec\" class=\"elementor-field-label\">\n\t\t\t\t\t\t\t\tTelem\u00f3vel\t\t\t\t\t\t\t<\/label>\n\t\t\t\t\t\t\t\t\t\t\t\t\t\t<input size=\"1\" type=\"text\" name=\"form_fields[field_36412ec]\" id=\"form-field-field_36412ec\" class=\"elementor-field elementor-size-sm  elementor-field-textual\" placeholder=\"Digite seu telem\u00f3vel\/telefone de contacto\" required=\"required\">\n\t\t\t\t\t\t\t\t\t\t\t<\/div>\n\t\t\t\t\t\t\t\t<div class=\"elementor-field-type-email elementor-field-group elementor-column elementor-field-group-email elementor-col-100 elementor-field-required elementor-mark-required\">\n\t\t\t\t\t\t\t\t\t\t\t\t<label for=\"form-field-email\" class=\"elementor-field-label\">\n\t\t\t\t\t\t\t\tEmail\t\t\t\t\t\t\t<\/label>\n\t\t\t\t\t\t\t\t\t\t\t\t\t\t<input size=\"1\" type=\"email\" name=\"form_fields[email]\" id=\"form-field-email\" class=\"elementor-field elementor-size-sm  elementor-field-textual\" placeholder=\"Digite seu correio eletr\u00f4nico\" required=\"required\">\n\t\t\t\t\t\t\t\t\t\t\t<\/div>\n\t\t\t\t\t\t\t\t<div class=\"elementor-field-type-text elementor-field-group elementor-column elementor-field-group-field_1c551fe elementor-col-100 elementor-field-required elementor-mark-required\">\n\t\t\t\t\t\t\t\t\t\t\t\t<label for=\"form-field-field_1c551fe\" class=\"elementor-field-label\">\n\t\t\t\t\t\t\t\tAssunto\t\t\t\t\t\t\t<\/label>\n\t\t\t\t\t\t\t\t\t\t\t\t\t\t<input size=\"1\" type=\"text\" name=\"form_fields[field_1c551fe]\" id=\"form-field-field_1c551fe\" class=\"elementor-field elementor-size-sm  elementor-field-textual\" placeholder=\"Digite o assunto de seu contacto\" required=\"required\">\n\t\t\t\t\t\t\t\t\t\t\t<\/div>\n\t\t\t\t\t\t\t\t<div class=\"elementor-field-type-textarea elementor-field-group elementor-column elementor-field-group-message elementor-col-100 elementor-field-required elementor-mark-required\">\n\t\t\t\t\t\t\t\t\t\t\t\t<label for=\"form-field-message\" class=\"elementor-field-label\">\n\t\t\t\t\t\t\t\tMensagem\t\t\t\t\t\t\t<\/label>\n\t\t\t\t\t\t<textarea class=\"elementor-field-textual elementor-field  elementor-size-sm\" name=\"form_fields[message]\" id=\"form-field-message\" rows=\"4\" placeholder=\"Digite sua mensagem\" required=\"required\"><\/textarea>\t\t\t\t<\/div>\n\t\t\t\t\t\t\t\t<div class=\"elementor-field-type-checkbox elementor-field-group elementor-column elementor-field-group-field_a8619d9 elementor-col-100\">\n\t\t\t\t\t<div class=\"elementor-field-subgroup  \"><span class=\"elementor-field-option\"><input type=\"checkbox\" value=\"Autorizo a empresa Bistec a utilizar os meus dados pessoais fornecidos neste formul\u00e1rio para fins de comunica\u00e7\u00e3o e envio de informa\u00e7\u00f5es relevantes. Estou ciente de que posso revogar esta autoriza\u00e7\u00e3o a qualquer momento, entrando em contacto com a Bistec atrav\u00e9s dos contactos fornecidos pela empresa neste website.\" id=\"form-field-field_a8619d9-0\" name=\"form_fields[field_a8619d9]\"> <label for=\"form-field-field_a8619d9-0\">Autorizo a empresa Bistec a utilizar os meus dados pessoais fornecidos neste formul\u00e1rio para fins de comunica\u00e7\u00e3o e envio de informa\u00e7\u00f5es relevantes. Estou ciente de que posso revogar esta autoriza\u00e7\u00e3o a qualquer momento, entrando em contacto com a Bistec atrav\u00e9s dos contactos fornecidos pela empresa neste website.<\/label><\/span><\/div>\t\t\t\t<\/div>\n\t\t\t\t\t\t\t\t<div class=\"elementor-field-group elementor-column elementor-field-type-submit elementor-col-100 e-form__buttons\">\n\t\t\t\t\t<button class=\"elementor-button elementor-size-sm\" type=\"submit\">\n\t\t\t\t\t\t<span class=\"elementor-button-content-wrapper\">\n\t\t\t\t\t\t\t\t\t\t\t\t\t\t\t\t\t\t\t\t\t\t<span class=\"elementor-button-text\">Enviar<\/span>\n\t\t\t\t\t\t\t\t\t\t\t\t\t<\/span>\n\t\t\t\t\t<\/button>\n\t\t\t\t<\/div>\n\t\t\t<\/div>\n\t\t<\/form>\n\t\t\t\t\t\t<\/div>\n\t\t\t\t<\/div>\n\t\t\t\t<\/div>\n\t\t\t\t\t<\/div>\n\t\t\t\t<\/div>\n\t\t<div class=\"elementor-element elementor-element-4f4f4c1 e-flex e-con-boxed e-con e-child\" data-id=\"4f4f4c1\" data-element_type=\"container\">\n\t\t\t\t\t<div class=\"e-con-inner\">\n\t\t<div class=\"elementor-element elementor-element-2b2fde6 e-con-full e-flex e-con e-child\" data-id=\"2b2fde6\" data-element_type=\"container\">\n\t\t\t\t<div class=\"elementor-element elementor-element-6c3d873 elementor-widget elementor-widget-google_maps\" data-id=\"6c3d873\" data-element_type=\"widget\" data-widget_type=\"google_maps.default\">\n\t\t\t\t<div class=\"elementor-widget-container\">\n\t\t\t\t\t\t\t<div class=\"elementor-custom-embed\">\n\t\t\t<iframe loading=\"lazy\"\n\t\t\t\t\tsrc=\"https:\/\/maps.google.com\/maps?q=Ciemar%2C%20Tv.%20Alexandre%20da%20Concei%C3%A7%C3%A3o%2C%20%C3%8Dlhavo%2C%20Portugal&#038;t=m&#038;z=15&#038;output=embed&#038;iwloc=near\"\n\t\t\t\t\ttitle=\"Ciemar, Tv. Alexandre da Concei\u00e7\u00e3o, \u00cdlhavo, Portugal\"\n\t\t\t\t\taria-label=\"Ciemar, Tv. Alexandre da Concei\u00e7\u00e3o, \u00cdlhavo, Portugal\"\n\t\t\t><\/iframe>\n\t\t<\/div>\n\t\t\t\t\t\t<\/div>\n\t\t\t\t<\/div>\n\t\t\t\t<\/div>\n\t\t<div class=\"elementor-element elementor-element-e2f1734 e-con-full e-flex e-con e-child\" data-id=\"e2f1734\" data-element_type=\"container\">\n\t\t\t\t<div class=\"elementor-element elementor-element-8a4ab30 elementor-widget elementor-widget-text-editor\" data-id=\"8a4ab30\" data-element_type=\"widget\" data-widget_type=\"text-editor.default\">\n\t\t\t\t<div class=\"elementor-widget-container\">\n\t\t\t\t\t\t\t\t\t<h3>Nossa Morada<\/h3><p>CIEMar \u00cdlhavo (Centro de Investiga\u00e7\u00e3o e Empreendedorismo)<\/p><p>Travessa Alexandre da Concei\u00e7\u00e3o, Gabinete 5<br \/>3830-196 \u00cdlhavo, Aveiro, Portugal<\/p><p>\u00a0<\/p><h3>Hor\u00e1rio de Funcionamento<\/h3><p><strong>Atendimento presencial:<\/strong><br \/>Segunda a sexta-feira, das 9h \u00e0s 13h e das 14h \u00e0s 17h<\/p><p><strong>Atendimento online:<\/strong><br \/>Segunda a sexta-feira, das 8:15h \u00e0s 13h e das 14h \u00e0s 18h<\/p>\t\t\t\t\t\t\t\t<\/div>\n\t\t\t\t<\/div>\n\t\t\t\t<div class=\"elementor-element elementor-element-160e5f2 elementor-widget elementor-widget-image\" data-id=\"160e5f2\" data-element_type=\"widget\" data-widget_type=\"image.default\">\n\t\t\t\t<div class=\"elementor-widget-container\">\n\t\t\t\t\t\t\t\t\t\t\t\t\t\t\t<img fetchpriority=\"high\" decoding=\"async\" width=\"500\" height=\"250\" src=\"https:\/\/site.bistec.com.pt\/motor\/wp-content\/uploads\/2024\/08\/Logo-iera-sem-fundo-500x250-1.png\" class=\"attachment-large size-large wp-image-153\" alt=\"\" srcset=\"https:\/\/site.bistec.com.pt\/motor\/wp-content\/uploads\/2024\/08\/Logo-iera-sem-fundo-500x250-1.png 500w, https:\/\/site.bistec.com.pt\/motor\/wp-content\/uploads\/2024\/08\/Logo-iera-sem-fundo-500x250-1-300x150.png 300w\" sizes=\"(max-width: 500px) 100vw, 500px\" \/>\t\t\t\t\t\t\t\t\t\t\t\t\t\t\t<\/div>\n\t\t\t\t<\/div>\n\t\t\t\t<\/div>\n\t\t\t\t\t<\/div>\n\t\t\t\t<\/div>\n\t\t\t\t<\/div>\n\t\t\t\t<\/div>\n\t\t","protected":false},"excerpt":{"rendered":"<p>Contacto Informa\u00e7\u00f5es de contacto Correio eletr\u00f4nico: contacto@bistec.com.pt Telem\u00f3vel: +351 910 332 283 Rede fixa: +351 308 807 114 Nossa Morada CIEMar \u00cdlhavo (Centro de Investiga\u00e7\u00e3o e Empreendedorismo) Travessa Alexandre da Concei\u00e7\u00e3o, Gabinete 53830-196 \u00cdlhavo, Aveiro, Portugal \u00a0 Hor\u00e1rio de Funcionamento Atendimento presencial:Segunda a sexta-feira, das 9h \u00e0s 13h e das 14h \u00e0s 17h Atendimento online:Segunda [&hellip;]<\/p>\n","protected":false},"author":1,"featured_media":0,"parent":0,"menu_order":0,"comment_status":"closed","ping_status":"closed","template":"elementor_header_footer","meta":{"footnotes":""},"class_list":["post-74","page","type-page","status-publish","hentry"],"yoast_head":"<!-- This site is optimized with the Yoast SEO plugin v25.3.1 - https:\/\/yoast.com\/wordpress\/plugins\/seo\/ -->\n<title>Contacto - Site modelo Bistec para Motors<\/title>\n<meta name=\"robots\" content=\"index, follow, max-snippet:-1, max-image-preview:large, max-video-preview:-1\" \/>\n<link rel=\"canonical\" href=\"https:\/\/site.bistec.com.pt\/motor\/contacto\/\" \/>\n<meta property=\"og:locale\" content=\"pt_PT\" \/>\n<meta property=\"og:type\" content=\"article\" \/>\n<meta property=\"og:title\" content=\"Contacto - Site modelo Bistec para Motors\" \/>\n<meta property=\"og:description\" content=\"Contacto Informa\u00e7\u00f5es de contacto Correio eletr\u00f4nico: contacto@bistec.com.pt Telem\u00f3vel: +351 910 332 283 Rede fixa: +351 308 807 114 Nossa Morada CIEMar \u00cdlhavo (Centro de Investiga\u00e7\u00e3o e Empreendedorismo) Travessa Alexandre da Concei\u00e7\u00e3o, Gabinete 53830-196 \u00cdlhavo, Aveiro, Portugal \u00a0 Hor\u00e1rio de Funcionamento Atendimento presencial:Segunda a sexta-feira, das 9h \u00e0s 13h e das 14h \u00e0s 17h Atendimento online:Segunda [&hellip;]\" \/>\n<meta property=\"og:url\" content=\"https:\/\/site.bistec.com.pt\/motor\/contacto\/\" \/>\n<meta property=\"og:site_name\" content=\"Site modelo Bistec para Motors\" \/>\n<meta property=\"article:modified_time\" content=\"2024-08-21T20:36:43+00:00\" \/>\n<meta property=\"og:image\" content=\"https:\/\/site.bistec.com.pt\/motor\/wp-content\/uploads\/2024\/08\/Logo-iera-sem-fundo-500x250-1.png\" \/>\n\t<meta property=\"og:image:width\" content=\"500\" \/>\n\t<meta property=\"og:image:height\" content=\"250\" \/>\n\t<meta property=\"og:image:type\" content=\"image\/png\" \/>\n<meta name=\"twitter:card\" content=\"summary_large_image\" \/>\n<script type=\"application\/ld+json\" class=\"yoast-schema-graph\">{\"@context\":\"https:\/\/schema.org\",\"@graph\":[{\"@type\":\"WebPage\",\"@id\":\"https:\/\/site.bistec.com.pt\/motor\/contacto\/\",\"url\":\"https:\/\/site.bistec.com.pt\/motor\/contacto\/\",\"name\":\"Contacto - Site modelo Bistec para Motors\",\"isPartOf\":{\"@id\":\"https:\/\/site.bistec.com.pt\/motor\/#website\"},\"primaryImageOfPage\":{\"@id\":\"https:\/\/site.bistec.com.pt\/motor\/contacto\/#primaryimage\"},\"image\":{\"@id\":\"https:\/\/site.bistec.com.pt\/motor\/contacto\/#primaryimage\"},\"thumbnailUrl\":\"https:\/\/site.bistec.com.pt\/motor\/wp-content\/uploads\/2024\/08\/Logo-iera-sem-fundo-500x250-1.png\",\"datePublished\":\"2024-08-09T18:18:07+00:00\",\"dateModified\":\"2024-08-21T20:36:43+00:00\",\"breadcrumb\":{\"@id\":\"https:\/\/site.bistec.com.pt\/motor\/contacto\/#breadcrumb\"},\"inLanguage\":\"pt-PT\",\"potentialAction\":[{\"@type\":\"ReadAction\",\"target\":[\"https:\/\/site.bistec.com.pt\/motor\/contacto\/\"]}]},{\"@type\":\"ImageObject\",\"inLanguage\":\"pt-PT\",\"@id\":\"https:\/\/site.bistec.com.pt\/motor\/contacto\/#primaryimage\",\"url\":\"https:\/\/site.bistec.com.pt\/motor\/wp-content\/uploads\/2024\/08\/Logo-iera-sem-fundo-500x250-1.png\",\"contentUrl\":\"https:\/\/site.bistec.com.pt\/motor\/wp-content\/uploads\/2024\/08\/Logo-iera-sem-fundo-500x250-1.png\",\"width\":500,\"height\":250},{\"@type\":\"BreadcrumbList\",\"@id\":\"https:\/\/site.bistec.com.pt\/motor\/contacto\/#breadcrumb\",\"itemListElement\":[{\"@type\":\"ListItem\",\"position\":1,\"name\":\"In\u00edcio\",\"item\":\"https:\/\/site.bistec.com.pt\/motor\/\"},{\"@type\":\"ListItem\",\"position\":2,\"name\":\"Contacto\"}]},{\"@type\":\"WebSite\",\"@id\":\"https:\/\/site.bistec.com.pt\/motor\/#website\",\"url\":\"https:\/\/site.bistec.com.pt\/motor\/\",\"name\":\"Bistec Motors - Site Modelo\",\"description\":\"Loja modelo Automotivo\",\"publisher\":{\"@id\":\"https:\/\/site.bistec.com.pt\/motor\/#organization\"},\"potentialAction\":[{\"@type\":\"SearchAction\",\"target\":{\"@type\":\"EntryPoint\",\"urlTemplate\":\"https:\/\/site.bistec.com.pt\/motor\/?s={search_term_string}\"},\"query-input\":{\"@type\":\"PropertyValueSpecification\",\"valueRequired\":true,\"valueName\":\"search_term_string\"}}],\"inLanguage\":\"pt-PT\"},{\"@type\":\"Organization\",\"@id\":\"https:\/\/site.bistec.com.pt\/motor\/#organization\",\"name\":\"Bistec\",\"url\":\"https:\/\/site.bistec.com.pt\/motor\/\",\"logo\":{\"@type\":\"ImageObject\",\"inLanguage\":\"pt-PT\",\"@id\":\"https:\/\/site.bistec.com.pt\/motor\/#\/schema\/logo\/image\/\",\"url\":\"https:\/\/site.bistec.com.pt\/motor\/wp-content\/uploads\/2024\/08\/Logotipo-Extenso.png\",\"contentUrl\":\"https:\/\/site.bistec.com.pt\/motor\/wp-content\/uploads\/2024\/08\/Logotipo-Extenso.png\",\"width\":1073,\"height\":565,\"caption\":\"Bistec\"},\"image\":{\"@id\":\"https:\/\/site.bistec.com.pt\/motor\/#\/schema\/logo\/image\/\"}}]}<\/script>\n<!-- \/ Yoast SEO plugin. -->","yoast_head_json":{"title":"Contacto - Site modelo Bistec para Motors","robots":{"index":"index","follow":"follow","max-snippet":"max-snippet:-1","max-image-preview":"max-image-preview:large","max-video-preview":"max-video-preview:-1"},"canonical":"https:\/\/site.bistec.com.pt\/motor\/contacto\/","og_locale":"pt_PT","og_type":"article","og_title":"Contacto - Site modelo Bistec para Motors","og_description":"Contacto Informa\u00e7\u00f5es de contacto Correio eletr\u00f4nico: contacto@bistec.com.pt Telem\u00f3vel: +351 910 332 283 Rede fixa: +351 308 807 114 Nossa Morada CIEMar \u00cdlhavo (Centro de Investiga\u00e7\u00e3o e Empreendedorismo) Travessa Alexandre da Concei\u00e7\u00e3o, Gabinete 53830-196 \u00cdlhavo, Aveiro, Portugal \u00a0 Hor\u00e1rio de Funcionamento Atendimento presencial:Segunda a sexta-feira, das 9h \u00e0s 13h e das 14h \u00e0s 17h Atendimento online:Segunda [&hellip;]","og_url":"https:\/\/site.bistec.com.pt\/motor\/contacto\/","og_site_name":"Site modelo Bistec para Motors","article_modified_time":"2024-08-21T20:36:43+00:00","og_image":[{"width":500,"height":250,"url":"https:\/\/site.bistec.com.pt\/motor\/wp-content\/uploads\/2024\/08\/Logo-iera-sem-fundo-500x250-1.png","type":"image\/png"}],"twitter_card":"summary_large_image","schema":{"@context":"https:\/\/schema.org","@graph":[{"@type":"WebPage","@id":"https:\/\/site.bistec.com.pt\/motor\/contacto\/","url":"https:\/\/site.bistec.com.pt\/motor\/contacto\/","name":"Contacto - Site modelo Bistec para Motors","isPartOf":{"@id":"https:\/\/site.bistec.com.pt\/motor\/#website"},"primaryImageOfPage":{"@id":"https:\/\/site.bistec.com.pt\/motor\/contacto\/#primaryimage"},"image":{"@id":"https:\/\/site.bistec.com.pt\/motor\/contacto\/#primaryimage"},"thumbnailUrl":"https:\/\/site.bistec.com.pt\/motor\/wp-content\/uploads\/2024\/08\/Logo-iera-sem-fundo-500x250-1.png","datePublished":"2024-08-09T18:18:07+00:00","dateModified":"2024-08-21T20:36:43+00:00","breadcrumb":{"@id":"https:\/\/site.bistec.com.pt\/motor\/contacto\/#breadcrumb"},"inLanguage":"pt-PT","potentialAction":[{"@type":"ReadAction","target":["https:\/\/site.bistec.com.pt\/motor\/contacto\/"]}]},{"@type":"ImageObject","inLanguage":"pt-PT","@id":"https:\/\/site.bistec.com.pt\/motor\/contacto\/#primaryimage","url":"https:\/\/site.bistec.com.pt\/motor\/wp-content\/uploads\/2024\/08\/Logo-iera-sem-fundo-500x250-1.png","contentUrl":"https:\/\/site.bistec.com.pt\/motor\/wp-content\/uploads\/2024\/08\/Logo-iera-sem-fundo-500x250-1.png","width":500,"height":250},{"@type":"BreadcrumbList","@id":"https:\/\/site.bistec.com.pt\/motor\/contacto\/#breadcrumb","itemListElement":[{"@type":"ListItem","position":1,"name":"In\u00edcio","item":"https:\/\/site.bistec.com.pt\/motor\/"},{"@type":"ListItem","position":2,"name":"Contacto"}]},{"@type":"WebSite","@id":"https:\/\/site.bistec.com.pt\/motor\/#website","url":"https:\/\/site.bistec.com.pt\/motor\/","name":"Bistec Motors - Site Modelo","description":"Loja modelo Automotivo","publisher":{"@id":"https:\/\/site.bistec.com.pt\/motor\/#organization"},"potentialAction":[{"@type":"SearchAction","target":{"@type":"EntryPoint","urlTemplate":"https:\/\/site.bistec.com.pt\/motor\/?s={search_term_string}"},"query-input":{"@type":"PropertyValueSpecification","valueRequired":true,"valueName":"search_term_string"}}],"inLanguage":"pt-PT"},{"@type":"Organization","@id":"https:\/\/site.bistec.com.pt\/motor\/#organization","name":"Bistec","url":"https:\/\/site.bistec.com.pt\/motor\/","logo":{"@type":"ImageObject","inLanguage":"pt-PT","@id":"https:\/\/site.bistec.com.pt\/motor\/#\/schema\/logo\/image\/","url":"https:\/\/site.bistec.com.pt\/motor\/wp-content\/uploads\/2024\/08\/Logotipo-Extenso.png","contentUrl":"https:\/\/site.bistec.com.pt\/motor\/wp-content\/uploads\/2024\/08\/Logotipo-Extenso.png","width":1073,"height":565,"caption":"Bistec"},"image":{"@id":"https:\/\/site.bistec.com.pt\/motor\/#\/schema\/logo\/image\/"}}]}},"_links":{"self":[{"href":"https:\/\/site.bistec.com.pt\/motor\/wp-json\/wp\/v2\/pages\/74","targetHints":{"allow":["GET"]}}],"collection":[{"href":"https:\/\/site.bistec.com.pt\/motor\/wp-json\/wp\/v2\/pages"}],"about":[{"href":"https:\/\/site.bistec.com.pt\/motor\/wp-json\/wp\/v2\/types\/page"}],"author":[{"embeddable":true,"href":"https:\/\/site.bistec.com.pt\/motor\/wp-json\/wp\/v2\/users\/1"}],"replies":[{"embeddable":true,"href":"https:\/\/site.bistec.com.pt\/motor\/wp-json\/wp\/v2\/comments?post=74"}],"version-history":[{"count":16,"href":"https:\/\/site.bistec.com.pt\/motor\/wp-json\/wp\/v2\/pages\/74\/revisions"}],"predecessor-version":[{"id":455,"href":"https:\/\/site.bistec.com.pt\/motor\/wp-json\/wp\/v2\/pages\/74\/revisions\/455"}],"wp:attachment":[{"href":"https:\/\/site.bistec.com.pt\/motor\/wp-json\/wp\/v2\/media?parent=74"}],"curies":[{"name":"wp","href":"https:\/\/api.w.org\/{rel}","templated":true}]}}