{"id":322,"date":"2025-03-13T14:40:25","date_gmt":"2025-03-13T14:40:25","guid":{"rendered":"https:\/\/site.bistec.com.pt\/chocolate\/?post_type=product&#038;p=322"},"modified":"2025-04-07T12:27:34","modified_gmt":"2025-04-07T12:27:34","slug":"bolo-de-chocolate","status":"publish","type":"product","link":"https:\/\/site.bistec.com.pt\/chocolate\/produto\/bolo-de-chocolate\/","title":{"rendered":"Bolo de Chocolate"},"content":{"rendered":"<div class=\"flex max-w-full flex-col flex-grow\">\n<div class=\"min-h-8 text-message relative flex w-full flex-col items-end gap-2 whitespace-normal break-words text-start [.text-message+&amp;]:mt-5\" dir=\"auto\" data-message-author-role=\"assistant\" data-message-id=\"b0527417-e97b-46fc-af8a-c8ce43916f52\" data-message-model-slug=\"gpt-4o-mini\">\n<div class=\"flex w-full flex-col gap-1 empty:hidden first:pt-[3px]\">\n<div class=\"markdown prose w-full break-words dark:prose-invert light\">\n<p data-start=\"59\" data-end=\"343\">O nosso bolo de chocolate \u00e9 uma verdadeira tenta\u00e7\u00e3o, com uma massa fofinha e rica, recheada com o melhor chocolate. Feito com ingredientes de alta qualidade e preparado com carinho, oferece uma experi\u00eancia de sabor intensa e suave ao mesmo tempo, perfeita para qualquer ocasi\u00e3o.<\/p>\n<p data-start=\"345\" data-end=\"435\" data-is-last-node=\"\" data-is-only-node=\"\">Cada fatia \u00e9 uma explos\u00e3o de sabor \u2013 o bolo de chocolate que vai conquistar o seu paladar.<\/p>\n<\/div>\n<\/div>\n<\/div>\n<\/div>\n","protected":false},"excerpt":{"rendered":"<p>O nosso bolo de chocolate \u00e9 uma verdadeira tenta\u00e7\u00e3o, com uma massa fofinha e rica, recheada com o melhor chocolate. Feito com ingredientes de alta qualidade e preparado com carinho, oferece uma experi\u00eancia de sabor intensa e suave ao mesmo tempo, perfeita para qualquer ocasi\u00e3o. Cada fatia \u00e9 uma explos\u00e3o de sabor \u2013 o bolo&#8230;<\/p>\n","protected":false},"featured_media":311,"comment_status":"open","ping_status":"closed","template":"","meta":{"_kad_post_transparent":"default","_kad_post_title":"","_kad_post_layout":"default","_kad_post_sidebar_id":"","_kad_post_content_style":"default","_kad_post_vertical_padding":"default","_kad_post_feature":"","_kad_post_feature_position":"","_kad_post_header":false,"_kad_post_footer":false},"product_brand":[],"product_cat":[26,27],"product_tag":[],"class_list":{"0":"post-322","1":"product","2":"type-product","3":"status-publish","4":"has-post-thumbnail","6":"product_cat-bolos","7":"product_cat-chocolate","9":"first","10":"instock","11":"shipping-taxable","12":"purchasable","13":"product-type-simple","14":"entry","15":"content-bg","16":"loop-entry"},"_links":{"self":[{"href":"https:\/\/site.bistec.com.pt\/chocolate\/wp-json\/wp\/v2\/product\/322","targetHints":{"allow":["GET"]}}],"collection":[{"href":"https:\/\/site.bistec.com.pt\/chocolate\/wp-json\/wp\/v2\/product"}],"about":[{"href":"https:\/\/site.bistec.com.pt\/chocolate\/wp-json\/wp\/v2\/types\/product"}],"replies":[{"embeddable":true,"href":"https:\/\/site.bistec.com.pt\/chocolate\/wp-json\/wp\/v2\/comments?post=322"}],"version-history":[{"count":0,"href":"https:\/\/site.bistec.com.pt\/chocolate\/wp-json\/wp\/v2\/product\/322\/revisions"}],"wp:featuredmedia":[{"embeddable":true,"href":"https:\/\/site.bistec.com.pt\/chocolate\/wp-json\/wp\/v2\/media\/311"}],"wp:attachment":[{"href":"https:\/\/site.bistec.com.pt\/chocolate\/wp-json\/wp\/v2\/media?parent=322"}],"wp:term":[{"taxonomy":"product_brand","embeddable":true,"href":"https:\/\/site.bistec.com.pt\/chocolate\/wp-json\/wp\/v2\/product_brand?post=322"},{"taxonomy":"product_cat","embeddable":true,"href":"https:\/\/site.bistec.com.pt\/chocolate\/wp-json\/wp\/v2\/product_cat?post=322"},{"taxonomy":"product_tag","embeddable":true,"href":"https:\/\/site.bistec.com.pt\/chocolate\/wp-json\/wp\/v2\/product_tag?post=322"}],"curies":[{"name":"wp","href":"https:\/\/api.w.org\/{rel}","templated":true}]}}