{"id":304,"date":"2025-03-13T14:23:41","date_gmt":"2025-03-13T14:23:41","guid":{"rendered":"https:\/\/site.bistec.com.pt\/chocolate\/?post_type=product&#038;p=304"},"modified":"2025-03-13T14:56:53","modified_gmt":"2025-03-13T14:56:53","slug":"chocolate-branco","status":"publish","type":"product","link":"https:\/\/site.bistec.com.pt\/chocolate\/produto\/chocolate-branco\/","title":{"rendered":"Chocolate Branco"},"content":{"rendered":"<p data-start=\"39\" data-end=\"266\">Tudo come\u00e7ou com a vontade de criar um chocolate branco que fosse verdadeiramente especial. Na Bistec, combinamos ingredientes selecionados para alcan\u00e7ar a textura cremosa e o sabor equilibrado que conquistam cada peda\u00e7o.<\/p>\n<p data-start=\"268\" data-end=\"444\" data-is-last-node=\"\" data-is-only-node=\"\">Cada receita conta um pouco da nossa hist\u00f3ria e do compromisso com a qualidade. Quer saber mais sobre como transformamos os melhores ingredientes em experi\u00eancias inesquec\u00edveis?<\/p>\n","protected":false},"excerpt":{"rendered":"<p>Tudo come\u00e7ou com a vontade de criar um chocolate branco que fosse verdadeiramente especial. Na Bistec, combinamos ingredientes selecionados para alcan\u00e7ar a textura cremosa e o sabor equilibrado que conquistam cada peda\u00e7o.<\/p>\n","protected":false},"featured_media":307,"comment_status":"open","ping_status":"closed","template":"","meta":{"_kad_post_transparent":"default","_kad_post_title":"","_kad_post_layout":"default","_kad_post_sidebar_id":"","_kad_post_content_style":"default","_kad_post_vertical_padding":"default","_kad_post_feature":"","_kad_post_feature_position":"","_kad_post_header":false,"_kad_post_footer":false},"product_brand":[],"product_cat":[15],"product_tag":[],"class_list":{"0":"post-304","1":"product","2":"type-product","3":"status-publish","4":"has-post-thumbnail","6":"product_cat-sem-categoria","8":"first","9":"instock","10":"shipping-taxable","11":"purchasable","12":"product-type-simple","13":"entry","14":"content-bg","15":"loop-entry"},"_links":{"self":[{"href":"https:\/\/site.bistec.com.pt\/chocolate\/wp-json\/wp\/v2\/product\/304","targetHints":{"allow":["GET"]}}],"collection":[{"href":"https:\/\/site.bistec.com.pt\/chocolate\/wp-json\/wp\/v2\/product"}],"about":[{"href":"https:\/\/site.bistec.com.pt\/chocolate\/wp-json\/wp\/v2\/types\/product"}],"replies":[{"embeddable":true,"href":"https:\/\/site.bistec.com.pt\/chocolate\/wp-json\/wp\/v2\/comments?post=304"}],"version-history":[{"count":0,"href":"https:\/\/site.bistec.com.pt\/chocolate\/wp-json\/wp\/v2\/product\/304\/revisions"}],"wp:featuredmedia":[{"embeddable":true,"href":"https:\/\/site.bistec.com.pt\/chocolate\/wp-json\/wp\/v2\/media\/307"}],"wp:attachment":[{"href":"https:\/\/site.bistec.com.pt\/chocolate\/wp-json\/wp\/v2\/media?parent=304"}],"wp:term":[{"taxonomy":"product_brand","embeddable":true,"href":"https:\/\/site.bistec.com.pt\/chocolate\/wp-json\/wp\/v2\/product_brand?post=304"},{"taxonomy":"product_cat","embeddable":true,"href":"https:\/\/site.bistec.com.pt\/chocolate\/wp-json\/wp\/v2\/product_cat?post=304"},{"taxonomy":"product_tag","embeddable":true,"href":"https:\/\/site.bistec.com.pt\/chocolate\/wp-json\/wp\/v2\/product_tag?post=304"}],"curies":[{"name":"wp","href":"https:\/\/api.w.org\/{rel}","templated":true}]}}