{"id":129,"date":"2025-03-10T18:21:28","date_gmt":"2025-03-10T18:21:28","guid":{"rendered":"https:\/\/site.bistec.com.pt\/chocolate\/?post_type=product&#038;p=129"},"modified":"2025-03-13T17:30:45","modified_gmt":"2025-03-13T17:30:45","slug":"chocolate-50","status":"publish","type":"product","link":"https:\/\/site.bistec.com.pt\/chocolate\/produto\/chocolate-50\/","title":{"rendered":"Chocolate 50%"},"content":{"rendered":"<p data-start=\"28\" data-end=\"228\">Perfeito para quem busca o equil\u00edbrio entre do\u00e7ura e intensidade, o Chocolate 50% Bistec combina a riqueza do cacau com a suavidade do a\u00e7\u00facar, resultando em um sabor envolvente e harmonioso.<\/p>\n<p data-start=\"230\" data-end=\"500\">Com 50% de cacau, este chocolate apresenta uma textura cremosa e um leve toque amargo, ideal para saborear a qualquer momento. Seja puro, acompanhado de um caf\u00e9 ou utilizado em sobremesas especiais, ele entrega uma experi\u00eancia irresist\u00edvel para todos os paladares.<\/p>\n","protected":false},"excerpt":{"rendered":"<p>Perfeito para quem busca o equil\u00edbrio entre do\u00e7ura e intensidade, o Chocolate 50% Bistec combina a riqueza do cacau com a suavidade do a\u00e7\u00facar, resultando em um sabor envolvente e harmonioso.<\/p>\n","protected":false},"featured_media":168,"comment_status":"open","ping_status":"closed","template":"","meta":{"_kad_post_transparent":"default","_kad_post_title":"","_kad_post_layout":"default","_kad_post_sidebar_id":"","_kad_post_content_style":"default","_kad_post_vertical_padding":"default","_kad_post_feature":"","_kad_post_feature_position":"","_kad_post_header":false,"_kad_post_footer":false},"product_brand":[],"product_cat":[21,20],"product_tag":[],"class_list":{"0":"post-129","1":"product","2":"type-product","3":"status-publish","4":"has-post-thumbnail","6":"product_cat-21","7":"product_cat-meio-amargo","9":"first","10":"instock","11":"shipping-taxable","12":"purchasable","13":"product-type-simple","14":"entry","15":"content-bg","16":"loop-entry"},"_links":{"self":[{"href":"https:\/\/site.bistec.com.pt\/chocolate\/wp-json\/wp\/v2\/product\/129","targetHints":{"allow":["GET"]}}],"collection":[{"href":"https:\/\/site.bistec.com.pt\/chocolate\/wp-json\/wp\/v2\/product"}],"about":[{"href":"https:\/\/site.bistec.com.pt\/chocolate\/wp-json\/wp\/v2\/types\/product"}],"replies":[{"embeddable":true,"href":"https:\/\/site.bistec.com.pt\/chocolate\/wp-json\/wp\/v2\/comments?post=129"}],"version-history":[{"count":0,"href":"https:\/\/site.bistec.com.pt\/chocolate\/wp-json\/wp\/v2\/product\/129\/revisions"}],"wp:featuredmedia":[{"embeddable":true,"href":"https:\/\/site.bistec.com.pt\/chocolate\/wp-json\/wp\/v2\/media\/168"}],"wp:attachment":[{"href":"https:\/\/site.bistec.com.pt\/chocolate\/wp-json\/wp\/v2\/media?parent=129"}],"wp:term":[{"taxonomy":"product_brand","embeddable":true,"href":"https:\/\/site.bistec.com.pt\/chocolate\/wp-json\/wp\/v2\/product_brand?post=129"},{"taxonomy":"product_cat","embeddable":true,"href":"https:\/\/site.bistec.com.pt\/chocolate\/wp-json\/wp\/v2\/product_cat?post=129"},{"taxonomy":"product_tag","embeddable":true,"href":"https:\/\/site.bistec.com.pt\/chocolate\/wp-json\/wp\/v2\/product_tag?post=129"}],"curies":[{"name":"wp","href":"https:\/\/api.w.org\/{rel}","templated":true}]}}