{"id":79,"date":"2025-03-10T13:33:15","date_gmt":"2025-03-10T13:33:15","guid":{"rendered":"https:\/\/site.bistec.com.pt\/chocolate\/?page_id=79"},"modified":"2025-04-07T11:56:42","modified_gmt":"2025-04-07T11:56:42","slug":"sobre-nos","status":"publish","type":"page","link":"https:\/\/site.bistec.com.pt\/chocolate\/sobre-nos\/","title":{"rendered":"Sobre N\u00f3s"},"content":{"rendered":"\t\t<div data-elementor-type=\"wp-page\" data-elementor-id=\"79\" class=\"elementor elementor-79\" data-elementor-post-type=\"page\">\n\t\t\t\t<div class=\"elementor-element elementor-element-5909dcc e-flex e-con-boxed e-con e-parent\" data-id=\"5909dcc\" data-element_type=\"container\" data-settings=\"{&quot;background_background&quot;:&quot;classic&quot;}\">\n\t\t\t\t\t<div class=\"e-con-inner\">\n\t\t\t\t\t<\/div>\n\t\t\t\t<\/div>\n\t\t<div class=\"elementor-element elementor-element-be24d7d e-flex e-con-boxed e-con e-parent\" data-id=\"be24d7d\" data-element_type=\"container\">\n\t\t\t\t\t<div class=\"e-con-inner\">\n\t\t\t\t<div class=\"elementor-element elementor-element-148c4f7 elementor-widget elementor-widget-spacer\" data-id=\"148c4f7\" data-element_type=\"widget\" data-widget_type=\"spacer.default\">\n\t\t\t\t<div class=\"elementor-widget-container\">\n\t\t\t\t\t\t\t<div class=\"elementor-spacer\">\n\t\t\t<div class=\"elementor-spacer-inner\"><\/div>\n\t\t<\/div>\n\t\t\t\t\t\t<\/div>\n\t\t\t\t<\/div>\n\t\t\t\t\t<\/div>\n\t\t\t\t<\/div>\n\t\t<div class=\"elementor-element elementor-element-6831062 e-flex e-con-boxed e-con e-parent\" data-id=\"6831062\" data-element_type=\"container\">\n\t\t\t\t\t<div class=\"e-con-inner\">\n\t\t\t\t<div class=\"elementor-element elementor-element-4d76b53 elementor-invisible elementor-widget elementor-widget-heading\" data-id=\"4d76b53\" data-element_type=\"widget\" data-settings=\"{&quot;_animation&quot;:&quot;fadeInDown&quot;}\" data-widget_type=\"heading.default\">\n\t\t\t\t<div class=\"elementor-widget-container\">\n\t\t\t\t\t<h2 class=\"elementor-heading-title elementor-size-default\">Mais do que chocolate, uma<\/h2>\t\t\t\t<\/div>\n\t\t\t\t<\/div>\n\t\t\t\t<div class=\"elementor-element elementor-element-a6d20a0 elementor-invisible elementor-widget elementor-widget-heading\" data-id=\"a6d20a0\" data-element_type=\"widget\" data-settings=\"{&quot;_animation&quot;:&quot;fadeInDown&quot;,&quot;_animation_delay&quot;:900}\" data-widget_type=\"heading.default\">\n\t\t\t\t<div class=\"elementor-widget-container\">\n\t\t\t\t\t<h2 class=\"elementor-heading-title elementor-size-default\">JORNADA DE SABOR\n\n<\/h2>\t\t\t\t<\/div>\n\t\t\t\t<\/div>\n\t\t\t\t\t<\/div>\n\t\t\t\t<\/div>\n\t\t<div class=\"elementor-element elementor-element-c2c24dc e-flex e-con-boxed e-con e-parent\" data-id=\"c2c24dc\" data-element_type=\"container\">\n\t\t\t\t\t<div class=\"e-con-inner\">\n\t\t<div class=\"elementor-element elementor-element-7141e97 e-con-full e-flex e-con e-child\" data-id=\"7141e97\" data-element_type=\"container\">\n\t\t\t\t<div class=\"elementor-element elementor-element-2a6f479 elementor-widget elementor-widget-image\" data-id=\"2a6f479\" data-element_type=\"widget\" data-settings=\"{&quot;_animation_mobile&quot;:&quot;fadeInLeft&quot;}\" data-widget_type=\"image.default\">\n\t\t\t\t<div class=\"elementor-widget-container\">\n\t\t\t\t\t\t\t\t\t\t\t\t\t\t\t<img fetchpriority=\"high\" decoding=\"async\" width=\"512\" height=\"512\" src=\"https:\/\/site.bistec.com.pt\/chocolate\/wp-content\/uploads\/2025\/03\/cropped-Logo-de-pizzaria-Artesanal-Vintage-1.png\" class=\"attachment-large size-large wp-image-70\" alt=\"\" srcset=\"https:\/\/site.bistec.com.pt\/chocolate\/wp-content\/uploads\/2025\/03\/cropped-Logo-de-pizzaria-Artesanal-Vintage-1.png 512w, https:\/\/site.bistec.com.pt\/chocolate\/wp-content\/uploads\/2025\/03\/cropped-Logo-de-pizzaria-Artesanal-Vintage-1-300x300.png 300w, https:\/\/site.bistec.com.pt\/chocolate\/wp-content\/uploads\/2025\/03\/cropped-Logo-de-pizzaria-Artesanal-Vintage-1-150x150.png 150w, https:\/\/site.bistec.com.pt\/chocolate\/wp-content\/uploads\/2025\/03\/cropped-Logo-de-pizzaria-Artesanal-Vintage-1-100x100.png 100w, https:\/\/site.bistec.com.pt\/chocolate\/wp-content\/uploads\/2025\/03\/cropped-Logo-de-pizzaria-Artesanal-Vintage-1-270x270.png 270w, https:\/\/site.bistec.com.pt\/chocolate\/wp-content\/uploads\/2025\/03\/cropped-Logo-de-pizzaria-Artesanal-Vintage-1-192x192.png 192w, https:\/\/site.bistec.com.pt\/chocolate\/wp-content\/uploads\/2025\/03\/cropped-Logo-de-pizzaria-Artesanal-Vintage-1-180x180.png 180w, https:\/\/site.bistec.com.pt\/chocolate\/wp-content\/uploads\/2025\/03\/cropped-Logo-de-pizzaria-Artesanal-Vintage-1-32x32.png 32w\" sizes=\"(max-width: 512px) 100vw, 512px\" \/>\t\t\t\t\t\t\t\t\t\t\t\t\t\t\t<\/div>\n\t\t\t\t<\/div>\n\t\t\t\t<\/div>\n\t\t<div class=\"elementor-element elementor-element-0b0d7e3 e-con-full e-flex e-con e-child\" data-id=\"0b0d7e3\" data-element_type=\"container\">\n\t\t\t\t<div class=\"elementor-element elementor-element-18bc9af elementor-widget__width-initial elementor-widget elementor-widget-text-editor\" data-id=\"18bc9af\" data-element_type=\"widget\" data-settings=\"{&quot;_animation_mobile&quot;:&quot;fadeInRight&quot;}\" data-widget_type=\"text-editor.default\">\n\t\t\t\t<div class=\"elementor-widget-container\">\n\t\t\t\t\t\t\t\t\t<p>A <strong data-start=\"203\" data-end=\"213\">Bistec<\/strong> nasceu da paix\u00e3o pelo verdadeiro sabor do chocolate. Desde o in\u00edcio, o nosso objetivo foi sempre criar chocolates aut\u00eanticos, feitos com ingredientes selecionados e um processo artesanal que respeita cada detalhe, desde a escolha do cacau at\u00e9 \u00e0 experi\u00eancia final de degusta\u00e7\u00e3o.<\/p><p data-start=\"495\" data-end=\"739\">Combinamos tradi\u00e7\u00e3o e inova\u00e7\u00e3o para oferecer produtos que despertam os sentidos. Cada tablete, trufa e cria\u00e7\u00e3o especial reflete o nosso compromisso com a qualidade, proporcionando momentos \u00fanicos para os verdadeiros apreciadores de chocolate.<\/p>\t\t\t\t\t\t\t\t<\/div>\n\t\t\t\t<\/div>\n\t\t\t\t<\/div>\n\t\t\t\t\t<\/div>\n\t\t\t\t<\/div>\n\t\t<div class=\"elementor-element elementor-element-860fc19 e-flex e-con-boxed e-con e-parent\" data-id=\"860fc19\" data-element_type=\"container\">\n\t\t\t\t\t<div class=\"e-con-inner\">\n\t\t\t\t<div class=\"elementor-element elementor-element-b25114c elementor-widget elementor-widget-spacer\" data-id=\"b25114c\" data-element_type=\"widget\" data-widget_type=\"spacer.default\">\n\t\t\t\t<div class=\"elementor-widget-container\">\n\t\t\t\t\t\t\t<div class=\"elementor-spacer\">\n\t\t\t<div class=\"elementor-spacer-inner\"><\/div>\n\t\t<\/div>\n\t\t\t\t\t\t<\/div>\n\t\t\t\t<\/div>\n\t\t\t\t\t<\/div>\n\t\t\t\t<\/div>\n\t\t<div class=\"elementor-element elementor-element-5aa2714 e-flex e-con-boxed e-con e-parent\" data-id=\"5aa2714\" data-element_type=\"container\" data-settings=\"{&quot;background_background&quot;:&quot;classic&quot;}\">\n\t\t\t\t\t<div class=\"e-con-inner\">\n\t\t<div class=\"elementor-element elementor-element-4832433 e-con-full e-flex e-con e-child\" data-id=\"4832433\" data-element_type=\"container\">\n\t\t\t\t<div class=\"elementor-element elementor-element-e86000c elementor-widget elementor-widget-heading\" data-id=\"e86000c\" data-element_type=\"widget\" data-widget_type=\"heading.default\">\n\t\t\t\t<div class=\"elementor-widget-container\">\n\t\t\t\t\t<h2 class=\"elementor-heading-title elementor-size-default\">Miss\u00e3o<\/h2>\t\t\t\t<\/div>\n\t\t\t\t<\/div>\n\t\t\t\t<div class=\"elementor-element elementor-element-ee4b085 elementor-widget__width-initial elementor-widget elementor-widget-text-editor\" data-id=\"ee4b085\" data-element_type=\"widget\" data-settings=\"{&quot;_animation_mobile&quot;:&quot;fadeInRight&quot;}\" data-widget_type=\"text-editor.default\">\n\t\t\t\t<div class=\"elementor-widget-container\">\n\t\t\t\t\t\t\t\t\t<p>Oferecer chocolates de alta qualidade, feitos com os melhores ingredientes, respeitando as tradi\u00e7\u00f5es artesanais e proporcionando momentos de prazer \u00fanicos aos verdadeiros apreciadores de cacau.<\/p>\t\t\t\t\t\t\t\t<\/div>\n\t\t\t\t<\/div>\n\t\t\t\t<div class=\"elementor-element elementor-element-53691e2 elementor-widget elementor-widget-heading\" data-id=\"53691e2\" data-element_type=\"widget\" data-widget_type=\"heading.default\">\n\t\t\t\t<div class=\"elementor-widget-container\">\n\t\t\t\t\t<h2 class=\"elementor-heading-title elementor-size-default\">Vis\u00e3o<\/h2>\t\t\t\t<\/div>\n\t\t\t\t<\/div>\n\t\t\t\t<div class=\"elementor-element elementor-element-fe0cf5b elementor-widget__width-initial elementor-widget elementor-widget-text-editor\" data-id=\"fe0cf5b\" data-element_type=\"widget\" data-settings=\"{&quot;_animation_mobile&quot;:&quot;fadeInRight&quot;}\" data-widget_type=\"text-editor.default\">\n\t\t\t\t<div class=\"elementor-widget-container\">\n\t\t\t\t\t\t\t\t\t<p>Ser uma refer\u00eancia no mercado de chocolates premium, reconhecida pela excel\u00eancia dos nossos produtos, inova\u00e7\u00e3o e compromisso com a sustentabilidade.<\/p>\t\t\t\t\t\t\t\t<\/div>\n\t\t\t\t<\/div>\n\t\t\t\t<div class=\"elementor-element elementor-element-09190ef elementor-widget elementor-widget-heading\" data-id=\"09190ef\" data-element_type=\"widget\" data-widget_type=\"heading.default\">\n\t\t\t\t<div class=\"elementor-widget-container\">\n\t\t\t\t\t<h2 class=\"elementor-heading-title elementor-size-default\">Valores<\/h2>\t\t\t\t<\/div>\n\t\t\t\t<\/div>\n\t\t\t\t<div class=\"elementor-element elementor-element-b1c9e5f elementor-widget__width-initial elementor-widget elementor-widget-text-editor\" data-id=\"b1c9e5f\" data-element_type=\"widget\" data-settings=\"{&quot;_animation_mobile&quot;:&quot;fadeInRight&quot;}\" data-widget_type=\"text-editor.default\">\n\t\t\t\t<div class=\"elementor-widget-container\">\n\t\t\t\t\t\t\t\t\t<p><strong>Qualidade<\/strong> \u2013 Utilizamos apenas os melhores ingredientes para criar chocolates inesquec\u00edveis.<br data-start=\"1173\" data-end=\"1176\" \/><strong>Sustentabilidade<\/strong> \u2013 Respeitamos o meio ambiente e procuramos pr\u00e1ticas respons\u00e1veis na produ\u00e7\u00e3o.<br data-start=\"1277\" data-end=\"1280\" \/><strong>Paix\u00e3o<\/strong> \u2013 Amamos o que fazemos e colocamos dedica\u00e7\u00e3o em cada detalhe.<br data-start=\"1355\" data-end=\"1358\" \/><strong>Tradi\u00e7\u00e3o &amp; Inova\u00e7\u00e3o<\/strong> \u2013 Honramos as ra\u00edzes do chocolate, mas tamb\u00e9m exploramos novas formas de surpreender os nossos clientes.<\/p>\t\t\t\t\t\t\t\t<\/div>\n\t\t\t\t<\/div>\n\t\t\t\t<\/div>\n\t\t\t\t<div class=\"elementor-element elementor-element-29ffad7 elementor-widget__width-initial elementor-widget elementor-widget-spacer\" data-id=\"29ffad7\" data-element_type=\"widget\" data-widget_type=\"spacer.default\">\n\t\t\t\t<div class=\"elementor-widget-container\">\n\t\t\t\t\t\t\t<div class=\"elementor-spacer\">\n\t\t\t<div class=\"elementor-spacer-inner\"><\/div>\n\t\t<\/div>\n\t\t\t\t\t\t<\/div>\n\t\t\t\t<\/div>\n\t\t<div class=\"elementor-element elementor-element-9df69f1 e-con-full e-flex e-con e-child\" data-id=\"9df69f1\" data-element_type=\"container\">\n\t\t\t\t<div class=\"elementor-element elementor-element-6f1b865 elementor-widget elementor-widget-image\" data-id=\"6f1b865\" data-element_type=\"widget\" data-widget_type=\"image.default\">\n\t\t\t\t<div class=\"elementor-widget-container\">\n\t\t\t\t\t\t\t\t\t\t\t\t\t\t\t<img decoding=\"async\" width=\"530\" height=\"1024\" src=\"https:\/\/site.bistec.com.pt\/chocolate\/wp-content\/uploads\/2025\/03\/close-up-delicious-chocolate-bar-e1741810255915-530x1024.webp\" class=\"attachment-large size-large wp-image-276\" alt=\"\" srcset=\"https:\/\/site.bistec.com.pt\/chocolate\/wp-content\/uploads\/2025\/03\/close-up-delicious-chocolate-bar-e1741810255915-530x1024.webp 530w, https:\/\/site.bistec.com.pt\/chocolate\/wp-content\/uploads\/2025\/03\/close-up-delicious-chocolate-bar-e1741810255915-600x1158.webp 600w, https:\/\/site.bistec.com.pt\/chocolate\/wp-content\/uploads\/2025\/03\/close-up-delicious-chocolate-bar-e1741810255915-155x300.webp 155w, https:\/\/site.bistec.com.pt\/chocolate\/wp-content\/uploads\/2025\/03\/close-up-delicious-chocolate-bar-e1741810255915-768x1483.webp 768w, https:\/\/site.bistec.com.pt\/chocolate\/wp-content\/uploads\/2025\/03\/close-up-delicious-chocolate-bar-e1741810255915-796x1536.webp 796w, https:\/\/site.bistec.com.pt\/chocolate\/wp-content\/uploads\/2025\/03\/close-up-delicious-chocolate-bar-e1741810255915.webp 877w\" sizes=\"(max-width: 530px) 100vw, 530px\" \/>\t\t\t\t\t\t\t\t\t\t\t\t\t\t\t<\/div>\n\t\t\t\t<\/div>\n\t\t\t\t<\/div>\n\t\t\t\t\t<\/div>\n\t\t\t\t<\/div>\n\t\t<div class=\"elementor-element elementor-element-0accdc7 e-flex e-con-boxed e-con e-parent\" data-id=\"0accdc7\" data-element_type=\"container\">\n\t\t\t\t\t<div class=\"e-con-inner\">\n\t\t\t\t<div class=\"elementor-element elementor-element-f2e039b elementor-widget elementor-widget-spacer\" data-id=\"f2e039b\" data-element_type=\"widget\" data-widget_type=\"spacer.default\">\n\t\t\t\t<div class=\"elementor-widget-container\">\n\t\t\t\t\t\t\t<div class=\"elementor-spacer\">\n\t\t\t<div class=\"elementor-spacer-inner\"><\/div>\n\t\t<\/div>\n\t\t\t\t\t\t<\/div>\n\t\t\t\t<\/div>\n\t\t\t\t\t<\/div>\n\t\t\t\t<\/div>\n\t\t<div class=\"elementor-element elementor-element-392ee38 e-flex e-con-boxed e-con e-parent\" data-id=\"392ee38\" data-element_type=\"container\">\n\t\t\t\t\t<div class=\"e-con-inner\">\n\t\t\t\t<div class=\"elementor-element elementor-element-9290389 elementor-invisible elementor-widget elementor-widget-heading\" data-id=\"9290389\" data-element_type=\"widget\" data-settings=\"{&quot;_animation&quot;:&quot;fadeInDown&quot;}\" data-widget_type=\"heading.default\">\n\t\t\t\t<div class=\"elementor-widget-container\">\n\t\t\t\t\t<h2 class=\"elementor-heading-title elementor-size-default\">Conhe\u00e7a <\/h2>\t\t\t\t<\/div>\n\t\t\t\t<\/div>\n\t\t\t\t<div class=\"elementor-element elementor-element-ef9c878 animated-slow elementor-invisible elementor-widget elementor-widget-heading\" data-id=\"ef9c878\" data-element_type=\"widget\" data-settings=\"{&quot;_animation&quot;:&quot;fadeInDown&quot;,&quot;_animation_delay&quot;:900}\" data-widget_type=\"heading.default\">\n\t\t\t\t<div class=\"elementor-widget-container\">\n\t\t\t\t\t<h2 class=\"elementor-heading-title elementor-size-default\">Nossa equipa<\/h2>\t\t\t\t<\/div>\n\t\t\t\t<\/div>\n\t\t\t\t<div class=\"elementor-element elementor-element-755c959 elementor-widget__width-initial elementor-widget elementor-widget-text-editor\" data-id=\"755c959\" data-element_type=\"widget\" data-widget_type=\"text-editor.default\">\n\t\t\t\t<div class=\"elementor-widget-container\">\n\t\t\t\t\t\t\t\t\t<p>A nossa equipa \u00e9 formada por profissionais apaixonados pelo chocolate, desde mestres chocolateiros a especialistas em inova\u00e7\u00e3o, todos dedicados a criar produtos de excel\u00eancia. Combinamos conhecimento artesanal com t\u00e9cnicas modernas para garantir que cada tablete oferece uma experi\u00eancia \u00fanica. Valorizamos a criatividade, o trabalho em equipa e o respeito pelas tradi\u00e7\u00f5es, mantendo o compromisso com a qualidade em cada detalhe. Na <strong data-start=\"432\" data-end=\"442\">Bistec<\/strong>, acreditamos que o segredo do verdadeiro chocolate n\u00e3o est\u00e1 apenas nos ingredientes, mas tamb\u00e9m nas pessoas que o fazem com dedica\u00e7\u00e3o todos os dias.<\/p>\t\t\t\t\t\t\t\t<\/div>\n\t\t\t\t<\/div>\n\t\t\t\t<div class=\"elementor-element elementor-element-0ed26af elementor-widget elementor-widget-spacer\" data-id=\"0ed26af\" data-element_type=\"widget\" data-widget_type=\"spacer.default\">\n\t\t\t\t<div class=\"elementor-widget-container\">\n\t\t\t\t\t\t\t<div class=\"elementor-spacer\">\n\t\t\t<div class=\"elementor-spacer-inner\"><\/div>\n\t\t<\/div>\n\t\t\t\t\t\t<\/div>\n\t\t\t\t<\/div>\n\t\t\t\t<div class=\"elementor-element elementor-element-130f327 elementor-widget__width-initial elementor-arrows-position-inside elementor-pagination-position-outside elementor-widget elementor-widget-image-carousel\" data-id=\"130f327\" data-element_type=\"widget\" data-settings=\"{&quot;slides_to_show&quot;:&quot;1&quot;,&quot;navigation&quot;:&quot;both&quot;,&quot;autoplay&quot;:&quot;yes&quot;,&quot;pause_on_hover&quot;:&quot;yes&quot;,&quot;pause_on_interaction&quot;:&quot;yes&quot;,&quot;autoplay_speed&quot;:5000,&quot;infinite&quot;:&quot;yes&quot;,&quot;effect&quot;:&quot;slide&quot;,&quot;speed&quot;:500}\" data-widget_type=\"image-carousel.default\">\n\t\t\t\t<div class=\"elementor-widget-container\">\n\t\t\t\t\t\t\t<div class=\"elementor-image-carousel-wrapper swiper\" role=\"region\" aria-roledescription=\"carousel\" aria-label=\"Carrossel de imagens\" dir=\"ltr\">\n\t\t\t<div class=\"elementor-image-carousel swiper-wrapper\" aria-live=\"off\">\n\t\t\t\t\t\t\t\t<div class=\"swiper-slide\" role=\"group\" aria-roledescription=\"slide\" aria-label=\"1 of 4\"><figure class=\"swiper-slide-inner\"><img decoding=\"async\" class=\"swiper-slide-image\" src=\"https:\/\/site.bistec.com.pt\/chocolate\/wp-content\/uploads\/2025\/03\/black-man-professional-chief-collects-tasty-melted-chocolate-from-vintage-marble-table-big-steel-pot-his-artisan-rustic-kitchen-with-industrial-retro-machines-1.webp\" alt=\"black-man-professional-chief-collects-tasty-melted-chocolate-from-vintage-marble-table-big-steel-pot-his-artisan-rustic-kitchen-with-industrial-retro-machines 1\" \/><\/figure><\/div><div class=\"swiper-slide\" role=\"group\" aria-roledescription=\"slide\" aria-label=\"2 of 4\"><figure class=\"swiper-slide-inner\"><img decoding=\"async\" class=\"swiper-slide-image\" src=\"https:\/\/site.bistec.com.pt\/chocolate\/wp-content\/uploads\/2025\/03\/pexels-cottonbro-4253297-1.webp\" alt=\"pexels-cottonbro-4253297 1\" \/><\/figure><\/div><div class=\"swiper-slide\" role=\"group\" aria-roledescription=\"slide\" aria-label=\"3 of 4\"><figure class=\"swiper-slide-inner\"><img decoding=\"async\" class=\"swiper-slide-image\" src=\"https:\/\/site.bistec.com.pt\/chocolate\/wp-content\/uploads\/2025\/03\/pexels-tim-douglas-6205481-1.webp\" alt=\"pexels-tim-douglas-6205481 1\" \/><\/figure><\/div><div class=\"swiper-slide\" role=\"group\" aria-roledescription=\"slide\" aria-label=\"4 of 4\"><figure class=\"swiper-slide-inner\"><img decoding=\"async\" class=\"swiper-slide-image\" src=\"https:\/\/site.bistec.com.pt\/chocolate\/wp-content\/uploads\/2025\/03\/pexels-kampus-5920630-1.webp\" alt=\"pexels-kampus-5920630 1\" \/><\/figure><\/div>\t\t\t<\/div>\n\t\t\t\t\t\t\t\t\t\t\t\t<div class=\"elementor-swiper-button elementor-swiper-button-prev\" role=\"button\" tabindex=\"0\">\n\t\t\t\t\t\t<svg aria-hidden=\"true\" class=\"e-font-icon-svg e-eicon-chevron-left\" viewBox=\"0 0 1000 1000\" xmlns=\"http:\/\/www.w3.org\/2000\/svg\"><path d=\"M646 125C629 125 613 133 604 142L308 442C296 454 292 471 292 487 292 504 296 521 308 533L604 854C617 867 629 875 646 875 663 875 679 871 692 858 704 846 713 829 713 812 713 796 708 779 692 767L438 487 692 225C700 217 708 204 708 187 708 171 704 154 692 142 675 129 663 125 646 125Z\"><\/path><\/svg>\t\t\t\t\t<\/div>\n\t\t\t\t\t<div class=\"elementor-swiper-button elementor-swiper-button-next\" role=\"button\" tabindex=\"0\">\n\t\t\t\t\t\t<svg aria-hidden=\"true\" class=\"e-font-icon-svg e-eicon-chevron-right\" viewBox=\"0 0 1000 1000\" xmlns=\"http:\/\/www.w3.org\/2000\/svg\"><path d=\"M696 533C708 521 713 504 713 487 713 471 708 454 696 446L400 146C388 133 375 125 354 125 338 125 325 129 313 142 300 154 292 171 292 187 292 204 296 221 308 233L563 492 304 771C292 783 288 800 288 817 288 833 296 850 308 863 321 871 338 875 354 875 371 875 388 867 400 854L696 533Z\"><\/path><\/svg>\t\t\t\t\t<\/div>\n\t\t\t\t\n\t\t\t\t\t\t\t\t\t<div class=\"swiper-pagination\"><\/div>\n\t\t\t\t\t\t\t\t\t<\/div>\n\t\t\t\t\t\t<\/div>\n\t\t\t\t<\/div>\n\t\t\t\t<div class=\"elementor-element elementor-element-6f7ce42 elementor-widget elementor-widget-spacer\" data-id=\"6f7ce42\" data-element_type=\"widget\" data-widget_type=\"spacer.default\">\n\t\t\t\t<div class=\"elementor-widget-container\">\n\t\t\t\t\t\t\t<div class=\"elementor-spacer\">\n\t\t\t<div class=\"elementor-spacer-inner\"><\/div>\n\t\t<\/div>\n\t\t\t\t\t\t<\/div>\n\t\t\t\t<\/div>\n\t\t\t\t\t<\/div>\n\t\t\t\t<\/div>\n\t\t\t\t<\/div>\n\t\t","protected":false},"excerpt":{"rendered":"<p>Mais do que chocolate, uma JORNADA DE SABOR A Bistec nasceu da paix\u00e3o pelo verdadeiro sabor do chocolate. Desde o in\u00edcio, o nosso objetivo foi sempre criar chocolates aut\u00eanticos, feitos com ingredientes selecionados e um processo artesanal que respeita cada detalhe, desde a escolha do cacau at\u00e9 \u00e0 experi\u00eancia final de degusta\u00e7\u00e3o. Combinamos tradi\u00e7\u00e3o e&#8230;<\/p>\n","protected":false},"author":1,"featured_media":0,"parent":0,"menu_order":0,"comment_status":"closed","ping_status":"closed","template":"","meta":{"_kad_post_transparent":"","_kad_post_title":"hide","_kad_post_layout":"fullwidth","_kad_post_sidebar_id":"","_kad_post_content_style":"unboxed","_kad_post_vertical_padding":"hide","_kad_post_feature":"hide","_kad_post_feature_position":"","_kad_post_header":false,"_kad_post_footer":false,"footnotes":""},"class_list":["post-79","page","type-page","status-publish","hentry"],"_links":{"self":[{"href":"https:\/\/site.bistec.com.pt\/chocolate\/wp-json\/wp\/v2\/pages\/79","targetHints":{"allow":["GET"]}}],"collection":[{"href":"https:\/\/site.bistec.com.pt\/chocolate\/wp-json\/wp\/v2\/pages"}],"about":[{"href":"https:\/\/site.bistec.com.pt\/chocolate\/wp-json\/wp\/v2\/types\/page"}],"author":[{"embeddable":true,"href":"https:\/\/site.bistec.com.pt\/chocolate\/wp-json\/wp\/v2\/users\/1"}],"replies":[{"embeddable":true,"href":"https:\/\/site.bistec.com.pt\/chocolate\/wp-json\/wp\/v2\/comments?post=79"}],"version-history":[{"count":37,"href":"https:\/\/site.bistec.com.pt\/chocolate\/wp-json\/wp\/v2\/pages\/79\/revisions"}],"predecessor-version":[{"id":618,"href":"https:\/\/site.bistec.com.pt\/chocolate\/wp-json\/wp\/v2\/pages\/79\/revisions\/618"}],"wp:attachment":[{"href":"https:\/\/site.bistec.com.pt\/chocolate\/wp-json\/wp\/v2\/media?parent=79"}],"curies":[{"name":"wp","href":"https:\/\/api.w.org\/{rel}","templated":true}]}}