{"id":63,"date":"2025-03-10T12:40:02","date_gmt":"2025-03-10T12:40:02","guid":{"rendered":"https:\/\/site.bistec.com.pt\/chocolate\/?page_id=63"},"modified":"2025-04-07T11:42:40","modified_gmt":"2025-04-07T11:42:40","slug":"home","status":"publish","type":"page","link":"https:\/\/site.bistec.com.pt\/chocolate\/","title":{"rendered":"Home"},"content":{"rendered":"\t\t<div data-elementor-type=\"wp-page\" data-elementor-id=\"63\" class=\"elementor elementor-63\" data-elementor-post-type=\"page\">\n\t\t\t\t<div class=\"elementor-element elementor-element-77862ff e-flex e-con-boxed e-con e-parent\" data-id=\"77862ff\" data-element_type=\"container\" data-settings=\"{&quot;background_background&quot;:&quot;video&quot;,&quot;background_video_link&quot;:&quot;https:\\\/\\\/youtu.be\\\/_QHnJk4F9D0&quot;,&quot;background_play_on_mobile&quot;:&quot;yes&quot;}\">\n\t\t\t\t\t<div class=\"e-con-inner\">\n\t\t<div class=\"elementor-background-video-container\">\n\t\t\t\t\t\t\t<div class=\"elementor-background-video-embed\"><\/div>\n\t\t\t\t\t\t<\/div>\t\t<div class=\"elementor-element elementor-element-b41d26a elementor-widget elementor-widget-heading\" data-id=\"b41d26a\" data-element_type=\"widget\" data-widget_type=\"heading.default\">\n\t\t\t\t<div class=\"elementor-widget-container\">\n\t\t\t\t\t<h2 class=\"elementor-heading-title elementor-size-default\">Bistec Chocolate<\/h2>\t\t\t\t<\/div>\n\t\t\t\t<\/div>\n\t\t\t\t\t<\/div>\n\t\t\t\t<\/div>\n\t\t<div class=\"elementor-element elementor-element-84861b3 e-flex e-con-boxed e-con e-parent\" data-id=\"84861b3\" data-element_type=\"container\">\n\t\t\t\t\t<div class=\"e-con-inner\">\n\t\t\t\t<div class=\"elementor-element elementor-element-fd997a9 elementor-widget elementor-widget-spacer\" data-id=\"fd997a9\" data-element_type=\"widget\" data-widget_type=\"spacer.default\">\n\t\t\t\t<div class=\"elementor-widget-container\">\n\t\t\t\t\t\t\t<div class=\"elementor-spacer\">\n\t\t\t<div class=\"elementor-spacer-inner\"><\/div>\n\t\t<\/div>\n\t\t\t\t\t\t<\/div>\n\t\t\t\t<\/div>\n\t\t\t\t\t<\/div>\n\t\t\t\t<\/div>\n\t\t<div class=\"elementor-element elementor-element-8e9308a e-flex e-con-boxed e-con e-parent\" data-id=\"8e9308a\" data-element_type=\"container\">\n\t\t\t\t\t<div class=\"e-con-inner\">\n\t\t\t\t<div class=\"elementor-element elementor-element-8e9ccf2 elementor-widget elementor-widget-heading\" data-id=\"8e9ccf2\" data-element_type=\"widget\" data-widget_type=\"heading.default\">\n\t\t\t\t<div class=\"elementor-widget-container\">\n\t\t\t\t\t<h2 class=\"elementor-heading-title elementor-size-default\">Conhe\u00e7a nossa<\/h2>\t\t\t\t<\/div>\n\t\t\t\t<\/div>\n\t\t\t\t<div class=\"elementor-element elementor-element-c91c8b7 elementor-widget elementor-widget-heading\" data-id=\"c91c8b7\" data-element_type=\"widget\" data-widget_type=\"heading.default\">\n\t\t\t\t<div class=\"elementor-widget-container\">\n\t\t\t\t\t<h2 class=\"elementor-heading-title elementor-size-default\">Hist\u00f3ria<\/h2>\t\t\t\t<\/div>\n\t\t\t\t<\/div>\n\t\t\t\t\t<\/div>\n\t\t\t\t<\/div>\n\t\t<div class=\"elementor-element elementor-element-fdc6a58 e-flex e-con-boxed e-con e-parent\" data-id=\"fdc6a58\" data-element_type=\"container\" data-settings=\"{&quot;background_background&quot;:&quot;classic&quot;}\">\n\t\t\t\t\t<div class=\"e-con-inner\">\n\t\t<div class=\"elementor-element elementor-element-6a73f88 e-con-full e-flex e-con e-child\" data-id=\"6a73f88\" data-element_type=\"container\">\n\t\t\t\t<div class=\"elementor-element elementor-element-82d84e0 elementor-widget elementor-widget-text-editor\" data-id=\"82d84e0\" data-element_type=\"widget\" data-widget_type=\"text-editor.default\">\n\t\t\t\t<div class=\"elementor-widget-container\">\n\t\t\t\t\t\t\t\t\t<p data-start=\"56\" data-end=\"267\">Tudo come\u00e7ou com a busca pelo equil\u00edbrio perfeito entre sabor e textura. Desde ent\u00e3o, a Bistec tem se dedicado a criar chocolates irresist\u00edveis, feitos com ingredientes selecionados e um toque de tradi\u00e7\u00e3o.<\/p><p data-start=\"269\" data-end=\"428\">Cada receita conta um pouco da nossa hist\u00f3ria e do compromisso com a qualidade. Quer saber mais sobre como transformamos cacau em experi\u00eancias inesquec\u00edveis?<\/p>\t\t\t\t\t\t\t\t<\/div>\n\t\t\t\t<\/div>\n\t\t\t\t<div class=\"elementor-element elementor-element-1c4bdf7 elementor-widget elementor-widget-button\" data-id=\"1c4bdf7\" data-element_type=\"widget\" data-widget_type=\"button.default\">\n\t\t\t\t<div class=\"elementor-widget-container\">\n\t\t\t\t\t\t\t\t\t<div class=\"elementor-button-wrapper\">\n\t\t\t\t\t<a class=\"elementor-button elementor-button-link elementor-size-sm elementor-animation-float\" href=\"https:\/\/site.bistec.com.pt\/chocolate\/sobre-nos\">\n\t\t\t\t\t\t<span class=\"elementor-button-content-wrapper\">\n\t\t\t\t\t\t\t\t\t<span class=\"elementor-button-text\">Sobre N\u00f3s<\/span>\n\t\t\t\t\t<\/span>\n\t\t\t\t\t<\/a>\n\t\t\t\t<\/div>\n\t\t\t\t\t\t\t\t<\/div>\n\t\t\t\t<\/div>\n\t\t\t\t<\/div>\n\t\t<div class=\"elementor-element elementor-element-0c357d3 e-con-full e-flex e-con e-child\" data-id=\"0c357d3\" data-element_type=\"container\">\n\t\t\t\t<div class=\"elementor-element elementor-element-a80d147 elementor-widget elementor-widget-image-carousel\" data-id=\"a80d147\" data-element_type=\"widget\" data-settings=\"{&quot;slides_to_show&quot;:&quot;1&quot;,&quot;navigation&quot;:&quot;none&quot;,&quot;autoplay_speed&quot;:4500,&quot;autoplay&quot;:&quot;yes&quot;,&quot;pause_on_hover&quot;:&quot;yes&quot;,&quot;infinite&quot;:&quot;yes&quot;,&quot;effect&quot;:&quot;slide&quot;,&quot;speed&quot;:500}\" data-widget_type=\"image-carousel.default\">\n\t\t\t\t<div class=\"elementor-widget-container\">\n\t\t\t\t\t\t\t<div class=\"elementor-image-carousel-wrapper swiper\" role=\"region\" aria-roledescription=\"carousel\" aria-label=\"Carrossel de imagens\" dir=\"ltr\">\n\t\t\t<div class=\"elementor-image-carousel swiper-wrapper swiper-image-stretch\" aria-live=\"off\">\n\t\t\t\t\t\t\t\t<div class=\"swiper-slide\" role=\"group\" aria-roledescription=\"slide\" aria-label=\"1 of 3\"><figure class=\"swiper-slide-inner\"><img decoding=\"async\" class=\"swiper-slide-image\" src=\"https:\/\/site.bistec.com.pt\/chocolate\/wp-content\/uploads\/2025\/04\/female-confectioner-with-chocolate-cake-pastry-shop-1-1.webp\" alt=\"female-confectioner-with-chocolate-cake-pastry-shop 1\" \/><\/figure><\/div><div class=\"swiper-slide\" role=\"group\" aria-roledescription=\"slide\" aria-label=\"2 of 3\"><figure class=\"swiper-slide-inner\"><img decoding=\"async\" class=\"swiper-slide-image\" src=\"https:\/\/site.bistec.com.pt\/chocolate\/wp-content\/uploads\/2025\/04\/full-shot-smiley-man-door-1-1.webp\" alt=\"full-shot-smiley-man-door 1\" \/><\/figure><\/div><div class=\"swiper-slide\" role=\"group\" aria-roledescription=\"slide\" aria-label=\"3 of 3\"><figure class=\"swiper-slide-inner\"><img decoding=\"async\" class=\"swiper-slide-image\" src=\"https:\/\/site.bistec.com.pt\/chocolate\/wp-content\/uploads\/2025\/04\/professional-chief-black-man-twist-tasty-melted-chocolate-big-steel-pot-before-making-chocolate-bars-1-1.webp\" alt=\"professional-chief-black-man-twist-tasty-melted-chocolate-big-steel-pot-before-making-chocolate-bars 1\" \/><\/figure><\/div>\t\t\t<\/div>\n\t\t\t\t\t\t\t\n\t\t\t\t\t\t\t\t\t<\/div>\n\t\t\t\t\t\t<\/div>\n\t\t\t\t<\/div>\n\t\t\t\t<\/div>\n\t\t\t\t\t<\/div>\n\t\t\t\t<\/div>\n\t\t<div class=\"elementor-element elementor-element-b9096b2 e-flex e-con-boxed e-con e-parent\" data-id=\"b9096b2\" data-element_type=\"container\">\n\t\t\t\t\t<div class=\"e-con-inner\">\n\t\t\t\t<div class=\"elementor-element elementor-element-815f48b elementor-widget elementor-widget-spacer\" data-id=\"815f48b\" data-element_type=\"widget\" data-widget_type=\"spacer.default\">\n\t\t\t\t<div class=\"elementor-widget-container\">\n\t\t\t\t\t\t\t<div class=\"elementor-spacer\">\n\t\t\t<div class=\"elementor-spacer-inner\"><\/div>\n\t\t<\/div>\n\t\t\t\t\t\t<\/div>\n\t\t\t\t<\/div>\n\t\t\t\t\t<\/div>\n\t\t\t\t<\/div>\n\t\t<div class=\"elementor-element elementor-element-342c384 e-flex e-con-boxed e-con e-parent\" data-id=\"342c384\" data-element_type=\"container\">\n\t\t\t\t\t<div class=\"e-con-inner\">\n\t\t\t\t<div class=\"elementor-element elementor-element-290ff32 elementor-widget elementor-widget-spacer\" data-id=\"290ff32\" data-element_type=\"widget\" data-widget_type=\"spacer.default\">\n\t\t\t\t<div class=\"elementor-widget-container\">\n\t\t\t\t\t\t\t<div class=\"elementor-spacer\">\n\t\t\t<div class=\"elementor-spacer-inner\"><\/div>\n\t\t<\/div>\n\t\t\t\t\t\t<\/div>\n\t\t\t\t<\/div>\n\t\t\t\t\t<\/div>\n\t\t\t\t<\/div>\n\t\t<div class=\"elementor-element elementor-element-56adc7d e-flex e-con-boxed e-con e-parent\" data-id=\"56adc7d\" data-element_type=\"container\" data-settings=\"{&quot;background_background&quot;:&quot;classic&quot;}\">\n\t\t\t\t\t<div class=\"e-con-inner\">\n\t\t<div class=\"elementor-element elementor-element-9d5a151 e-con-full e-flex e-con e-child\" data-id=\"9d5a151\" data-element_type=\"container\">\n\t\t\t\t<div class=\"elementor-element elementor-element-7532019 elementor-widget elementor-widget-image\" data-id=\"7532019\" data-element_type=\"widget\" data-widget_type=\"image.default\">\n\t\t\t\t<div class=\"elementor-widget-container\">\n\t\t\t\t\t\t\t\t\t\t\t\t\t\t\t<img fetchpriority=\"high\" decoding=\"async\" width=\"1024\" height=\"708\" src=\"https:\/\/site.bistec.com.pt\/chocolate\/wp-content\/uploads\/2025\/04\/waiter-adjusts-banquet-table-with-sweets-1024x708.webp\" class=\"attachment-large size-large wp-image-541\" alt=\"\" srcset=\"https:\/\/site.bistec.com.pt\/chocolate\/wp-content\/uploads\/2025\/04\/waiter-adjusts-banquet-table-with-sweets-1024x708.webp 1024w, https:\/\/site.bistec.com.pt\/chocolate\/wp-content\/uploads\/2025\/04\/waiter-adjusts-banquet-table-with-sweets-300x208.webp 300w, https:\/\/site.bistec.com.pt\/chocolate\/wp-content\/uploads\/2025\/04\/waiter-adjusts-banquet-table-with-sweets-768x531.webp 768w, https:\/\/site.bistec.com.pt\/chocolate\/wp-content\/uploads\/2025\/04\/waiter-adjusts-banquet-table-with-sweets-1536x1063.webp 1536w, https:\/\/site.bistec.com.pt\/chocolate\/wp-content\/uploads\/2025\/04\/waiter-adjusts-banquet-table-with-sweets-2048x1417.webp 2048w, https:\/\/site.bistec.com.pt\/chocolate\/wp-content\/uploads\/2025\/04\/waiter-adjusts-banquet-table-with-sweets-600x415.webp 600w\" sizes=\"(max-width: 1024px) 100vw, 1024px\" \/>\t\t\t\t\t\t\t\t\t\t\t\t\t\t\t<\/div>\n\t\t\t\t<\/div>\n\t\t\t\t<div class=\"elementor-element elementor-element-7873ba9 elementor-widget elementor-widget-spacer\" data-id=\"7873ba9\" data-element_type=\"widget\" data-widget_type=\"spacer.default\">\n\t\t\t\t<div class=\"elementor-widget-container\">\n\t\t\t\t\t\t\t<div class=\"elementor-spacer\">\n\t\t\t<div class=\"elementor-spacer-inner\"><\/div>\n\t\t<\/div>\n\t\t\t\t\t\t<\/div>\n\t\t\t\t<\/div>\n\t\t\t\t<div class=\"elementor-element elementor-element-decb9e8 elementor-invisible elementor-widget elementor-widget-heading\" data-id=\"decb9e8\" data-element_type=\"widget\" data-settings=\"{&quot;_animation&quot;:&quot;fadeInDown&quot;}\" data-widget_type=\"heading.default\">\n\t\t\t\t<div class=\"elementor-widget-container\">\n\t\t\t\t\t<h2 class=\"elementor-heading-title elementor-size-default\">Para todos os momentos, um<\/h2>\t\t\t\t<\/div>\n\t\t\t\t<\/div>\n\t\t\t\t<div class=\"elementor-element elementor-element-7a79227 animated-slow elementor-invisible elementor-widget elementor-widget-heading\" data-id=\"7a79227\" data-element_type=\"widget\" data-settings=\"{&quot;_animation&quot;:&quot;fadeInDown&quot;,&quot;_animation_delay&quot;:900}\" data-widget_type=\"heading.default\">\n\t\t\t\t<div class=\"elementor-widget-container\">\n\t\t\t\t\t<h2 class=\"elementor-heading-title elementor-size-default\">SABOR ESPECIAL\n\n<\/h2>\t\t\t\t<\/div>\n\t\t\t\t<\/div>\n\t\t\t\t<div class=\"elementor-element elementor-element-b04819d elementor-widget elementor-widget-text-editor\" data-id=\"b04819d\" data-element_type=\"widget\" data-widget_type=\"text-editor.default\">\n\t\t\t\t<div class=\"elementor-widget-container\">\n\t\t\t\t\t\t\t\t\t<p>Existem sabores que nos acompanham em momentos simples, e outros que marcam ocasi\u00f5es para recordar. Os nossos chocolates artesanais foram pensados para ambos. Criados com mat\u00e9rias-primas cuidadosamente seleccionadas, cada produto \u00e9 uma combina\u00e7\u00e3o \u00fanica de paix\u00e3o e exelencia. Descubra os nossos produtos e permita-se viver cada momento com mais intensidade, mais do\u00e7ura&#8230; e sempre com um sabor especial. Conhe\u00e7a nossa loja!<\/p>\t\t\t\t\t\t\t\t<\/div>\n\t\t\t\t<\/div>\n\t\t\t\t<\/div>\n\t\t\t\t<div class=\"elementor-element elementor-element-bcd25f9 elementor-widget elementor-widget-button\" data-id=\"bcd25f9\" data-element_type=\"widget\" data-widget_type=\"button.default\">\n\t\t\t\t<div class=\"elementor-widget-container\">\n\t\t\t\t\t\t\t\t\t<div class=\"elementor-button-wrapper\">\n\t\t\t\t\t<a class=\"elementor-button elementor-button-link elementor-size-sm elementor-animation-float\" href=\"https:\/\/site.bistec.com.pt\/chocolate\/loja\">\n\t\t\t\t\t\t<span class=\"elementor-button-content-wrapper\">\n\t\t\t\t\t\t\t\t\t<span class=\"elementor-button-text\">Chocolates<\/span>\n\t\t\t\t\t<\/span>\n\t\t\t\t\t<\/a>\n\t\t\t\t<\/div>\n\t\t\t\t\t\t\t\t<\/div>\n\t\t\t\t<\/div>\n\t\t\t\t\t<\/div>\n\t\t\t\t<\/div>\n\t\t<div class=\"elementor-element elementor-element-6c2b909 e-flex e-con-boxed e-con e-parent\" data-id=\"6c2b909\" data-element_type=\"container\">\n\t\t\t\t\t<div class=\"e-con-inner\">\n\t\t\t\t<div class=\"elementor-element elementor-element-a400e46 elementor-widget elementor-widget-spacer\" data-id=\"a400e46\" data-element_type=\"widget\" data-widget_type=\"spacer.default\">\n\t\t\t\t<div class=\"elementor-widget-container\">\n\t\t\t\t\t\t\t<div class=\"elementor-spacer\">\n\t\t\t<div class=\"elementor-spacer-inner\"><\/div>\n\t\t<\/div>\n\t\t\t\t\t\t<\/div>\n\t\t\t\t<\/div>\n\t\t\t\t\t<\/div>\n\t\t\t\t<\/div>\n\t\t<div class=\"elementor-element elementor-element-adf6dae e-flex e-con-boxed e-con e-parent\" data-id=\"adf6dae\" data-element_type=\"container\">\n\t\t\t\t\t<div class=\"e-con-inner\">\n\t\t<div class=\"elementor-element elementor-element-85681b4 e-con-full e-flex e-con e-child\" data-id=\"85681b4\" data-element_type=\"container\">\n\t\t\t\t<div class=\"elementor-element elementor-element-1349794 animated-slow elementor-invisible elementor-widget elementor-widget-image\" data-id=\"1349794\" data-element_type=\"widget\" data-settings=\"{&quot;_animation&quot;:&quot;fadeInDown&quot;}\" data-widget_type=\"image.default\">\n\t\t\t\t<div class=\"elementor-widget-container\">\n\t\t\t\t\t\t\t\t\t\t\t\t\t\t\t<img decoding=\"async\" width=\"241\" height=\"478\" src=\"https:\/\/site.bistec.com.pt\/chocolate\/wp-content\/uploads\/2025\/04\/1ec697d0-812f-4f0b-90f3-1e7ac00f3fa8-removebg-preview-e1743777924570.webp\" class=\"attachment-large size-large wp-image-560\" alt=\"\" srcset=\"https:\/\/site.bistec.com.pt\/chocolate\/wp-content\/uploads\/2025\/04\/1ec697d0-812f-4f0b-90f3-1e7ac00f3fa8-removebg-preview-e1743777924570.webp 241w, https:\/\/site.bistec.com.pt\/chocolate\/wp-content\/uploads\/2025\/04\/1ec697d0-812f-4f0b-90f3-1e7ac00f3fa8-removebg-preview-e1743777924570-151x300.webp 151w\" sizes=\"(max-width: 241px) 100vw, 241px\" \/>\t\t\t\t\t\t\t\t\t\t\t\t\t\t\t<\/div>\n\t\t\t\t<\/div>\n\t\t\t\t<\/div>\n\t\t<div class=\"elementor-element elementor-element-8ebdc3b e-con-full e-flex e-con e-child\" data-id=\"8ebdc3b\" data-element_type=\"container\">\n\t\t\t\t<div class=\"elementor-element elementor-element-9e93399 elementor-widget elementor-widget-heading\" data-id=\"9e93399\" data-element_type=\"widget\" data-widget_type=\"heading.default\">\n\t\t\t\t<div class=\"elementor-widget-container\">\n\t\t\t\t\t<h2 class=\"elementor-heading-title elementor-size-default\">A diferen\u00e7a est\u00e1 na<\/h2>\t\t\t\t<\/div>\n\t\t\t\t<\/div>\n\t\t\t\t<div class=\"elementor-element elementor-element-abf8696 elementor-widget elementor-widget-heading\" data-id=\"abf8696\" data-element_type=\"widget\" data-widget_type=\"heading.default\">\n\t\t\t\t<div class=\"elementor-widget-container\">\n\t\t\t\t\t<h2 class=\"elementor-heading-title elementor-size-default\">Qualidade<\/h2>\t\t\t\t<\/div>\n\t\t\t\t<\/div>\n\t\t\t\t<div class=\"elementor-element elementor-element-4eb509e elementor-widget elementor-widget-text-editor\" data-id=\"4eb509e\" data-element_type=\"widget\" data-widget_type=\"text-editor.default\">\n\t\t\t\t<div class=\"elementor-widget-container\">\n\t\t\t\t\t\t\t\t\t<p>Desde a sele\u00e7\u00e3o criteriosa dos ingredientes at\u00e9 \u00e0 forma artesanal como trabalhamos cada chocolate. Utilizamos apenas mat\u00e9rias-primas de excel\u00eancia, respeitando o sabor, a textura e a autenticidade que tornam cada pe\u00e7a \u00fanica. N\u00e3o seguimos atalhos: seguimos princ\u00edpios. \u00c9 este compromisso com a qualidade que transforma o simples acto de saborear num momento verdadeiramente especial.<\/p>\t\t\t\t\t\t\t\t<\/div>\n\t\t\t\t<\/div>\n\t\t\t\t<\/div>\n\t\t\t\t\t<\/div>\n\t\t\t\t<\/div>\n\t\t<div class=\"elementor-element elementor-element-4da5105 e-flex e-con-boxed e-con e-parent\" data-id=\"4da5105\" data-element_type=\"container\">\n\t\t\t\t\t<div class=\"e-con-inner\">\n\t\t\t\t<div class=\"elementor-element elementor-element-f75b58e elementor-widget elementor-widget-spacer\" data-id=\"f75b58e\" data-element_type=\"widget\" data-widget_type=\"spacer.default\">\n\t\t\t\t<div class=\"elementor-widget-container\">\n\t\t\t\t\t\t\t<div class=\"elementor-spacer\">\n\t\t\t<div class=\"elementor-spacer-inner\"><\/div>\n\t\t<\/div>\n\t\t\t\t\t\t<\/div>\n\t\t\t\t<\/div>\n\t\t\t\t\t<\/div>\n\t\t\t\t<\/div>\n\t\t<div class=\"elementor-element elementor-element-346d568 e-flex e-con-boxed e-con e-parent\" data-id=\"346d568\" data-element_type=\"container\">\n\t\t\t\t\t<div class=\"e-con-inner\">\n\t\t\t\t<div class=\"elementor-element elementor-element-d84e4d6 elementor-invisible elementor-widget elementor-widget-heading\" data-id=\"d84e4d6\" data-element_type=\"widget\" data-settings=\"{&quot;_animation&quot;:&quot;fadeInDown&quot;}\" data-widget_type=\"heading.default\">\n\t\t\t\t<div class=\"elementor-widget-container\">\n\t\t\t\t\t<h2 class=\"elementor-heading-title elementor-size-default\">Estamos \u00e0 espera do seu\n<\/h2>\t\t\t\t<\/div>\n\t\t\t\t<\/div>\n\t\t\t\t<div class=\"elementor-element elementor-element-9001573 animated-slow elementor-invisible elementor-widget elementor-widget-heading\" data-id=\"9001573\" data-element_type=\"widget\" data-settings=\"{&quot;_animation&quot;:&quot;fadeInDown&quot;,&quot;_animation_delay&quot;:900}\" data-widget_type=\"heading.default\">\n\t\t\t\t<div class=\"elementor-widget-container\">\n\t\t\t\t\t<h2 class=\"elementor-heading-title elementor-size-default\">Contacto<\/h2>\t\t\t\t<\/div>\n\t\t\t\t<\/div>\n\t\t\t\t<div class=\"elementor-element elementor-element-f546f24 elementor-widget elementor-widget-text-editor\" data-id=\"f546f24\" data-element_type=\"widget\" data-widget_type=\"text-editor.default\">\n\t\t\t\t<div class=\"elementor-widget-container\">\n\t\t\t\t\t\t\t\t\t<p class=\"\" data-start=\"154\" data-end=\"526\">Estamos \u00e0 espera do seu <strong data-start=\"178\" data-end=\"190\">contacto<\/strong> para partilhar consigo o sabor, a dedica\u00e7\u00e3o e a hist\u00f3ria por tr\u00e1s de cada um dos nossos produtos. Seja para esclarecer d\u00favidas, fazer uma encomenda personalizada ou simplesmente conhecer melhor o nosso trabalho, teremos todo o gosto em conversar consigo. Fale connosco e descubra um atendimento pr\u00f3ximo, atencioso e feito \u00e0 sua medida.<\/p>\t\t\t\t\t\t\t\t<\/div>\n\t\t\t\t<\/div>\n\t\t\t\t<div class=\"elementor-element elementor-element-4012811 elementor-align-center elementor-widget elementor-widget-button\" data-id=\"4012811\" data-element_type=\"widget\" data-widget_type=\"button.default\">\n\t\t\t\t<div class=\"elementor-widget-container\">\n\t\t\t\t\t\t\t\t\t<div class=\"elementor-button-wrapper\">\n\t\t\t\t\t<a class=\"elementor-button elementor-button-link elementor-size-sm elementor-animation-float\" href=\"https:\/\/site.bistec.com.pt\/chocolate\/contacto\">\n\t\t\t\t\t\t<span class=\"elementor-button-content-wrapper\">\n\t\t\t\t\t\t\t\t\t<span class=\"elementor-button-text\">Entre em contacto<\/span>\n\t\t\t\t\t<\/span>\n\t\t\t\t\t<\/a>\n\t\t\t\t<\/div>\n\t\t\t\t\t\t\t\t<\/div>\n\t\t\t\t<\/div>\n\t\t\t\t\t<\/div>\n\t\t\t\t<\/div>\n\t\t<div class=\"elementor-element elementor-element-f711fb3 e-flex e-con-boxed e-con e-parent\" data-id=\"f711fb3\" data-element_type=\"container\">\n\t\t\t\t\t<div class=\"e-con-inner\">\n\t\t\t\t<div class=\"elementor-element elementor-element-51ed1b0 elementor-widget elementor-widget-spacer\" data-id=\"51ed1b0\" data-element_type=\"widget\" data-widget_type=\"spacer.default\">\n\t\t\t\t<div class=\"elementor-widget-container\">\n\t\t\t\t\t\t\t<div class=\"elementor-spacer\">\n\t\t\t<div class=\"elementor-spacer-inner\"><\/div>\n\t\t<\/div>\n\t\t\t\t\t\t<\/div>\n\t\t\t\t<\/div>\n\t\t\t\t\t<\/div>\n\t\t\t\t<\/div>\n\t\t\t\t<\/div>\n\t\t","protected":false},"excerpt":{"rendered":"<p>Bistec Chocolate Conhe\u00e7a nossa Hist\u00f3ria Tudo come\u00e7ou com a busca pelo equil\u00edbrio perfeito entre sabor e textura. Desde ent\u00e3o, a Bistec tem se dedicado a criar chocolates irresist\u00edveis, feitos com ingredientes selecionados e um toque de tradi\u00e7\u00e3o. Cada receita conta um pouco da nossa hist\u00f3ria e do compromisso com a qualidade. Quer saber mais sobre&#8230;<\/p>\n","protected":false},"author":1,"featured_media":0,"parent":0,"menu_order":0,"comment_status":"closed","ping_status":"closed","template":"","meta":{"_kad_post_transparent":"","_kad_post_title":"hide","_kad_post_layout":"fullwidth","_kad_post_sidebar_id":"","_kad_post_content_style":"unboxed","_kad_post_vertical_padding":"hide","_kad_post_feature":"hide","_kad_post_feature_position":"","_kad_post_header":false,"_kad_post_footer":false,"footnotes":""},"class_list":["post-63","page","type-page","status-publish","hentry"],"_links":{"self":[{"href":"https:\/\/site.bistec.com.pt\/chocolate\/wp-json\/wp\/v2\/pages\/63","targetHints":{"allow":["GET"]}}],"collection":[{"href":"https:\/\/site.bistec.com.pt\/chocolate\/wp-json\/wp\/v2\/pages"}],"about":[{"href":"https:\/\/site.bistec.com.pt\/chocolate\/wp-json\/wp\/v2\/types\/page"}],"author":[{"embeddable":true,"href":"https:\/\/site.bistec.com.pt\/chocolate\/wp-json\/wp\/v2\/users\/1"}],"replies":[{"embeddable":true,"href":"https:\/\/site.bistec.com.pt\/chocolate\/wp-json\/wp\/v2\/comments?post=63"}],"version-history":[{"count":214,"href":"https:\/\/site.bistec.com.pt\/chocolate\/wp-json\/wp\/v2\/pages\/63\/revisions"}],"predecessor-version":[{"id":608,"href":"https:\/\/site.bistec.com.pt\/chocolate\/wp-json\/wp\/v2\/pages\/63\/revisions\/608"}],"wp:attachment":[{"href":"https:\/\/site.bistec.com.pt\/chocolate\/wp-json\/wp\/v2\/media?parent=63"}],"curies":[{"name":"wp","href":"https:\/\/api.w.org\/{rel}","templated":true}]}}